{"id":10,"date":"2019-09-10T13:09:58","date_gmt":"2019-09-10T11:09:58","guid":{"rendered":"https:\/\/www.siliceysalud.es\/?page_id=10"},"modified":"2024-10-28T15:25:41","modified_gmt":"2024-10-28T14:25:41","slug":"presentacion","status":"publish","type":"page","link":"https:\/\/www.siliceysalud.es\/index.php\/acerca-de\/presentacion\/","title":{"rendered":"Presentaci\u00f3n"},"content":{"rendered":"<p><div class=\"fusion-fullwidth fullwidth-box fusion-builder-row-1 hundred-percent-fullwidth non-hundred-percent-height-scrolling\" style=\"--awb-border-radius-top-left:0px;--awb-border-radius-top-right:0px;--awb-border-radius-bottom-right:0px;--awb-border-radius-bottom-left:0px;--awb-padding-right:0px;--awb-padding-left:0px;--awb-flex-wrap:wrap;\" ><div class=\"fusion-builder-row fusion-row\"><div class=\"fusion-layout-column fusion_builder_column fusion-builder-column-0 fusion_builder_column_1_1 1_1 fusion-one-full fusion-column-first fusion-column-last\" style=\"--awb-bg-size:cover;\"><div class=\"fusion-column-wrapper fusion-column-has-shadow fusion-flex-column-wrapper-legacy\"><div class=\"fusion-image-element in-legacy-container\" style=\"--awb-caption-title-font-family:var(--h2_typography-font-family);--awb-caption-title-font-weight:var(--h2_typography-font-weight);--awb-caption-title-font-style:var(--h2_typography-font-style);--awb-caption-title-size:var(--h2_typography-font-size);--awb-caption-title-transform:var(--h2_typography-text-transform);--awb-caption-title-line-height:var(--h2_typography-line-height);--awb-caption-title-letter-spacing:var(--h2_typography-letter-spacing);\"><span class=\" fusion-imageframe imageframe-none imageframe-1 hover-type-zoomout\"><img decoding=\"async\" width=\"1920\" height=\"523\" title=\"presentacion\" src=\"https:\/\/www.siliceysalud.es\/wp-content\/uploads\/2019\/10\/presentacion-1.jpg\" alt class=\"img-responsive wp-image-2135\" srcset=\"https:\/\/www.siliceysalud.es\/wp-content\/uploads\/2019\/10\/presentacion-1-200x54.jpg 200w, https:\/\/www.siliceysalud.es\/wp-content\/uploads\/2019\/10\/presentacion-1-400x109.jpg 400w, https:\/\/www.siliceysalud.es\/wp-content\/uploads\/2019\/10\/presentacion-1-600x163.jpg 600w, https:\/\/www.siliceysalud.es\/wp-content\/uploads\/2019\/10\/presentacion-1-800x218.jpg 800w, https:\/\/www.siliceysalud.es\/wp-content\/uploads\/2019\/10\/presentacion-1-1200x327.jpg 1200w, https:\/\/www.siliceysalud.es\/wp-content\/uploads\/2019\/10\/presentacion-1.jpg 1920w\" sizes=\"(max-width: 800px) 100vw, 1200px\" \/><\/span><\/div><div class=\"fusion-clearfix\"><\/div><\/div><\/div><\/div><\/div><div class=\"fusion-fullwidth fullwidth-box fusion-builder-row-2 nonhundred-percent-fullwidth non-hundred-percent-height-scrolling\" style=\"--awb-border-radius-top-left:0px;--awb-border-radius-top-right:0px;--awb-border-radius-bottom-right:0px;--awb-border-radius-bottom-left:0px;--awb-flex-wrap:wrap;\" ><div class=\"fusion-builder-row fusion-row\"><div class=\"fusion-layout-column fusion_builder_column fusion-builder-column-1 fusion_builder_column_1_1 1_1 fusion-one-full fusion-column-first fusion-column-last\" style=\"--awb-bg-size:cover;\"><div class=\"fusion-column-wrapper fusion-column-has-shadow fusion-flex-column-wrapper-legacy\"><div class=\"fusion-text fusion-text-1\"><p style=\"text-align: justify;\"><span style=\"font-family: helvetica, arial, sans-serif; font-size: 14pt;\">S\u00edlice y Salud es una web de referencia para informar y promover el cumplimiento de la normativa en el \u00e1mbito de actuaci\u00f3n del polvo y la s\u00edlice, aportando cuantos recursos pudieran ser de gran inter\u00e9s para la informaci\u00f3n de toda la estructura organizativa de la empresa en materia de prevenci\u00f3n de riesgos laborales, as\u00ed como el cumplimiento eficaz de las obligaciones en materia preventiva, y buenas pr\u00e1cticas aplicadas.<\/span><\/p>\n<p style=\"text-align: justify;\"><span style=\"font-family: helvetica, arial, sans-serif; font-size: 14pt;\">Uno de los ejes prioritarios de actuaci\u00f3n es la mejora de la condiciones de seguridad y salud en el trabajo dentro de la industria extractiva: divulgando la necesidad de introducir la PRL en la planificaci\u00f3n de las explotaciones y en la organizaci\u00f3n del trabajo, fomentando la puesta en pr\u00e1ctica de medidas preventivas, colaborando en la obtenci\u00f3n de un marco legal homog\u00e9neo, todo ello para alcanzar un mejor cumplimiento de la <a href=\"https:\/\/www.boe.es\/eli\/es\/l\/1995\/11\/08\/31\/con\">LPRL<\/a>.<\/span><\/p>\n<p style=\"text-align: justify;\"><span style=\"font-family: helvetica, arial, sans-serif; font-size: 14pt;\">La web esta destinada para ayudar a las empresas, trabajadores y representantes de estos de la industria extractiva, as\u00ed como, a servicios de prevenci\u00f3n t\u00e9cnicos de la administraci\u00f3n y cualquier persona que est\u00e9 interesada o tenga ciertas funciones y\/o responsabilidades para mejorar las condiciones de trabajo en relaci\u00f3n al polvo de s\u00edlice cristalina respirable.<\/span><\/p>\n<p style=\"text-align: justify;\"><span style=\"font-family: helvetica, arial, sans-serif; font-size: 14pt;\">La ejecuci\u00f3n de la presente web tiene el apoyo de las organizaciones que forman parte de <a href=\"https:\/\/primigea.es\/\">PRIMIGEA<\/a>.<\/span><\/p>\n<p style=\"text-align: justify;\"><span style=\"font-family: helvetica, arial, sans-serif; font-size: 14pt;\">Si quieres saber m\u00e1s de este proyecto, <a href=\"https:\/\/www.siliceysalud.es\/index.php\/comunicacion\/contacto\/\">contacta con nosotros<\/a>, o bien <a href=\"https:\/\/www.siliceysalud.es\/index.php\/comunicacion\/ayudanos-a-mejorar\/\">comparte contenidos<\/a> que desees que incluyamos o actualicemos.<\/span><\/p>\n<\/div><div class=\"fusion-clearfix\"><\/div><\/div><\/div><\/div><\/div><div class=\"fusion-fullwidth fullwidth-box fusion-builder-row-3 nonhundred-percent-fullwidth non-hundred-percent-height-scrolling\" style=\"--awb-border-radius-top-left:0px;--awb-border-radius-top-right:0px;--awb-border-radius-bottom-right:0px;--awb-border-radius-bottom-left:0px;--awb-flex-wrap:wrap;\" ><div class=\"fusion-builder-row fusion-row\"><div class=\"fusion-layout-column fusion_builder_column fusion-builder-column-2 fusion_builder_column_1_1 1_1 fusion-one-full fusion-column-first fusion-column-last\" style=\"--awb-bg-size:cover;\"><div class=\"fusion-column-wrapper fusion-column-has-shadow fusion-flex-column-wrapper-legacy\"><div class=\"fusion-text fusion-text-2\"><table style=\"border-collapse: collapse; width: 100%;\">\n<tbody>\n<tr>\n<td style=\"width: 2.39808%; text-align: left;\"><span style=\"font-family: helvetica, arial, sans-serif; font-size: 14pt;\"><i class=\"fb-icon-element-1 fb-icon-element fontawesome-icon fa-angle-double-right fas circle-yes fusion-text-flow\" style=\"--awb-circlecolor:#00098b;--awb-circlecolor-hover:#00098b;--awb-circlebordercolor:#6caae4;--awb-circlebordercolor-hover:#6caae4;--awb-circlebordersize:1px;--awb-font-size:17.6px;--awb-width:35.2px;--awb-height:35.2px;--awb-line-height:33.2px;--awb-margin-right:10px;\"><\/i><\/span><\/td>\n<td style=\"width: 97.6019%;\"><span style=\"font-size: 12pt;\"><a href=\"https:\/\/www.siliceysalud.es\/\"><strong><span style=\"font-family: helvetica, arial, sans-serif;\">Vuelve al men\u00fa principal<\/span><\/strong><\/a><\/span><\/td>\n<\/tr>\n<\/tbody>\n<\/table>\n<\/div><div class=\"fusion-clearfix\"><\/div><\/div><\/div><\/div><\/div><\/p>\n","protected":false},"excerpt":{"rendered":"","protected":false},"author":1,"featured_media":0,"parent":7,"menu_order":0,"comment_status":"closed","ping_status":"closed","template":"100-width.php","meta":{"_exactmetrics_skip_tracking":false,"_exactmetrics_sitenote_active":false,"_exactmetrics_sitenote_note":"","_exactmetrics_sitenote_category":0,"footnotes":""},"class_list":["post-10","page","type-page","status-publish","hentry"],"_links":{"self":[{"href":"https:\/\/www.siliceysalud.es\/index.php\/wp-json\/wp\/v2\/pages\/10","targetHints":{"allow":["GET"]}}],"collection":[{"href":"https:\/\/www.siliceysalud.es\/index.php\/wp-json\/wp\/v2\/pages"}],"about":[{"href":"https:\/\/www.siliceysalud.es\/index.php\/wp-json\/wp\/v2\/types\/page"}],"author":[{"embeddable":true,"href":"https:\/\/www.siliceysalud.es\/index.php\/wp-json\/wp\/v2\/users\/1"}],"replies":[{"embeddable":true,"href":"https:\/\/www.siliceysalud.es\/index.php\/wp-json\/wp\/v2\/comments?post=10"}],"version-history":[{"count":12,"href":"https:\/\/www.siliceysalud.es\/index.php\/wp-json\/wp\/v2\/pages\/10\/revisions"}],"predecessor-version":[{"id":3263,"href":"https:\/\/www.siliceysalud.es\/index.php\/wp-json\/wp\/v2\/pages\/10\/revisions\/3263"}],"up":[{"embeddable":true,"href":"https:\/\/www.siliceysalud.es\/index.php\/wp-json\/wp\/v2\/pages\/7"}],"wp:attachment":[{"href":"https:\/\/www.siliceysalud.es\/index.php\/wp-json\/wp\/v2\/media?parent=10"}],"curies":[{"name":"wp","href":"https:\/\/api.w.org\/{rel}","templated":true}]}}