{"id":102,"date":"2019-09-11T13:10:15","date_gmt":"2019-09-11T11:10:15","guid":{"rendered":"https:\/\/www.siliceysalud.es\/?page_id=102"},"modified":"2023-10-20T11:25:32","modified_gmt":"2023-10-20T09:25:32","slug":"equipo-de-muestreo","status":"publish","type":"page","link":"https:\/\/www.siliceysalud.es\/index.php\/evaluacion-de-riesgos\/medicion\/equipo-de-muestreo\/","title":{"rendered":"Equipo de muestreo"},"content":{"rendered":"<p><div class=\"fusion-fullwidth fullwidth-box fusion-builder-row-1 nonhundred-percent-fullwidth non-hundred-percent-height-scrolling\" style=\"--awb-border-radius-top-left:0px;--awb-border-radius-top-right:0px;--awb-border-radius-bottom-right:0px;--awb-border-radius-bottom-left:0px;--awb-flex-wrap:wrap;\" ><div class=\"fusion-builder-row fusion-row\"><div class=\"fusion-layout-column fusion_builder_column fusion-builder-column-0 fusion_builder_column_1_1 1_1 fusion-one-full fusion-column-first fusion-column-last\" style=\"--awb-bg-size:cover;--awb-margin-bottom:0px;\"><div class=\"fusion-column-wrapper fusion-flex-column-wrapper-legacy\"><div class=\"fusion-text fusion-text-1\"><p style=\"text-align: justify;\"><span style=\"font-family: helvetica, arial, sans-serif; font-size: 14pt;\">El equipo de muestreo debe de constar de un sistema de clasificaci\u00f3n de part\u00edculas capaz de retener el tama\u00f1o de fracci\u00f3n respirable y una bomba de aspiraci\u00f3n que asegure el correcto funcionamiento del sistema clasificador.<\/span><\/p>\n<p style=\"text-align: justify;\"><span style=\"font-family: helvetica, arial, sans-serif; font-size: 14pt;\">Los elementos principales del sistema de muestreo son los siguientes:<\/span><\/p>\n<ul style=\"list-style-type: disc;\">\n<li style=\"text-align: justify;\"><strong><span style=\"font-family: helvetica, arial, sans-serif; font-size: 14pt;\">Bomba de <\/span><span style=\"font-family: helvetica, arial, sans-serif; font-size: 14pt;\">aspiraci\u00f3n: <\/span><\/strong><span style=\"font-family: helvetica, arial, sans-serif; font-size: 14pt;\">Dispositivo encargado de aspirar aire con el objetivo de captar el polvo existente. <\/span><\/li>\n<\/ul>\n<ul style=\"list-style-type: disc;\">\n<li><span style=\"font-family: helvetica, arial, sans-serif;\"><span style=\"font-size: 14pt;\"><strong>Muestreador<\/strong>: Cicl\u00f3n colocado en la zona de respiraci\u00f3n del trabajador a evaluar su exposici\u00f3n y que incluye en su interior un filtro<\/span>.<\/span><\/li>\n<\/ul>\n<\/div><div class=\"fusion-clearfix\"><\/div><\/div><\/div><\/div><\/div><div class=\"fusion-fullwidth fullwidth-box fusion-builder-row-2 nonhundred-percent-fullwidth non-hundred-percent-height-scrolling\" style=\"--awb-border-radius-top-left:0px;--awb-border-radius-top-right:0px;--awb-border-radius-bottom-right:0px;--awb-border-radius-bottom-left:0px;--awb-flex-wrap:wrap;\" ><div class=\"fusion-builder-row fusion-row\"><div class=\"fusion-layout-column fusion_builder_column fusion-builder-column-1 fusion_builder_column_1_1 1_1 fusion-one-full fusion-column-first fusion-column-last\" style=\"--awb-bg-size:cover;\"><div class=\"fusion-column-wrapper fusion-column-has-shadow fusion-flex-column-wrapper-legacy\"><div class=\"fusion-text fusion-text-2\"><p style=\"text-align: justify;\"><span style=\"font-family: helvetica, arial, sans-serif; font-size: 14pt;\">Ambos elementos deber\u00e1n ser revisados antes y despu\u00e9s de tomar la muestra, garantizando su correcto funcionamiento. La bomba de aspiraci\u00f3n deber\u00e1 cumplir los requisitos establecidos en la norma <a href=\"https:\/\/www.une.org\/encuentra-tu-norma\/busca-tu-norma\/norma\/?c=norma-une-en-iso-13137-2022-n0070733\">UNE-EN ISO 13137:2014<\/a> (Atm\u00f3sferas en el lugar de trabajo. Bombas para muestreo personal de los agentes qu\u00edmicos y biol\u00f3gicos. Requisitos y m\u00e9todos de ensayo).<\/span><\/p>\n<p style=\"text-align: justify;\"><span style=\"font-family: helvetica, arial, sans-serif; font-size: 14pt;\">La informaci\u00f3n relativa al equipo de muestreo la encontramos en el M\u00e9todo de Tomas de Muestras y An\u00e1lisis <a href=\"https:\/\/www.insst.es\/documents\/94886\/359043\/MA_014_A11.pdf\/687c3305-70c6-4f12-9115-4c317d7e819f\">MTA\/MA \u2013 014\/A11<\/a> (Determinaci\u00f3n de materia particulada, fracciones inhalable, tor\u00e1cica y respirable) en aire &#8211; m\u00e9todo gravim\u00e9trico, del <a href=\"https:\/\/www.insst.es\/\">Instituto Nacional de Seguridad y Salud en el Trabajo<\/a>.<\/span><\/p>\n<\/div><div class=\"fusion-clearfix\"><\/div><\/div><\/div><\/div><\/div><div class=\"fusion-fullwidth fullwidth-box fusion-builder-row-3 nonhundred-percent-fullwidth non-hundred-percent-height-scrolling\" style=\"--awb-border-radius-top-left:0px;--awb-border-radius-top-right:0px;--awb-border-radius-bottom-right:0px;--awb-border-radius-bottom-left:0px;--awb-flex-wrap:wrap;\" ><div class=\"fusion-builder-row fusion-row\"><div class=\"fusion-layout-column fusion_builder_column fusion-builder-column-2 fusion_builder_column_1_1 1_1 fusion-one-full fusion-column-first fusion-column-last\" style=\"--awb-bg-size:cover;\"><div class=\"fusion-column-wrapper fusion-column-has-shadow fusion-flex-column-wrapper-legacy\"><div class=\"fusion-text fusion-text-3\"><p><span style=\"font-family: helvetica, arial, sans-serif; font-size: 14pt;\">Normas de referencia de los equipos de muestreo y para el muestreo:<br \/>\n<\/span><\/p>\n<p><img decoding=\"async\" class=\"aligncenter wp-image-2237\" src=\"https:\/\/www.siliceysalud.es\/wp-content\/uploads\/2019\/10\/normas.jpg\" alt=\"\" width=\"800\" height=\"387\" srcset=\"https:\/\/www.siliceysalud.es\/wp-content\/uploads\/2019\/10\/normas-200x97.jpg 200w, https:\/\/www.siliceysalud.es\/wp-content\/uploads\/2019\/10\/normas-300x145.jpg 300w, https:\/\/www.siliceysalud.es\/wp-content\/uploads\/2019\/10\/normas-400x193.jpg 400w, https:\/\/www.siliceysalud.es\/wp-content\/uploads\/2019\/10\/normas-600x290.jpg 600w, https:\/\/www.siliceysalud.es\/wp-content\/uploads\/2019\/10\/normas-768x371.jpg 768w, https:\/\/www.siliceysalud.es\/wp-content\/uploads\/2019\/10\/normas-800x387.jpg 800w, https:\/\/www.siliceysalud.es\/wp-content\/uploads\/2019\/10\/normas-1024x495.jpg 1024w, https:\/\/www.siliceysalud.es\/wp-content\/uploads\/2019\/10\/normas-1200x580.jpg 1200w, https:\/\/www.siliceysalud.es\/wp-content\/uploads\/2019\/10\/normas.jpg 1254w\" sizes=\"(max-width: 800px) 100vw, 800px\" \/><\/p>\n<\/div><div class=\"fusion-clearfix\"><\/div><\/div><\/div><\/div><\/div><div class=\"fusion-fullwidth fullwidth-box fusion-builder-row-4 nonhundred-percent-fullwidth non-hundred-percent-height-scrolling\" style=\"--awb-border-radius-top-left:0px;--awb-border-radius-top-right:0px;--awb-border-radius-bottom-right:0px;--awb-border-radius-bottom-left:0px;--awb-flex-wrap:wrap;\" ><div class=\"fusion-builder-row fusion-row\"><div class=\"fusion-layout-column fusion_builder_column fusion-builder-column-3 fusion_builder_column_1_1 1_1 fusion-one-full fusion-column-first fusion-column-last\" style=\"--awb-bg-size:cover;\"><div class=\"fusion-column-wrapper fusion-column-has-shadow fusion-flex-column-wrapper-legacy\"><div class=\"fusion-text fusion-text-4\"><p><span style=\"font-family: helvetica, arial, sans-serif; font-size: 14pt;\">Los an\u00e1lisis de las muestras se realizar\u00e1n por el Instituto Nacional de Silicosis o por laboratorios autorizados, cuya idoneidad a tal fin sea reconocida formalmente por la Autoridad Minera. En el siguiente enlace podr\u00e1s consultar los laboratorios autorizados.<\/span><\/p>\n<\/div><div class=\"fusion-clearfix\"><\/div><\/div><\/div><\/div><\/div><div class=\"fusion-fullwidth fullwidth-box fusion-builder-row-5 nonhundred-percent-fullwidth non-hundred-percent-height-scrolling\" style=\"--awb-border-radius-top-left:0px;--awb-border-radius-top-right:0px;--awb-border-radius-bottom-right:0px;--awb-border-radius-bottom-left:0px;--awb-flex-wrap:wrap;\" ><div class=\"fusion-builder-row fusion-row\"><div class=\"fusion-layout-column fusion_builder_column fusion-builder-column-4 fusion_builder_column_1_1 1_1 fusion-one-full fusion-column-first fusion-column-last\" style=\"--awb-bg-size:cover;\"><div class=\"fusion-column-wrapper fusion-column-has-shadow fusion-flex-column-wrapper-legacy\"><div class=\"fusion-button-wrapper fusion-aligncenter\"><a class=\"fusion-button button-flat fusion-button-default-size button-default fusion-button-default button-1 fusion-button-default-span fusion-button-default-type\" target=\"_self\" href=\"https:\/\/energia.gob.es\/mineria\/Seguridad\/Paginas\/ECAs.aspx\"><span class=\"fusion-button-text awb-button__text awb-button__text--default\">LABORATORIOS AUTORIZADOS<\/span><\/a><\/div><div class=\"fusion-clearfix\"><\/div><\/div><\/div><\/div><\/div><div class=\"fusion-fullwidth fullwidth-box fusion-builder-row-6 nonhundred-percent-fullwidth non-hundred-percent-height-scrolling\" style=\"--awb-border-radius-top-left:0px;--awb-border-radius-top-right:0px;--awb-border-radius-bottom-right:0px;--awb-border-radius-bottom-left:0px;--awb-flex-wrap:wrap;\" ><div class=\"fusion-builder-row fusion-row\"><div class=\"fusion-layout-column fusion_builder_column fusion-builder-column-5 fusion_builder_column_1_1 1_1 fusion-one-full fusion-column-first fusion-column-last\" style=\"--awb-bg-size:cover;\"><div class=\"fusion-column-wrapper fusion-column-has-shadow fusion-flex-column-wrapper-legacy\"><div class=\"fusion-text fusion-text-5\"><table style=\"border-collapse: collapse; width: 100%;\">\n<tbody>\n<tr>\n<td style=\"width: 2.67977%; text-align: right;\"><span style=\"font-family: helvetica, arial, sans-serif; font-size: 14pt;\"><i class=\"fb-icon-element-1 fb-icon-element fontawesome-icon fa-angle-double-right fas circle-yes fusion-text-flow\" style=\"--awb-circlecolor:#00098b;--awb-circlecolor-hover:#00098b;--awb-circlebordercolor:#6caae4;--awb-circlebordercolor-hover:#6caae4;--awb-circlebordersize:1px;--awb-font-size:17.6px;--awb-width:35.2px;--awb-height:35.2px;--awb-line-height:33.2px;--awb-margin-right:10px;\"><\/i><\/span><\/td>\n<td style=\"width: 97.3202%;\"><a href=\"https:\/\/www.siliceysalud.es\/index.php\/evaluacion-de-riesgos\/medicion\/reporte-de-resultados-al-ins\/\"><span style=\"font-size: 12pt;\"><strong><span style=\"font-family: helvetica, arial, sans-serif;\">Sigue leyendo sobre reporte de resultados al INS<\/span><\/strong><\/span><\/a><\/td>\n<\/tr>\n<\/tbody>\n<\/table>\n<\/div><div class=\"fusion-clearfix\"><\/div><\/div><\/div><\/div><\/div><\/p>\n","protected":false},"excerpt":{"rendered":"","protected":false},"author":1,"featured_media":0,"parent":81,"menu_order":0,"comment_status":"closed","ping_status":"closed","template":"100-width.php","meta":{"_exactmetrics_skip_tracking":false,"_exactmetrics_sitenote_active":false,"_exactmetrics_sitenote_note":"","_exactmetrics_sitenote_category":0,"footnotes":""},"class_list":["post-102","page","type-page","status-publish","hentry"],"_links":{"self":[{"href":"https:\/\/www.siliceysalud.es\/index.php\/wp-json\/wp\/v2\/pages\/102","targetHints":{"allow":["GET"]}}],"collection":[{"href":"https:\/\/www.siliceysalud.es\/index.php\/wp-json\/wp\/v2\/pages"}],"about":[{"href":"https:\/\/www.siliceysalud.es\/index.php\/wp-json\/wp\/v2\/types\/page"}],"author":[{"embeddable":true,"href":"https:\/\/www.siliceysalud.es\/index.php\/wp-json\/wp\/v2\/users\/1"}],"replies":[{"embeddable":true,"href":"https:\/\/www.siliceysalud.es\/index.php\/wp-json\/wp\/v2\/comments?post=102"}],"version-history":[{"count":28,"href":"https:\/\/www.siliceysalud.es\/index.php\/wp-json\/wp\/v2\/pages\/102\/revisions"}],"predecessor-version":[{"id":3165,"href":"https:\/\/www.siliceysalud.es\/index.php\/wp-json\/wp\/v2\/pages\/102\/revisions\/3165"}],"up":[{"embeddable":true,"href":"https:\/\/www.siliceysalud.es\/index.php\/wp-json\/wp\/v2\/pages\/81"}],"wp:attachment":[{"href":"https:\/\/www.siliceysalud.es\/index.php\/wp-json\/wp\/v2\/media?parent=102"}],"curies":[{"name":"wp","href":"https:\/\/api.w.org\/{rel}","templated":true}]}}