{"id":104,"date":"2019-09-11T13:10:31","date_gmt":"2019-09-11T11:10:31","guid":{"rendered":"https:\/\/www.siliceysalud.es\/?page_id=104"},"modified":"2023-10-20T11:26:10","modified_gmt":"2023-10-20T09:26:10","slug":"reporte-de-resultados-al-ins","status":"publish","type":"page","link":"https:\/\/www.siliceysalud.es\/index.php\/evaluacion-de-riesgos\/medicion\/reporte-de-resultados-al-ins\/","title":{"rendered":"Reporte de resultados al INS"},"content":{"rendered":"<p><div class=\"fusion-fullwidth fullwidth-box fusion-builder-row-1 nonhundred-percent-fullwidth non-hundred-percent-height-scrolling\" style=\"--awb-border-radius-top-left:0px;--awb-border-radius-top-right:0px;--awb-border-radius-bottom-right:0px;--awb-border-radius-bottom-left:0px;--awb-flex-wrap:wrap;\" ><div class=\"fusion-builder-row fusion-row\"><div class=\"fusion-layout-column fusion_builder_column fusion-builder-column-0 fusion_builder_column_1_1 1_1 fusion-one-full fusion-column-first fusion-column-last\" style=\"--awb-bg-size:cover;--awb-margin-bottom:0px;\"><div class=\"fusion-column-wrapper fusion-flex-column-wrapper-legacy\"><div class=\"fusion-text fusion-text-1\"><p style=\"text-align: justify;\"><span style=\"font-family: helvetica, arial, sans-serif; font-size: 14pt;\">Independientemente del <a href=\"https:\/\/energia.gob.es\/mineria\/Seguridad\/Paginas\/ECAs.aspx\" target=\"_blank\" rel=\"noopener noreferrer\">laboratorio <\/a>contratado para analizar las muestras, el empresario enviar\u00e1, al menos cuatrimestralmente, las fichas de datos estad\u00edsticos que incluyen los resultados de las tomas de muestras al <a href=\"http:\/\/www.ins.es\/\">Instituto Nacional de Silicosis<\/a> y anualmente, junto con la presentaci\u00f3n de las modificaciones del <a href=\"https:\/\/www.boe.es\/eli\/es\/o\/2006\/01\/23\/itc101\" target=\"_blank\" rel=\"noopener noreferrer\">Documento sobre Seguridad y Salud<\/a>, a la Autoridad Minera.<\/span><\/p>\n<p style=\"text-align: justify;\"><span style=\"font-family: helvetica, arial, sans-serif; font-size: 14pt;\">Adem\u00e1s, el Instituto Nacional de Silicosis enviar\u00e1 un resumen anual de estos datos estad\u00edsticos a la Autoridad Minera.<\/span><\/p>\n<p style=\"text-align: justify;\"><span style=\"font-family: helvetica, arial, sans-serif; font-size: 14pt;\">Deber\u00e1 comunicarse a la Autoridad Minera y al <a href=\"http:\/\/www.ins.es\/\" target=\"_blank\" rel=\"noopener noreferrer\">Instituto Nacional de Silicosis<\/a> todo caso de neumoconiosis, silicosis y c\u00e1ncer de pulm\u00f3n que se reconozca resultante de la exposici\u00f3n a polvo o s\u00edlice cristalina respirable durante el trabajo. <\/span><\/p>\n<p style=\"text-align: justify;\"><span style=\"font-family: helvetica, arial, sans-serif; font-size: 14pt;\">Anualmente, el <a href=\"http:\/\/www.ins.es\/\" target=\"_blank\" rel=\"noopener noreferrer\">Instituto Nacional de Silicosis<\/a> publicar\u00e1 una memoria detallando los nuevos casos de neumoconiosis, silicosis y c\u00e1ncer diagnosticados.<\/span><\/p>\n<\/div><div class=\"fusion-clearfix\"><\/div><\/div><\/div><\/div><\/div><div class=\"fusion-fullwidth fullwidth-box fusion-builder-row-2 nonhundred-percent-fullwidth non-hundred-percent-height-scrolling\" style=\"--awb-border-radius-top-left:0px;--awb-border-radius-top-right:0px;--awb-border-radius-bottom-right:0px;--awb-border-radius-bottom-left:0px;--awb-flex-wrap:wrap;\" ><div class=\"fusion-builder-row fusion-row\"><div class=\"fusion-layout-column fusion_builder_column fusion-builder-column-1 fusion_builder_column_1_1 1_1 fusion-one-full fusion-column-first fusion-column-last\" style=\"--awb-bg-size:cover;\"><div class=\"fusion-column-wrapper fusion-column-has-shadow fusion-flex-column-wrapper-legacy\"><div class=\"fusion-image-element fusion-image-align-center in-legacy-container\" style=\"text-align:center;--awb-caption-title-font-family:var(--h2_typography-font-family);--awb-caption-title-font-weight:var(--h2_typography-font-weight);--awb-caption-title-font-style:var(--h2_typography-font-style);--awb-caption-title-size:var(--h2_typography-font-size);--awb-caption-title-transform:var(--h2_typography-text-transform);--awb-caption-title-line-height:var(--h2_typography-line-height);--awb-caption-title-letter-spacing:var(--h2_typography-letter-spacing);\"><div class=\"imageframe-align-center\"><span class=\" fusion-imageframe imageframe-none imageframe-1 hover-type-none\"><img decoding=\"async\" width=\"2574\" height=\"2180\" src=\"https:\/\/www.siliceysalud.es\/wp-content\/uploads\/2019\/10\/Reporte-al-INS-1.jpg\" alt class=\"img-responsive wp-image-2089\" srcset=\"https:\/\/www.siliceysalud.es\/wp-content\/uploads\/2019\/10\/Reporte-al-INS-1-200x169.jpg 200w, https:\/\/www.siliceysalud.es\/wp-content\/uploads\/2019\/10\/Reporte-al-INS-1-400x339.jpg 400w, https:\/\/www.siliceysalud.es\/wp-content\/uploads\/2019\/10\/Reporte-al-INS-1-600x508.jpg 600w, https:\/\/www.siliceysalud.es\/wp-content\/uploads\/2019\/10\/Reporte-al-INS-1-800x678.jpg 800w, https:\/\/www.siliceysalud.es\/wp-content\/uploads\/2019\/10\/Reporte-al-INS-1-1200x1016.jpg 1200w, https:\/\/www.siliceysalud.es\/wp-content\/uploads\/2019\/10\/Reporte-al-INS-1.jpg 2574w\" sizes=\"(max-width: 800px) 100vw, 1200px\" \/><\/span><\/div><\/div><div class=\"fusion-text fusion-text-2\"><p style=\"text-align: center;\"><span style=\"font-family: helvetica, arial, sans-serif;\">Fuente: Anexo II de<b> <\/b>Instrucci\u00f3n T\u00e9cnica Complementaria 02.0.02<\/span><\/p>\n<\/div><div class=\"fusion-clearfix\"><\/div><\/div><\/div><\/div><\/div><div class=\"fusion-fullwidth fullwidth-box fusion-builder-row-3 nonhundred-percent-fullwidth non-hundred-percent-height-scrolling\" style=\"--awb-border-radius-top-left:0px;--awb-border-radius-top-right:0px;--awb-border-radius-bottom-right:0px;--awb-border-radius-bottom-left:0px;--awb-flex-wrap:wrap;\" ><div class=\"fusion-builder-row fusion-row\"><div class=\"fusion-layout-column fusion_builder_column fusion-builder-column-2 fusion_builder_column_1_1 1_1 fusion-one-full fusion-column-first fusion-column-last\" style=\"--awb-bg-size:cover;\"><div class=\"fusion-column-wrapper fusion-column-has-shadow fusion-flex-column-wrapper-legacy\"><div class=\"fusion-text fusion-text-3\"><table style=\"border-collapse: collapse; width: 100%;\">\n<tbody>\n<tr>\n<td style=\"width: 2.67977%; text-align: right;\"><span style=\"font-family: helvetica, arial, sans-serif; font-size: 14pt;\"><i class=\"fb-icon-element-1 fb-icon-element fontawesome-icon fa-angle-double-right fas circle-yes fusion-text-flow\" style=\"--awb-circlecolor:#00098b;--awb-circlecolor-hover:#00098b;--awb-circlebordercolor:#6caae4;--awb-circlebordercolor-hover:#6caae4;--awb-circlebordersize:1px;--awb-font-size:17.6px;--awb-width:35.2px;--awb-height:35.2px;--awb-line-height:33.2px;--awb-margin-right:10px;\"><\/i><\/span><\/td>\n<td style=\"width: 96.0856%;\"><a href=\"https:\/\/www.siliceysalud.es\/index.php\/evaluacion-de-riesgos\/control\/\"><span style=\"font-size: 12pt;\"><strong><span style=\"font-family: helvetica, arial, sans-serif;\">Sigue leyendo sobre control en la evaluaci\u00f3n<\/span><\/strong><\/span><\/a><\/td>\n<\/tr>\n<\/tbody>\n<\/table>\n<\/div><div class=\"fusion-clearfix\"><\/div><\/div><\/div><\/div><\/div><\/p>\n","protected":false},"excerpt":{"rendered":"","protected":false},"author":1,"featured_media":0,"parent":81,"menu_order":0,"comment_status":"closed","ping_status":"closed","template":"100-width.php","meta":{"_exactmetrics_skip_tracking":false,"_exactmetrics_sitenote_active":false,"_exactmetrics_sitenote_note":"","_exactmetrics_sitenote_category":0,"footnotes":""},"class_list":["post-104","page","type-page","status-publish","hentry"],"_links":{"self":[{"href":"https:\/\/www.siliceysalud.es\/index.php\/wp-json\/wp\/v2\/pages\/104","targetHints":{"allow":["GET"]}}],"collection":[{"href":"https:\/\/www.siliceysalud.es\/index.php\/wp-json\/wp\/v2\/pages"}],"about":[{"href":"https:\/\/www.siliceysalud.es\/index.php\/wp-json\/wp\/v2\/types\/page"}],"author":[{"embeddable":true,"href":"https:\/\/www.siliceysalud.es\/index.php\/wp-json\/wp\/v2\/users\/1"}],"replies":[{"embeddable":true,"href":"https:\/\/www.siliceysalud.es\/index.php\/wp-json\/wp\/v2\/comments?post=104"}],"version-history":[{"count":18,"href":"https:\/\/www.siliceysalud.es\/index.php\/wp-json\/wp\/v2\/pages\/104\/revisions"}],"predecessor-version":[{"id":3166,"href":"https:\/\/www.siliceysalud.es\/index.php\/wp-json\/wp\/v2\/pages\/104\/revisions\/3166"}],"up":[{"embeddable":true,"href":"https:\/\/www.siliceysalud.es\/index.php\/wp-json\/wp\/v2\/pages\/81"}],"wp:attachment":[{"href":"https:\/\/www.siliceysalud.es\/index.php\/wp-json\/wp\/v2\/media?parent=104"}],"curies":[{"name":"wp","href":"https:\/\/api.w.org\/{rel}","templated":true}]}}