{"id":128,"date":"2019-09-11T13:24:47","date_gmt":"2019-09-11T11:24:47","guid":{"rendered":"https:\/\/www.siliceysalud.es\/?page_id=128"},"modified":"2019-12-17T11:17:31","modified_gmt":"2019-12-17T10:17:31","slug":"procedimientos","status":"publish","type":"page","link":"https:\/\/www.siliceysalud.es\/index.php\/control-de-la-exposicion\/actuaciones-tecnicas\/procedimientos\/","title":{"rendered":"Procedimientos"},"content":{"rendered":"<p><div class=\"fusion-fullwidth fullwidth-box fusion-builder-row-1 nonhundred-percent-fullwidth non-hundred-percent-height-scrolling\" style=\"--awb-border-radius-top-left:0px;--awb-border-radius-top-right:0px;--awb-border-radius-bottom-right:0px;--awb-border-radius-bottom-left:0px;--awb-padding-top:0px;--awb-flex-wrap:wrap;\" ><div class=\"fusion-builder-row fusion-row\"><div class=\"fusion-layout-column fusion_builder_column fusion-builder-column-0 fusion_builder_column_2_3 2_3 fusion-two-third fusion-column-first\" style=\"--awb-bg-size:cover;width:66.666666666667%;width:calc(66.666666666667% - ( ( 4% ) * 0.66666666666667 ) );margin-right: 4%;\"><div class=\"fusion-column-wrapper fusion-column-has-shadow fusion-flex-column-wrapper-legacy\"><div class=\"fusion-text fusion-text-1\"><p style=\"text-align: justify;\"><span style=\"font-family: helvetica, arial, sans-serif; font-size: 14pt;\">Los procedimientos de trabajo seguros permiten crear normas de obligado cumplimiento bas\u00e1ndose en est\u00e1ndares y que pueden, de manera muy efectiva, hacer frente a exposiciones de polvo, adem\u00e1s de considerar las medidas preventivas y de protecci\u00f3n establecidas.<\/span><\/p>\n<\/div><div class=\"fusion-text fusion-text-2\"><p style=\"text-align: justify;\"><span style=\"font-family: helvetica, arial, sans-serif; font-size: 14pt;\">Para la elaboraci\u00f3n de los procedimientos de trabajo o tambi\u00e9n llamados Instrucciones de Trabajo, nos podemos apoyar e la <a href=\"https:\/\/www.insst.es\/documents\/94886\/327064\/ntp_560.pdf\/0c56c4f5-3ea4-4d79-b96f-3ace47be2316\"><strong>Nota T\u00e9cnica de Prevenci\u00f3n 560<\/strong><\/a> del Instituto nacional de Seguridad y Salud en el Trabajo (<a href=\"https:\/\/www.insst.es\/\" target=\"_blank\" rel=\"noopener noreferrer\">INSST<\/a>).<\/span><\/p>\n<p><img decoding=\"async\" class=\"aligncenter size-400 wp-image-1053\" src=\"https:\/\/www.siliceysalud.es\/wp-content\/uploads\/2019\/10\/procedimiento-5-400x291.jpg\" alt=\"\" width=\"400\" height=\"291\" srcset=\"https:\/\/www.siliceysalud.es\/wp-content\/uploads\/2019\/10\/procedimiento-5-200x146.jpg 200w, https:\/\/www.siliceysalud.es\/wp-content\/uploads\/2019\/10\/procedimiento-5-300x218.jpg 300w, https:\/\/www.siliceysalud.es\/wp-content\/uploads\/2019\/10\/procedimiento-5-400x291.jpg 400w, https:\/\/www.siliceysalud.es\/wp-content\/uploads\/2019\/10\/procedimiento-5-600x437.jpg 600w, https:\/\/www.siliceysalud.es\/wp-content\/uploads\/2019\/10\/procedimiento-5-768x559.jpg 768w, https:\/\/www.siliceysalud.es\/wp-content\/uploads\/2019\/10\/procedimiento-5-800x583.jpg 800w, https:\/\/www.siliceysalud.es\/wp-content\/uploads\/2019\/10\/procedimiento-5-1024x746.jpg 1024w, https:\/\/www.siliceysalud.es\/wp-content\/uploads\/2019\/10\/procedimiento-5-1200x874.jpg 1200w, https:\/\/www.siliceysalud.es\/wp-content\/uploads\/2019\/10\/procedimiento-5.jpg 1600w\" sizes=\"(max-width: 400px) 100vw, 400px\" \/><\/p>\n<\/div><div class=\"fusion-clearfix\"><\/div><\/div><\/div><div class=\"fusion-layout-column fusion_builder_column fusion-builder-column-1 fusion_builder_column_1_3 1_3 fusion-one-third fusion-column-last\" style=\"--awb-bg-size:cover;width:33.333333333333%;width:calc(33.333333333333% - ( ( 4% ) * 0.33333333333333 ) );\"><div class=\"fusion-column-wrapper fusion-column-has-shadow fusion-flex-column-wrapper-legacy\"><div class=\"fusion-image-element in-legacy-container\" style=\"--awb-caption-title-font-family:var(--h2_typography-font-family);--awb-caption-title-font-weight:var(--h2_typography-font-weight);--awb-caption-title-font-style:var(--h2_typography-font-style);--awb-caption-title-size:var(--h2_typography-font-size);--awb-caption-title-transform:var(--h2_typography-text-transform);--awb-caption-title-line-height:var(--h2_typography-line-height);--awb-caption-title-letter-spacing:var(--h2_typography-letter-spacing);\"><span class=\" fusion-imageframe imageframe-none imageframe-1 hover-type-none\"><img decoding=\"async\" width=\"526\" height=\"790\" src=\"https:\/\/www.siliceysalud.es\/wp-content\/uploads\/2019\/10\/procedimientos-4.png\" alt class=\"img-responsive wp-image-1049\" srcset=\"https:\/\/www.siliceysalud.es\/wp-content\/uploads\/2019\/10\/procedimientos-4-200x300.png 200w, https:\/\/www.siliceysalud.es\/wp-content\/uploads\/2019\/10\/procedimientos-4-400x601.png 400w, https:\/\/www.siliceysalud.es\/wp-content\/uploads\/2019\/10\/procedimientos-4.png 526w\" sizes=\"(max-width: 800px) 100vw, 400px\" \/><\/span><\/div><div class=\"fusion-clearfix\"><\/div><\/div><\/div><\/div><\/div><div class=\"fusion-fullwidth fullwidth-box fusion-builder-row-2 nonhundred-percent-fullwidth non-hundred-percent-height-scrolling\" style=\"--awb-border-radius-top-left:0px;--awb-border-radius-top-right:0px;--awb-border-radius-bottom-right:0px;--awb-border-radius-bottom-left:0px;--awb-flex-wrap:wrap;\" ><div class=\"fusion-builder-row fusion-row\"><div class=\"fusion-layout-column fusion_builder_column fusion-builder-column-2 fusion_builder_column_1_1 1_1 fusion-one-full fusion-column-first fusion-column-last\" style=\"--awb-bg-size:cover;\"><div class=\"fusion-column-wrapper fusion-column-has-shadow fusion-flex-column-wrapper-legacy\"><div class=\"fusion-text fusion-text-3\"><p style=\"text-align: justify;\"><span style=\"font-family: helvetica, arial, sans-serif; font-size: 14pt;\"><strong>DISPOSICIONES INTERNAS DE SEGURIDAD<\/strong><\/span><\/p>\n<p style=\"text-align: justify;\"><span style=\"font-family: helvetica, arial, sans-serif; font-size: 14pt;\">Cuando sea de aplicaci\u00f3n el <a href=\"https:\/\/www.boe.es\/eli\/es\/rd\/1985\/04\/02\/863\/con\" target=\"_blank\" rel=\"noopener noreferrer\">RGNBSM<\/a>, estos procedimientos o instrucciones de trabajo se pueden realizar a trav\u00e9s de lo que se denominan Disposiciones Internas de Seguridad, recogidas en dicho Reglamento.<\/span><\/p>\n<p style=\"text-align: justify;\"><span style=\"font-family: helvetica, arial, sans-serif; font-size: 14pt;\">Las Disposiciones Internas de Seguridad (DIS) son normas de cada centro de trabajo con las que se busca regular m\u00e1s ampliamente diversos aspectos que el RGNBSM o sus ITCs no dejan absolutamente definidos, o que precisan de ciertas adaptaciones a las condiciones particulares de los lugares de trabajo de dicho centro<\/span>.<\/p>\n<\/div><div class=\"fusion-clearfix\"><\/div><\/div><\/div><\/div><\/div><div class=\"fusion-fullwidth fullwidth-box fusion-builder-row-3 nonhundred-percent-fullwidth non-hundred-percent-height-scrolling\" style=\"--awb-border-radius-top-left:0px;--awb-border-radius-top-right:0px;--awb-border-radius-bottom-right:0px;--awb-border-radius-bottom-left:0px;--awb-flex-wrap:wrap;\" ><div class=\"fusion-builder-row fusion-row\"><div class=\"fusion-layout-column fusion_builder_column fusion-builder-column-3 fusion_builder_column_1_1 1_1 fusion-one-full fusion-column-first fusion-column-last\" style=\"--awb-bg-size:cover;\"><div class=\"fusion-column-wrapper fusion-column-has-shadow fusion-flex-column-wrapper-legacy\"><div class=\"fusion-text fusion-text-4\"><table style=\"border-collapse: collapse; width: 100%;\">\n<tbody>\n<tr>\n<td style=\"width: 2.67977%; text-align: right;\"><span style=\"font-family: helvetica, arial, sans-serif; font-size: 14pt;\"><i class=\"fb-icon-element-1 fb-icon-element fontawesome-icon fa-angle-double-right fas circle-yes fusion-text-flow\" style=\"--awb-circlecolor:#00098b;--awb-circlecolor-hover:#00098b;--awb-circlebordercolor:#6caae4;--awb-circlebordercolor-hover:#6caae4;--awb-circlebordersize:1px;--awb-font-size:17.6px;--awb-width:35.2px;--awb-height:35.2px;--awb-line-height:33.2px;--awb-margin-right:10px;\"><\/i><\/span><\/td>\n<td style=\"width: 97.3202%;\"><a href=\"https:\/\/www.siliceysalud.es\/index.php\/control-de-la-exposicion\/actuaciones-tecnicas\/medidas-organizativas\/\"><span style=\"font-size: 12pt;\"><strong><span style=\"font-family: helvetica, arial, sans-serif;\">Sigue leyendo sobre medidas organizativas<\/span><\/strong><\/span><\/a><\/td>\n<\/tr>\n<\/tbody>\n<\/table>\n<p style=\"text-align: center;\">\u00a0<\/p>\n<\/div><div class=\"fusion-clearfix\"><\/div><\/div><\/div><\/div><\/div><\/p>\n","protected":false},"excerpt":{"rendered":"","protected":false},"author":1,"featured_media":0,"parent":118,"menu_order":0,"comment_status":"closed","ping_status":"closed","template":"100-width.php","meta":{"_exactmetrics_skip_tracking":false,"_exactmetrics_sitenote_active":false,"_exactmetrics_sitenote_note":"","_exactmetrics_sitenote_category":0,"footnotes":""},"class_list":["post-128","page","type-page","status-publish","hentry"],"_links":{"self":[{"href":"https:\/\/www.siliceysalud.es\/index.php\/wp-json\/wp\/v2\/pages\/128","targetHints":{"allow":["GET"]}}],"collection":[{"href":"https:\/\/www.siliceysalud.es\/index.php\/wp-json\/wp\/v2\/pages"}],"about":[{"href":"https:\/\/www.siliceysalud.es\/index.php\/wp-json\/wp\/v2\/types\/page"}],"author":[{"embeddable":true,"href":"https:\/\/www.siliceysalud.es\/index.php\/wp-json\/wp\/v2\/users\/1"}],"replies":[{"embeddable":true,"href":"https:\/\/www.siliceysalud.es\/index.php\/wp-json\/wp\/v2\/comments?post=128"}],"version-history":[{"count":13,"href":"https:\/\/www.siliceysalud.es\/index.php\/wp-json\/wp\/v2\/pages\/128\/revisions"}],"predecessor-version":[{"id":2485,"href":"https:\/\/www.siliceysalud.es\/index.php\/wp-json\/wp\/v2\/pages\/128\/revisions\/2485"}],"up":[{"embeddable":true,"href":"https:\/\/www.siliceysalud.es\/index.php\/wp-json\/wp\/v2\/pages\/118"}],"wp:attachment":[{"href":"https:\/\/www.siliceysalud.es\/index.php\/wp-json\/wp\/v2\/media?parent=128"}],"curies":[{"name":"wp","href":"https:\/\/api.w.org\/{rel}","templated":true}]}}