{"id":130,"date":"2019-09-11T13:26:02","date_gmt":"2019-09-11T11:26:02","guid":{"rendered":"https:\/\/www.siliceysalud.es\/?page_id=130"},"modified":"2021-01-07T11:24:29","modified_gmt":"2021-01-07T10:24:29","slug":"medidas-organizativas","status":"publish","type":"page","link":"https:\/\/www.siliceysalud.es\/index.php\/control-de-la-exposicion\/actuaciones-tecnicas\/medidas-organizativas\/","title":{"rendered":"Medidas organizativas"},"content":{"rendered":"<p><div class=\"fusion-fullwidth fullwidth-box fusion-builder-row-1 nonhundred-percent-fullwidth non-hundred-percent-height-scrolling\" style=\"--awb-border-radius-top-left:0px;--awb-border-radius-top-right:0px;--awb-border-radius-bottom-right:0px;--awb-border-radius-bottom-left:0px;--awb-padding-bottom:0px;--awb-margin-bottom:0px;--awb-flex-wrap:wrap;\" ><div class=\"fusion-builder-row fusion-row\"><div class=\"fusion-layout-column fusion_builder_column fusion-builder-column-0 fusion_builder_column_1_1 1_1 fusion-one-full fusion-column-first fusion-column-last\" style=\"--awb-bg-size:cover;--awb-margin-bottom:0px;\"><div class=\"fusion-column-wrapper fusion-column-has-shadow fusion-flex-column-wrapper-legacy\"><div class=\"fusion-text fusion-text-1\"><p style=\"text-align: justify;\"><span style=\"font-family: helvetica, arial, sans-serif; font-size: 14pt;\">No solo debemos de tener en cuenta los medios de protecci\u00f3n colectiva y los equipos de protecci\u00f3n individual, sino que tambi\u00e9n son importantes las medidas organizativas en los puestos de trabajo con exposici\u00f3n a polvo de s\u00edlice:<\/span><\/p>\n<ul>\n<li style=\"text-align: justify;\"><span style=\"font-family: helvetica, arial, sans-serif; font-size: 14pt;\">Orden y limpieza de los lugares de trabajo.<\/span><\/li>\n<li style=\"text-align: justify;\"><span style=\"font-family: helvetica, arial, sans-serif; font-size: 14pt;\">Mantenimiento de los equipos de trabajo, as\u00ed como de los equipos de protecci\u00f3n y prevenci\u00f3n, tanto colectivos (medios de captaci\u00f3n localizada, ventilaci\u00f3n y\/o aspiraci\u00f3n por citar los m\u00e1s habituales) y de los equipos de protecci\u00f3n individual cuando lo requieran y conforme a lo indicado por el fabricante.<\/span><\/li>\n<li style=\"text-align: justify;\"><span style=\"font-family: helvetica, arial, sans-serif; font-size: 14pt;\">Aislamiento de zonas con alta exposici\u00f3n de otras con menos exposici\u00f3n mediante cabinas de protecci\u00f3n, paneles de separaci\u00f3n o distanciamiento.<\/span><\/li>\n<\/ul>\n<p style=\"text-align: justify;\"><span style=\"font-size: 14pt; font-family: helvetica, arial, sans-serif;\">En los puestos de trabajo en los que la Evaluaci\u00f3n de riesgos ponga de manifiesto riesgo por exposici\u00f3n a SCR, se deber\u00e1n adoptar medidas organizativas relevantes para cumplir el <a href=\"https:\/\/www.boe.es\/eli\/es\/rd\/1997\/05\/12\/665\" target=\"_blank\" rel=\"noopener noreferrer\">Real Decreto 665\/1997<\/a> (art\u00edculos 5 y 6), cuando sea modificado para incluir el polvo de s\u00edlice cristalina respirable, entre ellas las de tipo higi\u00e9nico.<\/span><\/p>\n<p><span style=\"font-family: helvetica, arial, sans-serif; font-size: 14pt;\">Cabe destacar lo recogido en el Real Decreto 1154\/2020, de 22 de diciembre por el que se modifica el Real Decreto 665\/1997, de 12 de mayo, sobre la protecci\u00f3n de los trabajadores contra los riesgos relacionados con la exposici\u00f3n a agentes cancer\u00edgenos durante el trabajo que indica que los trabajadores identificados en la evaluaci\u00f3n de riesgos como expuestos dispondr\u00e1n, dentro de la jornada laboral, del tiempo necesario para su aseo personal, con un m\u00e1ximo de 10 minutos antes de la comida y otros 10 minutos antes de abandonar el trabajo. Este tiempo en ning\u00fan caso podr\u00e1 acumularse ni utilizarse para fines distintos a los previstos en este apartado\u00bb.<\/span><\/p>\n<\/div><div class=\"fusion-clearfix\"><\/div><\/div><\/div><\/div><\/div><div class=\"fusion-fullwidth fullwidth-box fusion-builder-row-2 nonhundred-percent-fullwidth non-hundred-percent-height-scrolling\" style=\"--awb-border-radius-top-left:0px;--awb-border-radius-top-right:0px;--awb-border-radius-bottom-right:0px;--awb-border-radius-bottom-left:0px;--awb-padding-right:264px;--awb-padding-left:264px;--awb-flex-wrap:wrap;\" ><div class=\"fusion-builder-row fusion-row\"><div class=\"fusion-layout-column fusion_builder_column fusion-builder-column-1 fusion_builder_column_1_1 1_1 fusion-one-full fusion-column-first fusion-column-last\" style=\"--awb-bg-size:cover;\"><div class=\"fusion-column-wrapper fusion-column-has-shadow fusion-flex-column-wrapper-legacy\"><div class=\"fusion-image-carousel fusion-image-carousel-auto fusion-image-carousel-1 fusion-carousel-border\"><div class=\"awb-carousel awb-swiper awb-swiper-carousel awb-carousel--carousel awb-swiper-dots-position-bottom\" data-layout=\"carousel\" data-autoplay=\"yes\" data-autoplayspeed=\"2500\" data-autoplaypause=\"no\" data-columns=\"1\" data-columnsmedium=\"1\" data-columnssmall=\"1\" data-itemmargin=\"13\" data-itemwidth=\"180\" data-touchscroll=\"no\" data-freemode=\"no\" data-imagesize=\"auto\" data-scrollitems=\"0\" data-centeredslides=\"no\" data-rotationangle=\"50\" data-depth=\"100\" data-speed=\"500\" data-shadow=\"no\" data-pagination=\"bullets\" style=\"--awb-columns:1;--awb-border-width:1px;--awb-border-color:#e9eaee;\"><div class=\"swiper-wrapper awb-image-carousel-wrapper fusion-flex-align-items-center\"><div class=\"swiper-slide\"><div class=\"fusion-carousel-item-wrapper\"><div class=\"fusion-image-wrapper hover-type-none\"><img decoding=\"async\" width=\"1080\" height=\"1080\" src=\"https:\/\/www.siliceysalud.es\/wp-content\/uploads\/2019\/10\/organizacion5.jpg\" class=\"attachment-full size-full\" alt=\"\" srcset=\"https:\/\/www.siliceysalud.es\/wp-content\/uploads\/2019\/10\/organizacion5-66x66.jpg 66w, https:\/\/www.siliceysalud.es\/wp-content\/uploads\/2019\/10\/organizacion5-150x150.jpg 150w, https:\/\/www.siliceysalud.es\/wp-content\/uploads\/2019\/10\/organizacion5-200x200.jpg 200w, https:\/\/www.siliceysalud.es\/wp-content\/uploads\/2019\/10\/organizacion5-300x300.jpg 300w, https:\/\/www.siliceysalud.es\/wp-content\/uploads\/2019\/10\/organizacion5-400x400.jpg 400w, https:\/\/www.siliceysalud.es\/wp-content\/uploads\/2019\/10\/organizacion5-600x600.jpg 600w, https:\/\/www.siliceysalud.es\/wp-content\/uploads\/2019\/10\/organizacion5-768x768.jpg 768w, https:\/\/www.siliceysalud.es\/wp-content\/uploads\/2019\/10\/organizacion5-800x800.jpg 800w, https:\/\/www.siliceysalud.es\/wp-content\/uploads\/2019\/10\/organizacion5-1024x1024.jpg 1024w, https:\/\/www.siliceysalud.es\/wp-content\/uploads\/2019\/10\/organizacion5.jpg 1080w\" sizes=\"(max-width: 1080px) 100vw, 1080px\" \/><\/div><\/div><\/div><div class=\"swiper-slide\"><div class=\"fusion-carousel-item-wrapper\"><div class=\"fusion-image-wrapper hover-type-none\"><img decoding=\"async\" width=\"1600\" height=\"1080\" src=\"https:\/\/www.siliceysalud.es\/wp-content\/uploads\/2019\/10\/organizacion-2.jpg\" class=\"attachment-full size-full\" alt=\"\" srcset=\"https:\/\/www.siliceysalud.es\/wp-content\/uploads\/2019\/10\/organizacion-2-200x135.jpg 200w, https:\/\/www.siliceysalud.es\/wp-content\/uploads\/2019\/10\/organizacion-2-300x203.jpg 300w, https:\/\/www.siliceysalud.es\/wp-content\/uploads\/2019\/10\/organizacion-2-400x270.jpg 400w, https:\/\/www.siliceysalud.es\/wp-content\/uploads\/2019\/10\/organizacion-2-600x405.jpg 600w, https:\/\/www.siliceysalud.es\/wp-content\/uploads\/2019\/10\/organizacion-2-768x518.jpg 768w, https:\/\/www.siliceysalud.es\/wp-content\/uploads\/2019\/10\/organizacion-2-800x540.jpg 800w, https:\/\/www.siliceysalud.es\/wp-content\/uploads\/2019\/10\/organizacion-2-1024x691.jpg 1024w, https:\/\/www.siliceysalud.es\/wp-content\/uploads\/2019\/10\/organizacion-2-1200x810.jpg 1200w, https:\/\/www.siliceysalud.es\/wp-content\/uploads\/2019\/10\/organizacion-2.jpg 1600w\" sizes=\"(max-width: 1600px) 100vw, 1600px\" \/><\/div><\/div><\/div><div class=\"swiper-slide\"><div class=\"fusion-carousel-item-wrapper\"><div class=\"fusion-image-wrapper hover-type-none\"><img decoding=\"async\" width=\"828\" height=\"1080\" src=\"https:\/\/www.siliceysalud.es\/wp-content\/uploads\/2019\/10\/organizacion-3.jpg\" class=\"attachment-full size-full\" alt=\"\" srcset=\"https:\/\/www.siliceysalud.es\/wp-content\/uploads\/2019\/10\/organizacion-3-200x261.jpg 200w, https:\/\/www.siliceysalud.es\/wp-content\/uploads\/2019\/10\/organizacion-3-230x300.jpg 230w, https:\/\/www.siliceysalud.es\/wp-content\/uploads\/2019\/10\/organizacion-3-400x522.jpg 400w, https:\/\/www.siliceysalud.es\/wp-content\/uploads\/2019\/10\/organizacion-3-600x783.jpg 600w, https:\/\/www.siliceysalud.es\/wp-content\/uploads\/2019\/10\/organizacion-3-768x1002.jpg 768w, https:\/\/www.siliceysalud.es\/wp-content\/uploads\/2019\/10\/organizacion-3-785x1024.jpg 785w, https:\/\/www.siliceysalud.es\/wp-content\/uploads\/2019\/10\/organizacion-3-800x1043.jpg 800w, https:\/\/www.siliceysalud.es\/wp-content\/uploads\/2019\/10\/organizacion-3.jpg 828w\" sizes=\"(max-width: 828px) 100vw, 828px\" \/><\/div><\/div><\/div><\/div><div class=\"awb-swiper-button awb-swiper-button-prev\"><i class=\"awb-icon-angle-left\" aria-hidden=\"true\"><\/i><\/div><div class=\"awb-swiper-button awb-swiper-button-next\"><i class=\"awb-icon-angle-right\" aria-hidden=\"true\"><\/i><\/div><\/div><\/div><div class=\"fusion-clearfix\"><\/div><\/div><\/div><\/div><\/div><div class=\"fusion-fullwidth fullwidth-box fusion-builder-row-3 nonhundred-percent-fullwidth non-hundred-percent-height-scrolling\" style=\"--awb-border-radius-top-left:0px;--awb-border-radius-top-right:0px;--awb-border-radius-bottom-right:0px;--awb-border-radius-bottom-left:0px;--awb-flex-wrap:wrap;\" ><div class=\"fusion-builder-row fusion-row\"><div class=\"fusion-layout-column fusion_builder_column fusion-builder-column-2 fusion_builder_column_1_1 1_1 fusion-one-full fusion-column-first fusion-column-last\" style=\"--awb-bg-size:cover;\"><div class=\"fusion-column-wrapper fusion-column-has-shadow fusion-flex-column-wrapper-legacy\"><div class=\"fusion-text fusion-text-2\"><table style=\"border-collapse: collapse; width: 100%;\">\n<tbody>\n<tr>\n<td style=\"width: 2.67977%; text-align: right;\"><span style=\"font-family: helvetica, arial, sans-serif; font-size: 14pt;\"><i class=\"fb-icon-element-1 fb-icon-element fontawesome-icon fa-angle-double-right fas circle-yes fusion-text-flow\" style=\"--awb-circlecolor:#00098b;--awb-circlecolor-hover:#00098b;--awb-circlebordercolor:#6caae4;--awb-circlebordercolor-hover:#6caae4;--awb-circlebordersize:1px;--awb-font-size:17.6px;--awb-width:35.2px;--awb-height:35.2px;--awb-line-height:33.2px;--awb-margin-right:10px;\"><\/i><\/span><\/td>\n<td style=\"width: 97.3202%;\"><a href=\"https:\/\/www.siliceysalud.es\/index.php\/control-de-la-exposicion\/actuaciones-tecnicas\/control-check\/\"><span style=\"font-size: 12pt;\"><strong><span style=\"font-family: helvetica, arial, sans-serif;\">Sigue leyendo sobre control mediante check list<\/span><\/strong><\/span><\/a><\/td>\n<\/tr>\n<\/tbody>\n<\/table>\n<p style=\"text-align: center;\">\u00a0<\/p>\n<\/div><div class=\"fusion-clearfix\"><\/div><\/div><\/div><\/div><\/div><\/p>\n","protected":false},"excerpt":{"rendered":"","protected":false},"author":1,"featured_media":0,"parent":118,"menu_order":0,"comment_status":"closed","ping_status":"closed","template":"100-width.php","meta":{"_exactmetrics_skip_tracking":false,"_exactmetrics_sitenote_active":false,"_exactmetrics_sitenote_note":"","_exactmetrics_sitenote_category":0,"footnotes":""},"class_list":["post-130","page","type-page","status-publish","hentry"],"_links":{"self":[{"href":"https:\/\/www.siliceysalud.es\/index.php\/wp-json\/wp\/v2\/pages\/130","targetHints":{"allow":["GET"]}}],"collection":[{"href":"https:\/\/www.siliceysalud.es\/index.php\/wp-json\/wp\/v2\/pages"}],"about":[{"href":"https:\/\/www.siliceysalud.es\/index.php\/wp-json\/wp\/v2\/types\/page"}],"author":[{"embeddable":true,"href":"https:\/\/www.siliceysalud.es\/index.php\/wp-json\/wp\/v2\/users\/1"}],"replies":[{"embeddable":true,"href":"https:\/\/www.siliceysalud.es\/index.php\/wp-json\/wp\/v2\/comments?post=130"}],"version-history":[{"count":9,"href":"https:\/\/www.siliceysalud.es\/index.php\/wp-json\/wp\/v2\/pages\/130\/revisions"}],"predecessor-version":[{"id":2907,"href":"https:\/\/www.siliceysalud.es\/index.php\/wp-json\/wp\/v2\/pages\/130\/revisions\/2907"}],"up":[{"embeddable":true,"href":"https:\/\/www.siliceysalud.es\/index.php\/wp-json\/wp\/v2\/pages\/118"}],"wp:attachment":[{"href":"https:\/\/www.siliceysalud.es\/index.php\/wp-json\/wp\/v2\/media?parent=130"}],"curies":[{"name":"wp","href":"https:\/\/api.w.org\/{rel}","templated":true}]}}