{"id":148,"date":"2019-09-11T13:33:18","date_gmt":"2019-09-11T11:33:18","guid":{"rendered":"https:\/\/www.siliceysalud.es\/?page_id=148"},"modified":"2023-10-20T11:49:14","modified_gmt":"2023-10-20T09:49:14","slug":"prevencion-primaria","status":"publish","type":"page","link":"https:\/\/www.siliceysalud.es\/index.php\/control-de-la-exposicion\/actuaciones-medicas\/prevencion-primaria\/","title":{"rendered":"Prevenci\u00f3n primaria"},"content":{"rendered":"<p><div class=\"fusion-fullwidth fullwidth-box fusion-builder-row-1 nonhundred-percent-fullwidth non-hundred-percent-height-scrolling\" style=\"--awb-border-radius-top-left:0px;--awb-border-radius-top-right:0px;--awb-border-radius-bottom-right:0px;--awb-border-radius-bottom-left:0px;--awb-flex-wrap:wrap;\" ><div class=\"fusion-builder-row fusion-row\"><div class=\"fusion-layout-column fusion_builder_column fusion-builder-column-0 fusion_builder_column_1_1 1_1 fusion-one-full fusion-column-first fusion-column-last\" style=\"--awb-bg-size:cover;\"><div class=\"fusion-column-wrapper fusion-column-has-shadow fusion-flex-column-wrapper-legacy\"><div class=\"fusion-text fusion-text-1\"><p style=\"text-align: justify;\"><span style=\"font-family: helvetica, arial, sans-serif; font-size: 14pt;\">La prevenci\u00f3n primaria consiste en mantener los niveles de polvo respirable dentro de los l\u00edmites\u00a0 que marca la legislaci\u00f3n. No obstante, toda reducci\u00f3n en la exposici\u00f3n <\/span><span style=\"font-family: helvetica, arial, sans-serif; font-size: 14pt;\">disminuir\u00e1 el riesgo de enfermedad.<\/span><\/p>\n<\/div><div class=\"fusion-clearfix\"><\/div><\/div><\/div><\/div><\/div><div class=\"fusion-fullwidth fullwidth-box fusion-builder-row-2 nonhundred-percent-fullwidth non-hundred-percent-height-scrolling\" style=\"--awb-border-radius-top-left:0px;--awb-border-radius-top-right:0px;--awb-border-radius-bottom-right:0px;--awb-border-radius-bottom-left:0px;--awb-flex-wrap:wrap;\" ><div class=\"fusion-builder-row fusion-row\"><div class=\"fusion-layout-column fusion_builder_column fusion-builder-column-1 fusion_builder_column_1_1 1_1 fusion-one-full fusion-column-first fusion-column-last\" style=\"--awb-bg-size:cover;\"><div class=\"fusion-column-wrapper fusion-column-has-shadow fusion-flex-column-wrapper-legacy\"><div class=\"fusion-tabs fusion-tabs-1 classic nav-is-justified horizontal-tabs icon-position-left mobile-mode-accordion\" style=\"--awb-title-border-radius-top-left:0px;--awb-title-border-radius-top-right:0px;--awb-title-border-radius-bottom-right:0px;--awb-title-border-radius-bottom-left:0px;--awb-alignment:start;--awb-inactive-color:#ebeaea;--awb-background-color:#ffffff;--awb-border-color:#ebeaea;--awb-active-border-color:#9d9c9c;\"><div class=\"nav\"><ul class=\"nav-tabs nav-justified\" role=\"tablist\" aria-orientation=\"horizontal\"><li class=\"active\" role=\"presentation\"><a class=\"tab-link\" data-toggle=\"tab\" role=\"tab\" aria-controls=\"tab-620e480cba2642db1a1\" aria-selected=\"true\" tabindex=\"0\" id=\"fusion-tab-620e480cba2642db1a1\" href=\"#tab-620e480cba2642db1a1\"><h4 class=\"fusion-tab-heading\">VIGILANCIA DE LA SALUD<\/h4><\/a><\/li><li  role=\"presentation\"><a class=\"tab-link\" data-toggle=\"tab\" role=\"tab\" aria-controls=\"tab-4458712bf5496b3f265\" aria-selected=\"false\" tabindex=\"-1\" id=\"fusion-tab-4458712bf5496b3f265\" href=\"#tab-4458712bf5496b3f265\"><h4 class=\"fusion-tab-heading\">INFORME EPIDEMIOL\u00d3GICO<\/h4><\/a><\/li><li  role=\"presentation\"><a class=\"tab-link\" data-toggle=\"tab\" role=\"tab\" aria-controls=\"tab-a85f533b767d86f623e\" aria-selected=\"false\" tabindex=\"-1\" id=\"fusion-tab-a85f533b767d86f623e\" href=\"#tab-a85f533b767d86f623e\"><h4 class=\"fusion-tab-heading\">PROTOCOLO DE VIGILANCIA DE LA SALUD<\/h4><\/a><\/li><\/ul><\/div><div class=\"tab-content\"><div class=\"nav fusion-mobile-tab-nav\"><ul class=\"nav-tabs nav-justified\" role=\"tablist\" aria-orientation=\"horizontal\"><li class=\"active\" role=\"presentation\"><a class=\"tab-link\" data-toggle=\"tab\" role=\"tab\" aria-controls=\"tab-620e480cba2642db1a1\" aria-selected=\"true\" tabindex=\"0\" id=\"mobile-fusion-tab-620e480cba2642db1a1\" href=\"#tab-620e480cba2642db1a1\"><h4 class=\"fusion-tab-heading\">VIGILANCIA DE LA SALUD<\/h4><\/a><\/li><\/ul><\/div><div class=\"tab-pane fade fusion-clearfix in active\" role=\"tabpanel\" tabindex=\"0\" aria-labelledby=\"fusion-tab-620e480cba2642db1a1\" id=\"tab-620e480cba2642db1a1\">\n<p style=\"text-align: justify;\"><span style=\"font-family: helvetica, arial, sans-serif; font-size: 14pt;\">La vigilancia de la salud es uno de los instrumentos que utiliza la medicina del trabajo para controlar y hacer el seguimiento de la repercusi\u00f3n de las condiciones de trabajo sobre la salud de la poblaci\u00f3n trabajadora, esta se realiza con la ayuda de diversos procedimientos de control de la salud, entre otros destacamos el protocolo de silicosis y otras neumoconiosis.<\/span><\/p>\n<p style=\"text-align: justify;\"><span style=\"font-family: helvetica, arial, sans-serif; font-size: 14pt;\">Para aquellos lugares de trabajo donde sea de aplicaci\u00f3n la <a href=\"https:\/\/www.boe.es\/buscar\/doc.php?id=BOE-A-2021-11458\">ITC 2.0.02<\/a>\u00a0del <a href=\"https:\/\/www.boe.es\/eli\/es\/rd\/1985\/04\/02\/863\">RGNBSM<\/a>, en el apartado 7 viene recogido lo referente a la vigilancia de la salud de aquellos trabajadores que est\u00e9n expuestos a s\u00edlice cristalina respirable.\u00a0<\/span><\/p>\n<p><span style=\"font-family: helvetica, arial, sans-serif; font-size: 14pt;\">En el protocolo de vigilancia de la salud espec\u00edfica. Silicosis, vienen determinados los diferentes criterios de valoraci\u00f3n de la aptitud para el trabajo.<\/span><\/p>\n<\/div><div class=\"nav fusion-mobile-tab-nav\"><ul class=\"nav-tabs nav-justified\" role=\"tablist\" aria-orientation=\"horizontal\"><li  role=\"presentation\"><a class=\"tab-link\" data-toggle=\"tab\" role=\"tab\" aria-controls=\"tab-4458712bf5496b3f265\" aria-selected=\"false\" tabindex=\"-1\" id=\"mobile-fusion-tab-4458712bf5496b3f265\" href=\"#tab-4458712bf5496b3f265\"><h4 class=\"fusion-tab-heading\">INFORME EPIDEMIOL\u00d3GICO<\/h4><\/a><\/li><\/ul><\/div><div class=\"tab-pane fade fusion-clearfix\" role=\"tabpanel\" tabindex=\"0\" aria-labelledby=\"fusion-tab-4458712bf5496b3f265\" id=\"tab-4458712bf5496b3f265\">\n<p style=\"text-align: justify;\"><span style=\"font-family: helvetica, arial, sans-serif; font-size: 14pt;\">La vigilancia de la salud en el trabajo se mueve entre dos enfoques complementarios<\/span><\/p>\n<p style=\"text-align: justify;\"><span style=\"font-family: helvetica, arial, sans-serif; font-size: 14pt;\">Por un lado, la vigilancia individualizada, enfocada a cada trabajador o trabajadora y, por otro lado, la vigilancia epidemiol\u00f3gica que va m\u00e1s all\u00e1 de los resultados individuales para poder valorar la repercusi\u00f3n que tienen las condiciones de trabajo, no solamente sobre la salud del individuo, sino sobre todo el colectivo.<\/span><\/p>\n<p style=\"text-align: justify;\"><span style=\"font-family: helvetica, arial, sans-serif; font-size: 14pt;\">Dicha <strong>valoraci\u00f3n colectiva<\/strong> de los resultados aporta conocimiento sobre el estado de salud de la empresa y permite establecer las prioridades de actuaci\u00f3n en materia de prevenci\u00f3n de riesgos, motivar la revisi\u00f3n de las actuaciones preventivas en funci\u00f3n de la aparici\u00f3n de da\u00f1os en la poblaci\u00f3n trabajadora y evaluar la eficacia del plan de prevenci\u00f3n de riesgos laborales a trav\u00e9s de la evoluci\u00f3n del estado de salud del colectivo de trabajadores.<\/span><\/p>\n<p style=\"text-align: justify;\"><span style=\"font-family: helvetica, arial, sans-serif; font-size: 14pt;\">(OSALAN. Instituto Vasco de Seguridad y Salud laborales, 2015).<\/span><\/p>\n<p><img decoding=\"async\" class=\"aligncenter size-full wp-image-1128\" src=\"https:\/\/www.siliceysalud.es\/wp-content\/uploads\/2019\/10\/COLECTIVO.jpg\" alt=\"\" width=\"300\" height=\"113\" srcset=\"https:\/\/www.siliceysalud.es\/wp-content\/uploads\/2019\/10\/COLECTIVO-200x75.jpg 200w, https:\/\/www.siliceysalud.es\/wp-content\/uploads\/2019\/10\/COLECTIVO.jpg 300w\" sizes=\"(max-width: 300px) 100vw, 300px\" \/><\/p>\n<\/div><div class=\"nav fusion-mobile-tab-nav\"><ul class=\"nav-tabs nav-justified\" role=\"tablist\" aria-orientation=\"horizontal\"><li  role=\"presentation\"><a class=\"tab-link\" data-toggle=\"tab\" role=\"tab\" aria-controls=\"tab-a85f533b767d86f623e\" aria-selected=\"false\" tabindex=\"-1\" id=\"mobile-fusion-tab-a85f533b767d86f623e\" href=\"#tab-a85f533b767d86f623e\"><h4 class=\"fusion-tab-heading\">PROTOCOLO DE VIGILANCIA DE LA SALUD<\/h4><\/a><\/li><\/ul><\/div><div class=\"tab-pane fade fusion-clearfix\" role=\"tabpanel\" tabindex=\"0\" aria-labelledby=\"fusion-tab-a85f533b767d86f623e\" id=\"tab-a85f533b767d86f623e\">\n<p style=\"text-align: justify;\"><span style=\"font-family: helvetica, arial, sans-serif; font-size: 14pt;\">Los protocolos de actuaci\u00f3n son utilizados para la realizaci\u00f3n de los controles m\u00e9dicos de salud y han sido elaborados por varios grupos de trabajo en el \u00e1mbito nacional y son publicados por el Ministerio de Sanidad, Servicios Sociales e Igualdad. Algunos de estos protocolos son adaptados o mejorados por grandes servicios de prevenci\u00f3n, pero para su aplicaci\u00f3n deber\u00e1n de estar aprobados por la Autoridad competente.<\/span><\/p>\n<p style=\"text-align: justify;\"><span style=\"font-family: helvetica, arial, sans-serif; font-size: 14pt;\">El protocolo de aplicaci\u00f3n para los trabajadores expuestos a s\u00edlice se denomina <a href=\"https:\/\/www.mscbs.gob.es\/ciudadanos\/saludAmbLaboral\/docs\/silicosis.pdf\"><strong>silicosis y otras neumoconiosis.<\/strong><\/a><\/span><\/p>\n<p style=\"text-align: justify;\"><span style=\"font-family: helvetica, arial, sans-serif; font-size: 14pt;\">En cuanto a la periodicidad est\u00e1 recogida en el apartado de <a href=\"https:\/\/www.siliceysalud.es\/index.php\/el-polvo-y-la-scr\/efectos-para-la-salud\/deteccion-y-tratamiento\/\"><strong>DETECCI\u00d3N Y TRATAMIENTO<\/strong><\/a> de esta p\u00e1gina web.<\/span><\/p>\n<\/div><\/div><\/div><div class=\"fusion-clearfix\"><\/div><\/div><\/div><\/div><\/div><div class=\"fusion-fullwidth fullwidth-box fusion-builder-row-3 nonhundred-percent-fullwidth non-hundred-percent-height-scrolling\" style=\"--awb-border-radius-top-left:0px;--awb-border-radius-top-right:0px;--awb-border-radius-bottom-right:0px;--awb-border-radius-bottom-left:0px;--awb-flex-wrap:wrap;\" ><div class=\"fusion-builder-row fusion-row\"><div class=\"fusion-layout-column fusion_builder_column fusion-builder-column-2 fusion_builder_column_1_1 1_1 fusion-one-full fusion-column-first fusion-column-last\" style=\"--awb-bg-size:cover;\"><div class=\"fusion-column-wrapper fusion-column-has-shadow fusion-flex-column-wrapper-legacy\"><div class=\"fusion-text fusion-text-2\"><table style=\"border-collapse: collapse; width: 100%;\">\n<tbody>\n<tr>\n<td style=\"width: 2.67977%; text-align: right;\"><span style=\"font-family: helvetica, arial, sans-serif; font-size: 14pt;\"><i class=\"fb-icon-element-1 fb-icon-element fontawesome-icon fa-angle-double-right fas circle-yes fusion-text-flow\" style=\"--awb-circlecolor:#00098b;--awb-circlecolor-hover:#00098b;--awb-circlebordercolor:#6caae4;--awb-circlebordercolor-hover:#6caae4;--awb-circlebordersize:1px;--awb-font-size:17.6px;--awb-width:35.2px;--awb-height:35.2px;--awb-line-height:33.2px;--awb-margin-right:10px;\"><\/i><\/span><\/td>\n<td style=\"width: 97.3202%;\"><a href=\"https:\/\/www.siliceysalud.es\/index.php\/control-de-la-exposicion\/actuaciones-medicas\/prevencion-secundaria\/\"><span style=\"font-size: 12pt;\"><strong><span style=\"font-family: helvetica, arial, sans-serif;\">Sigue leyendo sobre prevenci\u00f3n secundaria<\/span><\/strong><\/span><\/a><\/td>\n<\/tr>\n<\/tbody>\n<\/table>\n<\/div><div class=\"fusion-clearfix\"><\/div><\/div><\/div><\/div><\/div><\/p>\n","protected":false},"excerpt":{"rendered":"","protected":false},"author":1,"featured_media":0,"parent":120,"menu_order":0,"comment_status":"closed","ping_status":"closed","template":"100-width.php","meta":{"_exactmetrics_skip_tracking":false,"_exactmetrics_sitenote_active":false,"_exactmetrics_sitenote_note":"","_exactmetrics_sitenote_category":0,"footnotes":""},"class_list":["post-148","page","type-page","status-publish","hentry"],"_links":{"self":[{"href":"https:\/\/www.siliceysalud.es\/index.php\/wp-json\/wp\/v2\/pages\/148","targetHints":{"allow":["GET"]}}],"collection":[{"href":"https:\/\/www.siliceysalud.es\/index.php\/wp-json\/wp\/v2\/pages"}],"about":[{"href":"https:\/\/www.siliceysalud.es\/index.php\/wp-json\/wp\/v2\/types\/page"}],"author":[{"embeddable":true,"href":"https:\/\/www.siliceysalud.es\/index.php\/wp-json\/wp\/v2\/users\/1"}],"replies":[{"embeddable":true,"href":"https:\/\/www.siliceysalud.es\/index.php\/wp-json\/wp\/v2\/comments?post=148"}],"version-history":[{"count":17,"href":"https:\/\/www.siliceysalud.es\/index.php\/wp-json\/wp\/v2\/pages\/148\/revisions"}],"predecessor-version":[{"id":3174,"href":"https:\/\/www.siliceysalud.es\/index.php\/wp-json\/wp\/v2\/pages\/148\/revisions\/3174"}],"up":[{"embeddable":true,"href":"https:\/\/www.siliceysalud.es\/index.php\/wp-json\/wp\/v2\/pages\/120"}],"wp:attachment":[{"href":"https:\/\/www.siliceysalud.es\/index.php\/wp-json\/wp\/v2\/media?parent=148"}],"curies":[{"name":"wp","href":"https:\/\/api.w.org\/{rel}","templated":true}]}}