{"id":150,"date":"2019-09-11T13:33:52","date_gmt":"2019-09-11T11:33:52","guid":{"rendered":"https:\/\/www.siliceysalud.es\/?page_id=150"},"modified":"2023-10-20T11:50:26","modified_gmt":"2023-10-20T09:50:26","slug":"prevencion-secundaria","status":"publish","type":"page","link":"https:\/\/www.siliceysalud.es\/index.php\/control-de-la-exposicion\/actuaciones-medicas\/prevencion-secundaria\/","title":{"rendered":"Prevenci\u00f3n secundaria"},"content":{"rendered":"<p><div class=\"fusion-fullwidth fullwidth-box fusion-builder-row-1 nonhundred-percent-fullwidth non-hundred-percent-height-scrolling\" style=\"--awb-border-radius-top-left:0px;--awb-border-radius-top-right:0px;--awb-border-radius-bottom-right:0px;--awb-border-radius-bottom-left:0px;--awb-flex-wrap:wrap;\" ><div class=\"fusion-builder-row fusion-row\"><div class=\"fusion-layout-column fusion_builder_column fusion-builder-column-0 fusion_builder_column_1_3 1_3 fusion-one-third fusion-column-first\" style=\"--awb-bg-size:cover;width:33.333333333333%;width:calc(33.333333333333% - ( ( 3% ) * 0.33333333333333 ) );margin-right: 3%;\"><div class=\"fusion-column-wrapper fusion-column-has-shadow fusion-flex-column-wrapper-legacy\"><div class=\"fusion-image-element in-legacy-container\" style=\"--awb-caption-title-font-family:var(--h2_typography-font-family);--awb-caption-title-font-weight:var(--h2_typography-font-weight);--awb-caption-title-font-style:var(--h2_typography-font-style);--awb-caption-title-size:var(--h2_typography-font-size);--awb-caption-title-transform:var(--h2_typography-text-transform);--awb-caption-title-line-height:var(--h2_typography-line-height);--awb-caption-title-letter-spacing:var(--h2_typography-letter-spacing);\"><span class=\" fusion-imageframe imageframe-none imageframe-1 hover-type-none fusion-animated\" data-animationType=\"fadeInLeft\" data-animationDuration=\"0.3\" data-animationOffset=\"top-into-view\"><img decoding=\"async\" width=\"950\" height=\"633\" src=\"https:\/\/www.siliceysalud.es\/wp-content\/uploads\/2019\/10\/secundaria.jpg\" alt class=\"img-responsive wp-image-1133\" srcset=\"https:\/\/www.siliceysalud.es\/wp-content\/uploads\/2019\/10\/secundaria-200x133.jpg 200w, https:\/\/www.siliceysalud.es\/wp-content\/uploads\/2019\/10\/secundaria-400x267.jpg 400w, https:\/\/www.siliceysalud.es\/wp-content\/uploads\/2019\/10\/secundaria-600x400.jpg 600w, https:\/\/www.siliceysalud.es\/wp-content\/uploads\/2019\/10\/secundaria-800x533.jpg 800w, https:\/\/www.siliceysalud.es\/wp-content\/uploads\/2019\/10\/secundaria.jpg 950w\" sizes=\"(max-width: 800px) 100vw, 400px\" \/><\/span><\/div><div class=\"fusion-image-element in-legacy-container\" style=\"--awb-caption-title-font-family:var(--h2_typography-font-family);--awb-caption-title-font-weight:var(--h2_typography-font-weight);--awb-caption-title-font-style:var(--h2_typography-font-style);--awb-caption-title-size:var(--h2_typography-font-size);--awb-caption-title-transform:var(--h2_typography-text-transform);--awb-caption-title-line-height:var(--h2_typography-line-height);--awb-caption-title-letter-spacing:var(--h2_typography-letter-spacing);\"><span class=\" fusion-imageframe imageframe-none imageframe-2 hover-type-none fusion-animated\" data-animationType=\"fadeInLeft\" data-animationDuration=\"0.3\" data-animationOffset=\"top-into-view\"><img decoding=\"async\" width=\"1457\" height=\"1080\" src=\"https:\/\/www.siliceysalud.es\/wp-content\/uploads\/2019\/10\/secundaria-2.jpg\" alt class=\"img-responsive wp-image-1135\" srcset=\"https:\/\/www.siliceysalud.es\/wp-content\/uploads\/2019\/10\/secundaria-2-200x148.jpg 200w, https:\/\/www.siliceysalud.es\/wp-content\/uploads\/2019\/10\/secundaria-2-400x296.jpg 400w, https:\/\/www.siliceysalud.es\/wp-content\/uploads\/2019\/10\/secundaria-2-600x445.jpg 600w, https:\/\/www.siliceysalud.es\/wp-content\/uploads\/2019\/10\/secundaria-2-800x593.jpg 800w, https:\/\/www.siliceysalud.es\/wp-content\/uploads\/2019\/10\/secundaria-2-1200x889.jpg 1200w, https:\/\/www.siliceysalud.es\/wp-content\/uploads\/2019\/10\/secundaria-2.jpg 1457w\" sizes=\"(max-width: 800px) 100vw, 400px\" \/><\/span><\/div><div class=\"fusion-image-element in-legacy-container\" style=\"--awb-caption-title-font-family:var(--h2_typography-font-family);--awb-caption-title-font-weight:var(--h2_typography-font-weight);--awb-caption-title-font-style:var(--h2_typography-font-style);--awb-caption-title-size:var(--h2_typography-font-size);--awb-caption-title-transform:var(--h2_typography-text-transform);--awb-caption-title-line-height:var(--h2_typography-line-height);--awb-caption-title-letter-spacing:var(--h2_typography-letter-spacing);\"><span class=\" fusion-imageframe imageframe-none imageframe-3 hover-type-none fusion-animated\" data-animationType=\"fadeInLeft\" data-animationDuration=\"0.3\" data-animationOffset=\"top-into-view\"><img decoding=\"async\" width=\"1455\" height=\"1080\" src=\"https:\/\/www.siliceysalud.es\/wp-content\/uploads\/2019\/10\/secundaria-3.jpg\" alt class=\"img-responsive wp-image-1138\" srcset=\"https:\/\/www.siliceysalud.es\/wp-content\/uploads\/2019\/10\/secundaria-3-200x148.jpg 200w, https:\/\/www.siliceysalud.es\/wp-content\/uploads\/2019\/10\/secundaria-3-400x297.jpg 400w, https:\/\/www.siliceysalud.es\/wp-content\/uploads\/2019\/10\/secundaria-3-600x445.jpg 600w, https:\/\/www.siliceysalud.es\/wp-content\/uploads\/2019\/10\/secundaria-3-800x594.jpg 800w, https:\/\/www.siliceysalud.es\/wp-content\/uploads\/2019\/10\/secundaria-3-1200x891.jpg 1200w, https:\/\/www.siliceysalud.es\/wp-content\/uploads\/2019\/10\/secundaria-3.jpg 1455w\" sizes=\"(max-width: 800px) 100vw, 400px\" \/><\/span><\/div><div class=\"fusion-clearfix\"><\/div><\/div><\/div><div class=\"fusion-layout-column fusion_builder_column fusion-builder-column-1 fusion_builder_column_2_3 2_3 fusion-two-third fusion-column-last fusion-animated\" style=\"--awb-bg-size:cover;width:66.666666666667%;width:calc(66.666666666667% - ( ( 3% ) * 0.66666666666667 ) );\" data-animationType=\"fadeInLeft\" data-animationDuration=\"0.3\" data-animationOffset=\"top-into-view\"><div class=\"fusion-column-wrapper fusion-column-has-shadow fusion-flex-column-wrapper-legacy\"><div class=\"fusion-text fusion-text-1\"><p style=\"text-align: justify;\"><span style=\"font-family: helvetica, arial, sans-serif; font-size: 14pt;\">Debido a que las enfermedades profesionales relacionadas con la SCR pueden aparecer o evolucionar una vez cesada la exposici\u00f3n, se recomienda en estos casos continuar con los controles m\u00e9dicos, con la periodicidad que los Servicios Especializados de Neumolog\u00eda estimen oportuna en cada caso concreto.<\/span><\/p>\n<p style=\"text-align: justify;\"><span style=\"font-family: helvetica, arial, sans-serif; font-size: 14pt;\">Al final de la actividad laboral se debe de proporcionar a cada trabajador o trabajadora una informaci\u00f3n completa que le permita conocer y aceptar, si as\u00ed lo considera, los controles m\u00e9dicos que se le propondr\u00e1n.<\/span><\/p>\n<p style=\"text-align: justify;\"><span style=\"font-family: helvetica, arial, sans-serif; font-size: 14pt;\">Se informar\u00e1 nuevamente al trabajador o trabajadora sobre los riesgos para la salud derivados de la exposici\u00f3n a la s\u00edlice libre cristalina y sobre las patolog\u00edas que eventualmente puede llegar a sufrir, incluso despu\u00e9s de dejar de estar expuesto a la misma. Se le informar\u00e1 tambi\u00e9n de las pruebas m\u00e9dicas a las que ser\u00e1 sometido y de los beneficios que se espera de ellas tanto en el plano m\u00e9dico como en el social.<\/span><\/p>\n<p style=\"text-align: justify;\"><span style=\"font-family: helvetica, arial, sans-serif; font-size: 14pt;\">Dadas las relaciones de la exposici\u00f3n a la s\u00edlice libre cristalina y la silicosis con el c\u00e1ncer de pulm\u00f3n la tuberculosis y la EPOC, se recomienda que la vigilancia de la salud postocupacional tenga en cuenta estos aspectos en su desarrollo.<\/span><\/p>\n<p style=\"text-align: justify;\"><span style=\"font-family: helvetica, arial, sans-serif; font-size: 14pt;\">(Instituto Vasco de Seguridad y Salud Laborales (OSALAN))<\/span><\/p>\n<p style=\"text-align: justify;\"><span style=\"font-family: helvetica, arial, sans-serif; font-size: 14pt;\">En los casos de <strong>silicosis simple<\/strong> tendr\u00e1n una periodicidad m\u00ednima anual hasta que hayan transcurrido 5 a\u00f1os de la finalizaci\u00f3n de la exposici\u00f3n y la enfermedad se mantenga estable. A partir de los 5 a\u00f1os, la periodicidad podr\u00eda mantenerse cada 2 a\u00f1os, siempre que no aparezcan modificaciones en los s\u00edntomas.<\/span><\/p>\n<p style=\"text-align: justify;\"><span style=\"font-family: helvetica, arial, sans-serif; font-size: 14pt;\">En los casos de <strong>silicosis complicada<\/strong> se mantendr\u00e1n las revisiones al menos una vez al a\u00f1o, o m\u00e1s frecuentemente seg\u00fan las complicaciones.<\/span><\/p>\n<p style=\"text-align: justify;\"><span style=\"font-family: helvetica, arial, sans-serif; font-size: 14pt;\">Estas revisiones se realizar\u00e1n por facultativos\/as especialistas en Neumolog\u00eda.<\/span><\/p>\n<p style=\"text-align: justify;\"><span style=\"font-family: helvetica, arial, sans-serif; font-size: 14pt;\">(Servicio Andaluz de Salud \u2010 Consejer\u00eda de Salud, 2017)<\/span><\/p>\n<\/div><div class=\"fusion-clearfix\"><\/div><\/div><\/div><\/div><\/div><div class=\"fusion-fullwidth fullwidth-box fusion-builder-row-2 nonhundred-percent-fullwidth non-hundred-percent-height-scrolling\" style=\"--awb-border-radius-top-left:0px;--awb-border-radius-top-right:0px;--awb-border-radius-bottom-right:0px;--awb-border-radius-bottom-left:0px;--awb-flex-wrap:wrap;\" ><div class=\"fusion-builder-row fusion-row\"><div class=\"fusion-layout-column fusion_builder_column fusion-builder-column-2 fusion_builder_column_1_1 1_1 fusion-one-full fusion-column-first fusion-column-last\" style=\"--awb-bg-size:cover;\"><div class=\"fusion-column-wrapper fusion-column-has-shadow fusion-flex-column-wrapper-legacy\"><div class=\"fusion-text fusion-text-2\"><table style=\"border-collapse: collapse; width: 100%;\">\n<tbody>\n<tr>\n<td style=\"width: 2.67977%; text-align: right;\"><span style=\"font-family: helvetica, arial, sans-serif; font-size: 14pt;\"><i class=\"fb-icon-element-1 fb-icon-element fontawesome-icon fa-angle-double-right fas circle-yes fusion-text-flow\" style=\"--awb-circlecolor:#00098b;--awb-circlecolor-hover:#00098b;--awb-circlebordercolor:#6caae4;--awb-circlebordercolor-hover:#6caae4;--awb-circlebordersize:1px;--awb-font-size:17.6px;--awb-width:35.2px;--awb-height:35.2px;--awb-line-height:33.2px;--awb-margin-right:10px;\"><\/i><\/span><\/td>\n<td style=\"width: 97.3202%;\"><a href=\"https:\/\/www.siliceysalud.es\/index.php\/control-de-la-exposicion\/actuaciones-medicas\/prevencion-terciaria\/\"><span style=\"font-size: 12pt;\"><strong><span style=\"font-family: helvetica, arial, sans-serif;\">Sigue leyendo sobre prevenci\u00f3n terciaria<\/span><\/strong><\/span><\/a><\/td>\n<\/tr>\n<\/tbody>\n<\/table>\n<\/div><div class=\"fusion-clearfix\"><\/div><\/div><\/div><\/div><\/div><\/p>\n","protected":false},"excerpt":{"rendered":"","protected":false},"author":1,"featured_media":0,"parent":120,"menu_order":0,"comment_status":"closed","ping_status":"closed","template":"100-width.php","meta":{"_exactmetrics_skip_tracking":false,"_exactmetrics_sitenote_active":false,"_exactmetrics_sitenote_note":"","_exactmetrics_sitenote_category":0,"footnotes":""},"class_list":["post-150","page","type-page","status-publish","hentry"],"_links":{"self":[{"href":"https:\/\/www.siliceysalud.es\/index.php\/wp-json\/wp\/v2\/pages\/150","targetHints":{"allow":["GET"]}}],"collection":[{"href":"https:\/\/www.siliceysalud.es\/index.php\/wp-json\/wp\/v2\/pages"}],"about":[{"href":"https:\/\/www.siliceysalud.es\/index.php\/wp-json\/wp\/v2\/types\/page"}],"author":[{"embeddable":true,"href":"https:\/\/www.siliceysalud.es\/index.php\/wp-json\/wp\/v2\/users\/1"}],"replies":[{"embeddable":true,"href":"https:\/\/www.siliceysalud.es\/index.php\/wp-json\/wp\/v2\/comments?post=150"}],"version-history":[{"count":9,"href":"https:\/\/www.siliceysalud.es\/index.php\/wp-json\/wp\/v2\/pages\/150\/revisions"}],"predecessor-version":[{"id":3175,"href":"https:\/\/www.siliceysalud.es\/index.php\/wp-json\/wp\/v2\/pages\/150\/revisions\/3175"}],"up":[{"embeddable":true,"href":"https:\/\/www.siliceysalud.es\/index.php\/wp-json\/wp\/v2\/pages\/120"}],"wp:attachment":[{"href":"https:\/\/www.siliceysalud.es\/index.php\/wp-json\/wp\/v2\/media?parent=150"}],"curies":[{"name":"wp","href":"https:\/\/api.w.org\/{rel}","templated":true}]}}