{"id":152,"date":"2019-09-11T13:34:14","date_gmt":"2019-09-11T11:34:14","guid":{"rendered":"https:\/\/www.siliceysalud.es\/?page_id=152"},"modified":"2019-12-17T13:12:09","modified_gmt":"2019-12-17T12:12:09","slug":"prevencion-terciaria","status":"publish","type":"page","link":"https:\/\/www.siliceysalud.es\/index.php\/control-de-la-exposicion\/actuaciones-medicas\/prevencion-terciaria\/","title":{"rendered":"Prevenci\u00f3n terciaria"},"content":{"rendered":"<p><div class=\"fusion-fullwidth fullwidth-box fusion-builder-row-1 nonhundred-percent-fullwidth non-hundred-percent-height-scrolling\" style=\"--awb-border-radius-top-left:0px;--awb-border-radius-top-right:0px;--awb-border-radius-bottom-right:0px;--awb-border-radius-bottom-left:0px;--awb-flex-wrap:wrap;\" ><div class=\"fusion-builder-row fusion-row\"><div class=\"fusion-layout-column fusion_builder_column fusion-builder-column-0 fusion_builder_column_1_1 1_1 fusion-one-full fusion-column-first fusion-column-last\" style=\"--awb-bg-size:cover;\"><div class=\"fusion-column-wrapper fusion-column-has-shadow fusion-flex-column-wrapper-legacy\"><div class=\"fusion-text fusion-text-1\"><p style=\"text-align: justify;\"><span style=\"font-family: helvetica, arial, sans-serif; font-size: 14pt;\">Pretende evitar la progresi\u00f3n de la enfermedad ya establecida y el diagn\u00f3stico y tratamiento de sus complicaciones.<\/span><\/p>\n<p style=\"text-align: justify;\"><span style=\"font-family: helvetica, arial, sans-serif; font-size: 14pt;\"><b>El riesgo de desarrollar <\/b><\/span><span style=\"font-family: helvetica, arial, sans-serif; font-size: 14pt;\"><b>tuberculosis <\/b>en trabajadores con exposici\u00f3n a s\u00edlice, aun sin silicosis, es mayor que en la poblaci\u00f3n general, y entre los pacientes con silicosis aumenta de manera proporcional a la gravedad de la enfermedad. Adem\u00e1s la aparici\u00f3n de tuberculosis incrementa el <b>riesgo de progresi\u00f3n de la silicosis.<\/b><\/span><\/p>\n<p style=\"text-align: justify;\"><span style=\"font-family: helvetica, arial, sans-serif; font-size: 14pt;\">Tambi\u00e9n se ha observado que la silicosis constituye un factor de riesgo para que la infecci\u00f3n tuberculosa latente evolucione hacia la enfermedad tuberculosa activa. Por todo ello en los pacientes con silicosis <b>se recomienda realizar cribado peri\u00f3dico de infecci\u00f3n tuberculosa latente<\/b> y en su caso tratamiento, el cual al igual que el de la enfermedad tuberculosa, no tiene especificaciones diferentes a las pautas habituales.<\/span><\/p>\n<p style=\"text-align: justify;\"><span style=\"font-family: helvetica, arial, sans-serif; font-size: 14pt;\">El defecto ventilatorio obstructivo es una circunstancia muy frecuente en los casos de silicosis complicada. El tratamiento, incluyendo las formas en que se acompa\u00f1a de insuficiencia respiratoria, es similar al recomendado para el paciente con EPOC.<\/span><\/p>\n<p style=\"text-align: justify;\"><span style=\"font-family: helvetica, arial, sans-serif; font-size: 14pt;\">Los pacientes con silicosis, como portadores de una enfermedad respiratoria cr\u00f3nica, deben de ser vacunados contra el streptococcus pneumoniae y anualmente contra la gripe.<\/span><\/p>\n<p style=\"text-align: justify;\"><span style=\"font-family: helvetica, arial, sans-serif; font-size: 14pt;\"><b>La exposici\u00f3n a s\u00edlice aumenta el riesgo de c\u00e1ncer de pulm\u00f3n. <\/b>Esta asociaci\u00f3n es m\u00e1s evidente en el caso de las personas que padecen o que desarrollan silicosis. A d\u00eda de hoy no existen t\u00e9cnicas con un coste beneficio asumible que, en el caso de las personas expuestas a s\u00edlice, <\/span><span style=\"font-family: helvetica, arial, sans-serif; font-size: 14pt;\">permitan su detecci\u00f3n precoz.<\/span><\/p>\n<p style=\"text-align: justify;\"><span style=\"font-family: helvetica, arial, sans-serif; font-size: 14pt;\">El trasplante pulmonar podr\u00eda ser una alternativa en los casos graves de silicosis. Los estudios disponibles muestran una supervivencia similar a la de pacientes con EPOC u otras enfermedades intersticiales difusas.<\/span><\/p>\n<\/div><div class=\"fusion-clearfix\"><\/div><\/div><\/div><\/div><\/div><div class=\"fusion-fullwidth fullwidth-box fusion-builder-row-2 nonhundred-percent-fullwidth non-hundred-percent-height-scrolling\" style=\"--awb-border-radius-top-left:0px;--awb-border-radius-top-right:0px;--awb-border-radius-bottom-right:0px;--awb-border-radius-bottom-left:0px;--awb-flex-wrap:wrap;\" ><div class=\"fusion-builder-row fusion-row\"><div class=\"fusion-layout-column fusion_builder_column fusion-builder-column-1 fusion_builder_column_1_1 1_1 fusion-one-full fusion-column-first fusion-column-last\" style=\"--awb-bg-size:cover;\"><div class=\"fusion-column-wrapper fusion-column-has-shadow fusion-flex-column-wrapper-legacy\"><div class=\"fusion-text fusion-text-2\"><table style=\"border-collapse: collapse; width: 100%;\">\n<tbody>\n<tr>\n<td style=\"width: 2.39808%; text-align: left;\"><span style=\"font-family: helvetica, arial, sans-serif; font-size: 14pt;\"><i class=\"fb-icon-element-1 fb-icon-element fontawesome-icon fa-angle-double-right fas circle-yes fusion-text-flow\" style=\"--awb-circlecolor:#00098b;--awb-circlecolor-hover:#00098b;--awb-circlebordercolor:#6caae4;--awb-circlebordercolor-hover:#6caae4;--awb-circlebordersize:1px;--awb-font-size:17.6px;--awb-width:35.2px;--awb-height:35.2px;--awb-line-height:33.2px;--awb-margin-right:10px;\"><\/i><\/span><\/td>\n<td style=\"width: 97.6019%;\"><span style=\"font-size: 12pt;\"><a href=\"https:\/\/www.siliceysalud.es\/\"><strong><span style=\"font-family: helvetica, arial, sans-serif;\">Vuelve al men\u00fa principal<\/span><\/strong><\/a><\/span><\/td>\n<\/tr>\n<\/tbody>\n<\/table>\n<p style=\"text-align: center;\">\u00a0<\/p>\n<\/div><div class=\"fusion-clearfix\"><\/div><\/div><\/div><\/div><\/div><\/p>\n","protected":false},"excerpt":{"rendered":"","protected":false},"author":1,"featured_media":0,"parent":120,"menu_order":0,"comment_status":"closed","ping_status":"closed","template":"100-width.php","meta":{"_exactmetrics_skip_tracking":false,"_exactmetrics_sitenote_active":false,"_exactmetrics_sitenote_note":"","_exactmetrics_sitenote_category":0,"footnotes":""},"class_list":["post-152","page","type-page","status-publish","hentry"],"_links":{"self":[{"href":"https:\/\/www.siliceysalud.es\/index.php\/wp-json\/wp\/v2\/pages\/152","targetHints":{"allow":["GET"]}}],"collection":[{"href":"https:\/\/www.siliceysalud.es\/index.php\/wp-json\/wp\/v2\/pages"}],"about":[{"href":"https:\/\/www.siliceysalud.es\/index.php\/wp-json\/wp\/v2\/types\/page"}],"author":[{"embeddable":true,"href":"https:\/\/www.siliceysalud.es\/index.php\/wp-json\/wp\/v2\/users\/1"}],"replies":[{"embeddable":true,"href":"https:\/\/www.siliceysalud.es\/index.php\/wp-json\/wp\/v2\/comments?post=152"}],"version-history":[{"count":7,"href":"https:\/\/www.siliceysalud.es\/index.php\/wp-json\/wp\/v2\/pages\/152\/revisions"}],"predecessor-version":[{"id":2518,"href":"https:\/\/www.siliceysalud.es\/index.php\/wp-json\/wp\/v2\/pages\/152\/revisions\/2518"}],"up":[{"embeddable":true,"href":"https:\/\/www.siliceysalud.es\/index.php\/wp-json\/wp\/v2\/pages\/120"}],"wp:attachment":[{"href":"https:\/\/www.siliceysalud.es\/index.php\/wp-json\/wp\/v2\/media?parent=152"}],"curies":[{"name":"wp","href":"https:\/\/api.w.org\/{rel}","templated":true}]}}