{"id":18,"date":"2019-09-10T13:27:49","date_gmt":"2019-09-10T11:27:49","guid":{"rendered":"https:\/\/www.siliceysalud.es\/?page_id=18"},"modified":"2024-10-28T16:22:06","modified_gmt":"2024-10-28T15:22:06","slug":"entidades-sectores","status":"publish","type":"page","link":"https:\/\/www.siliceysalud.es\/index.php\/acerca-de\/entidades-sectores\/","title":{"rendered":"Entidades y sectores"},"content":{"rendered":"<p><div class=\"fusion-fullwidth fullwidth-box fusion-builder-row-1 hundred-percent-fullwidth non-hundred-percent-height-scrolling\" style=\"--awb-border-radius-top-left:0px;--awb-border-radius-top-right:0px;--awb-border-radius-bottom-right:0px;--awb-border-radius-bottom-left:0px;--awb-padding-right:0px;--awb-padding-left:0px;--awb-flex-wrap:wrap;\" ><div class=\"fusion-builder-row fusion-row\"><div class=\"fusion-layout-column fusion_builder_column fusion-builder-column-0 fusion_builder_column_1_1 1_1 fusion-one-full fusion-column-first fusion-column-last\" style=\"--awb-bg-size:cover;\"><div class=\"fusion-column-wrapper fusion-column-has-shadow fusion-flex-column-wrapper-legacy\"><div class=\"fusion-image-element in-legacy-container\" style=\"--awb-caption-title-font-family:var(--h2_typography-font-family);--awb-caption-title-font-weight:var(--h2_typography-font-weight);--awb-caption-title-font-style:var(--h2_typography-font-style);--awb-caption-title-size:var(--h2_typography-font-size);--awb-caption-title-transform:var(--h2_typography-text-transform);--awb-caption-title-line-height:var(--h2_typography-line-height);--awb-caption-title-letter-spacing:var(--h2_typography-letter-spacing);\"><span class=\" fusion-imageframe imageframe-none imageframe-1 hover-type-zoomout\"><img decoding=\"async\" width=\"1920\" height=\"522\" title=\"Arido6\" src=\"https:\/\/www.siliceysalud.es\/wp-content\/uploads\/2021\/02\/Arido6.jpg\" alt class=\"img-responsive wp-image-3028\" srcset=\"https:\/\/www.siliceysalud.es\/wp-content\/uploads\/2021\/02\/Arido6-200x54.jpg 200w, https:\/\/www.siliceysalud.es\/wp-content\/uploads\/2021\/02\/Arido6-400x109.jpg 400w, https:\/\/www.siliceysalud.es\/wp-content\/uploads\/2021\/02\/Arido6-600x163.jpg 600w, https:\/\/www.siliceysalud.es\/wp-content\/uploads\/2021\/02\/Arido6-800x218.jpg 800w, https:\/\/www.siliceysalud.es\/wp-content\/uploads\/2021\/02\/Arido6-1200x326.jpg 1200w, https:\/\/www.siliceysalud.es\/wp-content\/uploads\/2021\/02\/Arido6.jpg 1920w\" sizes=\"(max-width: 800px) 100vw, 1200px\" \/><\/span><\/div><div class=\"fusion-clearfix\"><\/div><\/div><\/div><\/div><\/div><div class=\"fusion-fullwidth fullwidth-box fusion-builder-row-2 nonhundred-percent-fullwidth non-hundred-percent-height-scrolling\" style=\"--awb-border-radius-top-left:0px;--awb-border-radius-top-right:0px;--awb-border-radius-bottom-right:0px;--awb-border-radius-bottom-left:0px;--awb-flex-wrap:wrap;\" ><div class=\"fusion-builder-row fusion-row\"><div class=\"fusion-layout-column fusion_builder_column fusion-builder-column-1 fusion_builder_column_1_1 1_1 fusion-one-full fusion-column-first fusion-column-last\" style=\"--awb-bg-size:cover;\"><div class=\"fusion-column-wrapper fusion-column-has-shadow fusion-flex-column-wrapper-legacy\"><div class=\"fusion-text fusion-text-1\"><p><span style=\"font-family: helvetica, arial, sans-serif; font-size: 14pt;\"><a href=\"https:\/\/primigea.es\/\">La Confederaci\u00f3n Espa\u00f1ola de las Industrias de las Materias Primas Minerales \u2013 PRIMIGEA<\/a>, nacida en 2019, tiene entre sus misiones fundamentales la representaci\u00f3n de todos los subsectores de la industria extractiva no energ\u00e9tica: arcillas, \u00e1ridos, arenas sil\u00edceas, cales, cementos, magnesitas, metalurgia, minerales industriales, miner\u00eda met\u00e1lica, metalurgia no f\u00e9rrea, pizarras, roca ornamental y yesos, ante las instituciones, entidades p\u00fablicas, privadas y administraciones, tanto en el \u00e1mbito nacional como internacional. Est\u00e1 constituida por:<\/span><\/p>\n<div class=\"wp-block-image\"><img decoding=\"async\" class=\"wpa-warning wpa-image-missing-alt size-full wp-image-3269 alignleft\" src=\"https:\/\/www.siliceysalud.es\/wp-content\/uploads\/2024\/10\/COMINROC.png\" alt=\"\" width=\"300\" height=\"74\" data-warning=\"Falta el texto alternativo\" srcset=\"https:\/\/www.siliceysalud.es\/wp-content\/uploads\/2024\/10\/COMINROC-200x49.png 200w, https:\/\/www.siliceysalud.es\/wp-content\/uploads\/2024\/10\/COMINROC.png 300w\" sizes=\"(max-width: 300px) 100vw, 300px\" \/><\/div>\n<p style=\"text-align: justify;\"><span style=\"font-family: helvetica, arial, sans-serif; font-size: 14pt;\">La <a href=\"http:\/\/www.cominroc.es\/\">Confederaci\u00f3n de Industrias Extractivas de Rocas y Minerales Industriales &#8211; COMINROC &#8211;<\/a>, constituida por las Federaciones y Asociaciones que representan a la industria extractiva vinculada a la producci\u00f3n de materias primas para la construcci\u00f3n y para otras industrias,<\/span><span style=\"font-family: helvetica, arial, sans-serif; font-size: 14pt;\">\u00a0y est\u00e1 constituida por las siguientes entidades:<\/span><\/p>\n<table style=\"border-collapse: collapse; width: 100%;\">\n<tbody>\n<tr>\n<td style=\"width: 51.046%;\"><a href=\"https:\/\/aindex.es\/\"><img decoding=\"async\" class=\"aligncenter wp-image-2296\" src=\"https:\/\/www.siliceysalud.es\/wp-content\/uploads\/2019\/12\/AINDEX.jpg\" alt=\"\" width=\"252\" height=\"200\" \/><\/a><\/td>\n<td style=\"width: 48.954%;\"><a href=\"http:\/\/www.ancade.es\/index.html\"><img decoding=\"async\" class=\"aligncenter wp-image-2307\" src=\"https:\/\/www.siliceysalud.es\/wp-content\/uploads\/2019\/12\/ancade_2.jpg\" alt=\"\" width=\"296\" height=\"160\" srcset=\"https:\/\/www.siliceysalud.es\/wp-content\/uploads\/2019\/12\/ancade_2-200x108.jpg 200w, https:\/\/www.siliceysalud.es\/wp-content\/uploads\/2019\/12\/ancade_2-300x162.jpg 300w, https:\/\/www.siliceysalud.es\/wp-content\/uploads\/2019\/12\/ancade_2-400x216.jpg 400w, https:\/\/www.siliceysalud.es\/wp-content\/uploads\/2019\/12\/ancade_2-600x325.jpg 600w, https:\/\/www.siliceysalud.es\/wp-content\/uploads\/2019\/12\/ancade_2-768x416.jpg 768w, https:\/\/www.siliceysalud.es\/wp-content\/uploads\/2019\/12\/ancade_2.jpg 791w\" sizes=\"(max-width: 296px) 100vw, 296px\" \/><\/a><\/td>\n<\/tr>\n<tr>\n<td style=\"width: 51.046%;\"><a href=\"http:\/\/www.atedy.es\/\"><img decoding=\"async\" class=\"aligncenter wp-image-2298\" src=\"https:\/\/www.siliceysalud.es\/wp-content\/uploads\/2019\/12\/atedy.jpg\" alt=\"\" width=\"356\" height=\"85\" srcset=\"https:\/\/www.siliceysalud.es\/wp-content\/uploads\/2019\/12\/atedy-200x48.jpg 200w, https:\/\/www.siliceysalud.es\/wp-content\/uploads\/2019\/12\/atedy-300x72.jpg 300w, https:\/\/www.siliceysalud.es\/wp-content\/uploads\/2019\/12\/atedy-400x96.jpg 400w, https:\/\/www.siliceysalud.es\/wp-content\/uploads\/2019\/12\/atedy-600x143.jpg 600w, https:\/\/www.siliceysalud.es\/wp-content\/uploads\/2019\/12\/atedy-768x184.jpg 768w, https:\/\/www.siliceysalud.es\/wp-content\/uploads\/2019\/12\/atedy.jpg 774w\" sizes=\"(max-width: 356px) 100vw, 356px\" \/><\/a><\/td>\n<td style=\"width: 48.954%;\"><a href=\"https:\/\/clusterpiedra.com\/\"><img decoding=\"async\" class=\"aligncenter wp-image-2309\" src=\"https:\/\/www.siliceysalud.es\/wp-content\/uploads\/2019\/12\/logo_cluster.jpg\" alt=\"\" width=\"304\" height=\"140\" srcset=\"https:\/\/www.siliceysalud.es\/wp-content\/uploads\/2019\/12\/logo_cluster-200x92.jpg 200w, https:\/\/www.siliceysalud.es\/wp-content\/uploads\/2019\/12\/logo_cluster-300x138.jpg 300w, https:\/\/www.siliceysalud.es\/wp-content\/uploads\/2019\/12\/logo_cluster-400x184.jpg 400w, https:\/\/www.siliceysalud.es\/wp-content\/uploads\/2019\/12\/logo_cluster-600x276.jpg 600w, https:\/\/www.siliceysalud.es\/wp-content\/uploads\/2019\/12\/logo_cluster.jpg 630w\" sizes=\"(max-width: 304px) 100vw, 304px\" \/><\/a><\/td>\n<\/tr>\n<tr>\n<td style=\"width: 51.046%;\"><a href=\"https:\/\/clusterdapizarra.com\/\"><img decoding=\"async\" class=\"aligncenter wp-image-2300 \" src=\"https:\/\/www.siliceysalud.es\/wp-content\/uploads\/2019\/12\/ClusterPizarra.jpg\" alt=\"\" width=\"273\" height=\"100\" \/><\/a><\/td>\n<td style=\"width: 48.954%;\"><img decoding=\"async\" class=\"wp-image-3094 size-medium aligncenter\" src=\"https:\/\/www.siliceysalud.es\/wp-content\/uploads\/2021\/07\/Logo-FdA-5-miembros-300x168.png\" alt=\"\" width=\"300\" height=\"168\" srcset=\"https:\/\/www.siliceysalud.es\/wp-content\/uploads\/2021\/07\/Logo-FdA-5-miembros-200x112.png 200w, https:\/\/www.siliceysalud.es\/wp-content\/uploads\/2021\/07\/Logo-FdA-5-miembros-300x168.png 300w, https:\/\/www.siliceysalud.es\/wp-content\/uploads\/2021\/07\/Logo-FdA-5-miembros-400x224.png 400w, https:\/\/www.siliceysalud.es\/wp-content\/uploads\/2021\/07\/Logo-FdA-5-miembros-600x336.png 600w, https:\/\/www.siliceysalud.es\/wp-content\/uploads\/2021\/07\/Logo-FdA-5-miembros-768x430.png 768w, https:\/\/www.siliceysalud.es\/wp-content\/uploads\/2021\/07\/Logo-FdA-5-miembros-800x448.png 800w, https:\/\/www.siliceysalud.es\/wp-content\/uploads\/2021\/07\/Logo-FdA-5-miembros-1024x574.png 1024w, https:\/\/www.siliceysalud.es\/wp-content\/uploads\/2021\/07\/Logo-FdA-5-miembros-1200x673.png 1200w, https:\/\/www.siliceysalud.es\/wp-content\/uploads\/2021\/07\/Logo-FdA-5-miembros-1536x861.png 1536w\" sizes=\"(max-width: 300px) 100vw, 300px\" \/><\/td>\n<\/tr>\n<tr>\n<td style=\"width: 51.046%;\"><a href=\"https:\/\/www.hispalyt.es\/es\"><img decoding=\"async\" class=\"aligncenter wp-image-2302\" src=\"https:\/\/www.siliceysalud.es\/wp-content\/uploads\/2019\/12\/Hispalyt-con-slogan-color.jpg\" alt=\"\" width=\"367\" height=\"140\" srcset=\"https:\/\/www.siliceysalud.es\/wp-content\/uploads\/2019\/12\/Hispalyt-con-slogan-color-200x76.jpg 200w, https:\/\/www.siliceysalud.es\/wp-content\/uploads\/2019\/12\/Hispalyt-con-slogan-color-300x115.jpg 300w, https:\/\/www.siliceysalud.es\/wp-content\/uploads\/2019\/12\/Hispalyt-con-slogan-color-400x153.jpg 400w, https:\/\/www.siliceysalud.es\/wp-content\/uploads\/2019\/12\/Hispalyt-con-slogan-color-600x229.jpg 600w, https:\/\/www.siliceysalud.es\/wp-content\/uploads\/2019\/12\/Hispalyt-con-slogan-color-768x293.jpg 768w, https:\/\/www.siliceysalud.es\/wp-content\/uploads\/2019\/12\/Hispalyt-con-slogan-color-800x305.jpg 800w, https:\/\/www.siliceysalud.es\/wp-content\/uploads\/2019\/12\/Hispalyt-con-slogan-color-1024x391.jpg 1024w, https:\/\/www.siliceysalud.es\/wp-content\/uploads\/2019\/12\/Hispalyt-con-slogan-color-1200x458.jpg 1200w, https:\/\/www.siliceysalud.es\/wp-content\/uploads\/2019\/12\/Hispalyt-con-slogan-color.jpg 1488w\" sizes=\"(max-width: 367px) 100vw, 367px\" \/><\/a><\/td>\n<td style=\"width: 48.954%;\"><img decoding=\"async\" class=\"aligncenter wp-image-2303\" src=\"https:\/\/www.siliceysalud.es\/wp-content\/uploads\/2019\/12\/Ibersil.jpg\" alt=\"\" width=\"505\" height=\"160\" srcset=\"https:\/\/www.siliceysalud.es\/wp-content\/uploads\/2019\/12\/Ibersil-200x63.jpg 200w, https:\/\/www.siliceysalud.es\/wp-content\/uploads\/2019\/12\/Ibersil-300x95.jpg 300w, https:\/\/www.siliceysalud.es\/wp-content\/uploads\/2019\/12\/Ibersil-400x127.jpg 400w, https:\/\/www.siliceysalud.es\/wp-content\/uploads\/2019\/12\/Ibersil-600x190.jpg 600w, https:\/\/www.siliceysalud.es\/wp-content\/uploads\/2019\/12\/Ibersil-768x244.jpg 768w, https:\/\/www.siliceysalud.es\/wp-content\/uploads\/2019\/12\/Ibersil-800x254.jpg 800w, https:\/\/www.siliceysalud.es\/wp-content\/uploads\/2019\/12\/Ibersil.jpg 1009w\" sizes=\"(max-width: 505px) 100vw, 505px\" \/><\/td>\n<\/tr>\n<tr>\n<td style=\"width: 51.046%;\"><img decoding=\"async\" class=\"aligncenter wp-image-2304\" src=\"https:\/\/www.siliceysalud.es\/wp-content\/uploads\/2019\/12\/MAGES-scaled.png\" alt=\"\" width=\"194\" height=\"140\" \/><\/td>\n<td style=\"width: 48.954%;\"><a href=\"https:\/\/www.oficemen.com\/\"><img decoding=\"async\" class=\"aligncenter wp-image-2315\" src=\"https:\/\/www.siliceysalud.es\/wp-content\/uploads\/2019\/12\/oficemen2a-scaled.jpg\" alt=\"\" width=\"312\" height=\"86\" \/><\/a><\/td>\n<\/tr>\n<\/tbody>\n<\/table>\n<div><\/div>\n<div><\/div>\n<div class=\"wp-block-image\"><img decoding=\"async\" class=\"wpa-warning wpa-image-missing-alt wp-image-3268 alignleft\" src=\"https:\/\/www.siliceysalud.es\/wp-content\/uploads\/2024\/10\/LOGO-CONFEDEM-1-1-500x129-1.jpg\" alt=\"\" width=\"260\" height=\"67\" data-warning=\"Falta el texto alternativo\" srcset=\"https:\/\/www.siliceysalud.es\/wp-content\/uploads\/2024\/10\/LOGO-CONFEDEM-1-1-500x129-1-200x52.jpg 200w, https:\/\/www.siliceysalud.es\/wp-content\/uploads\/2024\/10\/LOGO-CONFEDEM-1-1-500x129-1-300x77.jpg 300w, https:\/\/www.siliceysalud.es\/wp-content\/uploads\/2024\/10\/LOGO-CONFEDEM-1-1-500x129-1-400x103.jpg 400w, https:\/\/www.siliceysalud.es\/wp-content\/uploads\/2024\/10\/LOGO-CONFEDEM-1-1-500x129-1.jpg 500w\" sizes=\"(max-width: 260px) 100vw, 260px\" \/><\/div>\n<p><span style=\"font-family: helvetica, arial, sans-serif; font-size: 14pt;\">La <a href=\"http:\/\/confedem.com\/\">Confederaci\u00f3n Nacional de Empresarios de la Miner\u00eda y de la Metalurgia &#8211; CONFEDEM<\/a>, <\/span><span style=\"font-family: helvetica, arial, sans-serif; font-size: 14pt;\">instituci\u00f3n sin \u00e1nimo de lucro, confederada, aut\u00f3noma e independiente, para la coordinaci\u00f3n de las actividades socioecon\u00f3micas de las empresas y empresarios de la miner\u00eda, metalurgia y transformaci\u00f3n de los productos mineros en Espa\u00f1a.<\/span><\/p>\n<p><span style=\"font-family: helvetica, arial, sans-serif; font-size: 14pt;\">Engloba transversalmente a la casi totalidad del empresariado minerometal\u00fargico de nuestro Pa\u00eds, y a la Asociaci\u00f3n de Empresas Investigadoras, Extractoras, Transformadoras Minero-Metal\u00fargicas, Auxiliares y de Servicios -AMINER.<\/span><\/p>\n<\/div><div class=\"fusion-clearfix\"><\/div><\/div><\/div><\/div><\/div><div class=\"fusion-fullwidth fullwidth-box fusion-builder-row-3 nonhundred-percent-fullwidth non-hundred-percent-height-scrolling\" style=\"--awb-border-radius-top-left:0px;--awb-border-radius-top-right:0px;--awb-border-radius-bottom-right:0px;--awb-border-radius-bottom-left:0px;--awb-flex-wrap:wrap;\" ><div class=\"fusion-builder-row fusion-row\"><div class=\"fusion-layout-column fusion_builder_column fusion-builder-column-2 fusion_builder_column_1_1 1_1 fusion-one-full fusion-column-first fusion-column-last\" style=\"--awb-bg-size:cover;\"><div class=\"fusion-column-wrapper fusion-column-has-shadow fusion-flex-column-wrapper-legacy\"><div class=\"fusion-text fusion-text-2\"><table style=\"border-collapse: collapse; width: 100%;\">\n<tbody>\n<tr>\n<td style=\"width: 2.39808%; text-align: left;\"><span style=\"font-family: helvetica, arial, sans-serif; font-size: 14pt;\"><i class=\"fb-icon-element-1 fb-icon-element fontawesome-icon fa-angle-double-right fas circle-yes fusion-text-flow\" style=\"--awb-circlecolor:#00098b;--awb-circlecolor-hover:#00098b;--awb-circlebordercolor:#6caae4;--awb-circlebordercolor-hover:#6caae4;--awb-circlebordersize:1px;--awb-font-size:17.6px;--awb-width:35.2px;--awb-height:35.2px;--awb-line-height:33.2px;--awb-margin-right:10px;\"><\/i><\/span><\/td>\n<td style=\"width: 97.6019%;\"><span style=\"font-size: 12pt;\"><a href=\"https:\/\/www.siliceysalud.es\/\"><strong><span style=\"font-family: helvetica, arial, sans-serif;\">Vuelve al men\u00fa principal<\/span><\/strong><\/a><\/span><\/td>\n<\/tr>\n<\/tbody>\n<\/table>\n<\/div><div class=\"fusion-clearfix\"><\/div><\/div><\/div><\/div><\/div><\/p>\n","protected":false},"excerpt":{"rendered":"","protected":false},"author":1,"featured_media":0,"parent":7,"menu_order":0,"comment_status":"closed","ping_status":"closed","template":"100-width.php","meta":{"_exactmetrics_skip_tracking":false,"_exactmetrics_sitenote_active":false,"_exactmetrics_sitenote_note":"","_exactmetrics_sitenote_category":0,"footnotes":""},"class_list":["post-18","page","type-page","status-publish","hentry"],"_links":{"self":[{"href":"https:\/\/www.siliceysalud.es\/index.php\/wp-json\/wp\/v2\/pages\/18","targetHints":{"allow":["GET"]}}],"collection":[{"href":"https:\/\/www.siliceysalud.es\/index.php\/wp-json\/wp\/v2\/pages"}],"about":[{"href":"https:\/\/www.siliceysalud.es\/index.php\/wp-json\/wp\/v2\/types\/page"}],"author":[{"embeddable":true,"href":"https:\/\/www.siliceysalud.es\/index.php\/wp-json\/wp\/v2\/users\/1"}],"replies":[{"embeddable":true,"href":"https:\/\/www.siliceysalud.es\/index.php\/wp-json\/wp\/v2\/comments?post=18"}],"version-history":[{"count":23,"href":"https:\/\/www.siliceysalud.es\/index.php\/wp-json\/wp\/v2\/pages\/18\/revisions"}],"predecessor-version":[{"id":3270,"href":"https:\/\/www.siliceysalud.es\/index.php\/wp-json\/wp\/v2\/pages\/18\/revisions\/3270"}],"up":[{"embeddable":true,"href":"https:\/\/www.siliceysalud.es\/index.php\/wp-json\/wp\/v2\/pages\/7"}],"wp:attachment":[{"href":"https:\/\/www.siliceysalud.es\/index.php\/wp-json\/wp\/v2\/media?parent=18"}],"curies":[{"name":"wp","href":"https:\/\/api.w.org\/{rel}","templated":true}]}}