{"id":2025,"date":"2019-10-31T08:41:29","date_gmt":"2019-10-31T07:41:29","guid":{"rendered":"https:\/\/www.siliceysalud.es\/?page_id=2025"},"modified":"2019-10-31T09:34:13","modified_gmt":"2019-10-31T08:34:13","slug":"normativa-europea","status":"publish","type":"page","link":"https:\/\/www.siliceysalud.es\/index.php\/normativa-europea\/","title":{"rendered":"Normativa Europea"},"content":{"rendered":"<p><div class=\"fusion-fullwidth fullwidth-box fusion-builder-row-1 nonhundred-percent-fullwidth non-hundred-percent-height-scrolling\" style=\"--awb-border-radius-top-left:0px;--awb-border-radius-top-right:0px;--awb-border-radius-bottom-right:0px;--awb-border-radius-bottom-left:0px;--awb-flex-wrap:wrap;\" ><div class=\"fusion-builder-row fusion-row\"><div class=\"fusion-layout-column fusion_builder_column fusion-builder-column-0 fusion_builder_column_1_2 1_2 fusion-one-half fusion-column-first\" style=\"--awb-bg-size:cover;width:50%;width:calc(50% - ( ( 4% ) * 0.5 ) );margin-right: 4%;\"><div class=\"fusion-column-wrapper fusion-column-has-shadow fusion-flex-column-wrapper-legacy\"><div class=\"fusion-text fusion-text-1\"><table style=\"border-collapse: collapse; width: 100%;\">\n<tbody>\n<tr>\n<td style=\"width: 100%; background-color: #00098b; text-align: center;\"><span style=\"color: #ffffff; font-family: helvetica, arial, sans-serif;\"><span style=\"font-size: 18.6667px;\"><b>DIRECTIVA AGENTES QU\u00cdMICOS<\/b><\/span><\/span><\/td>\n<\/tr>\n<\/tbody>\n<\/table>\n<\/div><div class=\"fusion-flip-boxes flip-boxes row fusion-columns-1 flip-effect-classic\"><div class=\"fusion-flip-box-wrapper fusion-column col-lg-12 col-md-12 col-sm-12\"><div class=\"fusion-flip-box flip-right\" tabindex=\"0\"><div class=\"flip-box-inner-wrapper\"><div class=\"flip-box-front\" style=\"--awb-title-front-color:#ffffff;--awb-text-front-color:#ffffff;\"><div class=\"flip-box-front-inner\"><div class=\"flip-box-grafix flip-box-image\"><img decoding=\"async\" src=\"https:\/\/www.siliceysalud.es\/wp-content\/uploads\/2019\/10\/dierctiva_98_24_CE.jpg\" width=\"1136\" height=\"664\" alt=\"\" \/><\/div><\/div><\/div><div class=\"flip-box-back\" style=\"--awb-background-color-back:#6caae4;\"><div class=\"flip-box-back-inner\">\n<p style=\"text-align: left;\"><span style=\"font-size: 14pt; font-family: helvetica, arial, sans-serif;\">DIRECTIVA 98\/24\/CE DEL CONSEJO de 7 de abril de 1998 relativa a la protecci\u00f3n de la salud y la seguridad de los trabajadores contra los riesgos relacionados con los agentes qu\u00edmicos durante el trabajo (decimocuarta Directiva espec\u00edfica con arreglo al apartado 1 del art\u00edculo 16 de la Directiva 89\/391\/CEE).<\/span><\/p>\n<p style=\"text-align: left;\"><a href=\"https:\/\/www.boe.es\/eli\/es\/l\/1995\/11\/08\/31\/con\"><span style=\"color: #ffffff;\"><span style=\"font-family: helvetica, arial, sans-serif; font-size: 14pt;\"><i class=\"fb-icon-element-1 fb-icon-element fontawesome-icon fa-angle-double-right fas circle-yes fusion-text-flow\" style=\"--awb-circlebordersize:1px;--awb-font-size:28.16px;--awb-width:56.32px;--awb-height:56.32px;--awb-line-height:54.32px;--awb-margin-right:16px;\"><\/i><span style=\"color: #333333;\">Consulta la Directiva<\/span><\/span><\/span><\/a><\/p>\n<\/div><\/div><\/div><\/div><\/div><\/div><div class=\"clearfix\"><\/div><div class=\"fusion-clearfix\"><\/div><\/div><\/div><div class=\"fusion-layout-column fusion_builder_column fusion-builder-column-1 fusion_builder_column_1_2 1_2 fusion-one-half fusion-column-last\" style=\"--awb-bg-size:cover;width:50%;width:calc(50% - ( ( 4% ) * 0.5 ) );\"><div class=\"fusion-column-wrapper fusion-column-has-shadow fusion-flex-column-wrapper-legacy\"><div class=\"fusion-text fusion-text-2\"><table style=\"border-collapse: collapse; width: 103.735%;\">\n<tbody>\n<tr>\n<td style=\"width: 100%; background-color: #00098b; text-align: center;\"><span style=\"color: #ffffff; font-family: helvetica, arial, sans-serif;\"><b style=\"font-size: 18.6667px;\">ACUERDO <\/b><span style=\"font-size: 18.6667px;\"><b>MANIPULACI\u00d3N<\/b><\/span><b style=\"font-size: 18.6667px;\"> USO S\u00cdLICE CRISTALINA<\/b><\/span><\/td>\n<\/tr>\n<\/tbody>\n<\/table>\n<\/div><div class=\"fusion-flip-boxes flip-boxes row fusion-columns-1 flip-effect-classic\"><div class=\"fusion-flip-box-wrapper fusion-column col-lg-12 col-md-12 col-sm-12\"><div class=\"fusion-flip-box flip-right\" tabindex=\"0\"><div class=\"flip-box-inner-wrapper\"><div class=\"flip-box-front\"><div class=\"flip-box-front-inner\"><div class=\"flip-box-grafix flip-box-image\"><img decoding=\"async\" src=\"https:\/\/www.siliceysalud.es\/wp-content\/uploads\/2019\/10\/ACUERDO_2006.jpg\" width=\"1136\" height=\"664\" alt=\"\" \/><\/div><\/div><\/div><div class=\"flip-box-back\" style=\"--awb-background-color-back:#6caae4;--awb-text-back-color:#ffffff;\"><div class=\"flip-box-back-inner\">\n<p style=\"text-align: left;\"><span style=\"font-family: helvetica, arial, sans-serif; font-size: 14pt;\">Acuerdo sobre la protecci\u00f3n de la salud de los trabajadores para la adecuada manipulaci\u00f3n y el buen uso de la s\u00edlice cristalina y de los productos que la contienen.<\/span><\/p>\n<p style=\"text-align: left;\"><a href=\"https:\/\/eur-lex.europa.eu\/legal-content\/ES\/TXT\/PDF\/?uri=CELEX:42006A1117(01)&amp;from=ES\"><span style=\"font-family: helvetica, arial, sans-serif; font-size: 14pt;\"><i class=\"fb-icon-element-2 fb-icon-element fontawesome-icon fa-angle-double-right fas circle-yes fusion-text-flow\" style=\"--awb-circlebordersize:1px;--awb-font-size:28.16px;--awb-width:56.32px;--awb-height:56.32px;--awb-line-height:54.32px;--awb-margin-right:16px;\"><\/i>Consulta el Acuerdo<\/span><\/a><\/p>\n<\/div><\/div><\/div><\/div><\/div><\/div><div class=\"clearfix\"><\/div><div class=\"fusion-clearfix\"><\/div><\/div><\/div><\/div><\/div><div class=\"fusion-fullwidth fullwidth-box fusion-builder-row-2 nonhundred-percent-fullwidth non-hundred-percent-height-scrolling\" style=\"--awb-border-radius-top-left:0px;--awb-border-radius-top-right:0px;--awb-border-radius-bottom-right:0px;--awb-border-radius-bottom-left:0px;--awb-flex-wrap:wrap;\" ><div class=\"fusion-builder-row fusion-row\"><div class=\"fusion-layout-column fusion_builder_column fusion-builder-column-2 fusion_builder_column_1_2 1_2 fusion-one-half fusion-column-first\" style=\"--awb-bg-size:cover;width:50%;width:calc(50% - ( ( 4% ) * 0.5 ) );margin-right: 4%;\"><div class=\"fusion-column-wrapper fusion-column-has-shadow fusion-flex-column-wrapper-legacy\"><div class=\"fusion-text fusion-text-3\"><table style=\"border-collapse: collapse; width: 100%;\">\n<tbody>\n<tr>\n<td style=\"width: 100%; background-color: #00098b; text-align: center;\"><span style=\"color: #ffffff; font-family: helvetica, arial, sans-serif;\"><span style=\"font-size: 18.6667px;\"><b>DIRECTIVA AGENTES CANCER\u00cdGENOS O MUT\u00c1GENOS<\/b><\/span><\/span><\/td>\n<\/tr>\n<\/tbody>\n<\/table>\n<\/div><div class=\"fusion-flip-boxes flip-boxes row fusion-columns-1 flip-effect-classic\"><div class=\"fusion-flip-box-wrapper fusion-column col-lg-12 col-md-12 col-sm-12\"><div class=\"fusion-flip-box flip-right\" tabindex=\"0\"><div class=\"flip-box-inner-wrapper\"><div class=\"flip-box-front\" style=\"--awb-title-front-color:#ffffff;--awb-text-front-color:#ffffff;\"><div class=\"flip-box-front-inner\"><div class=\"flip-box-grafix flip-box-image\"><img decoding=\"async\" src=\"https:\/\/www.siliceysalud.es\/wp-content\/uploads\/2019\/10\/DIRECTIVA_2017.jpg\" width=\"1136\" height=\"664\" alt=\"\" \/><\/div><\/div><\/div><div class=\"flip-box-back\" style=\"--awb-background-color-back:#6caae4;\"><div class=\"flip-box-back-inner\">\n<p style=\"text-align: left;\"><span style=\"font-family: helvetica, arial, sans-serif; font-size: 14pt;\">DIRECTIVA (UE) 2017\/2398 DEL PARLAMENTO EUROPEO Y DEL CONSEJO de 12 de diciembre de 2017 por la que se modifica la Directiva 2004\/37\/CE relativa a la protecci\u00f3n de los trabajadores contra los riesgos relacionados con la exposici\u00f3n a agentes carcin\u00f3genos o mut\u00e1genos durante el trabajo (Texto pertinente a efectos del EEE).<\/span><\/p>\n<p style=\"text-align: left;\"><a href=\"https:\/\/www.boe.es\/eli\/es\/l\/1995\/11\/08\/31\/con\"><span style=\"color: #ffffff;\"><span style=\"font-family: helvetica, arial, sans-serif; font-size: 14pt;\"><i class=\"fb-icon-element-3 fb-icon-element fontawesome-icon fa-angle-double-right fas circle-yes fusion-text-flow\" style=\"--awb-circlebordersize:1px;--awb-font-size:28.16px;--awb-width:56.32px;--awb-height:56.32px;--awb-line-height:54.32px;--awb-margin-right:16px;\"><\/i><span style=\"color: #333333;\">Consulta la Directiva<\/span><\/span><\/span><\/a><\/p>\n<\/div><\/div><\/div><\/div><\/div><\/div><div class=\"clearfix\"><\/div><div class=\"fusion-clearfix\"><\/div><\/div><\/div><div class=\"fusion-layout-column fusion_builder_column fusion-builder-column-3 fusion_builder_column_1_2 1_2 fusion-one-half fusion-column-last\" style=\"--awb-bg-size:cover;width:50%;width:calc(50% - ( ( 4% ) * 0.5 ) );\"><div class=\"fusion-column-wrapper fusion-column-has-shadow fusion-flex-column-wrapper-legacy\"><div class=\"fusion-text fusion-text-4\"><table style=\"border-collapse: collapse; width: 103.735%;\">\n<tbody>\n<tr>\n<td style=\"width: 100%; background-color: #00098b; text-align: center;\"><span style=\"color: #ffffff; font-family: helvetica, arial, sans-serif;\"><span style=\"font-size: 18.6667px;\"><b>REGLAMENTO CLP<\/b><\/span><\/span><\/td>\n<\/tr>\n<\/tbody>\n<\/table>\n<\/div><div class=\"fusion-flip-boxes flip-boxes row fusion-columns-1 flip-effect-classic\"><div class=\"fusion-flip-box-wrapper fusion-column col-lg-12 col-md-12 col-sm-12\"><div class=\"fusion-flip-box flip-right\" tabindex=\"0\"><div class=\"flip-box-inner-wrapper\"><div class=\"flip-box-front\"><div class=\"flip-box-front-inner\"><div class=\"flip-box-grafix flip-box-image\"><img decoding=\"async\" src=\"https:\/\/www.siliceysalud.es\/wp-content\/uploads\/2019\/10\/REGLAMENTO_CLP.jpg\" width=\"1136\" height=\"664\" alt=\"\" \/><\/div><\/div><\/div><div class=\"flip-box-back\" style=\"--awb-background-color-back:#6caae4;--awb-text-back-color:#ffffff;\"><div class=\"flip-box-back-inner\">\n<p style=\"text-align: left;\"><span style=\"font-family: helvetica, arial, sans-serif; font-size: 14pt;\">Reglamento CE n\u00ba 1272\/2008: clasificaci\u00f3n, etiquetado y envasado de sustancias y mezclas (Reglamento CLP).<\/span><\/p>\n<p style=\"text-align: left;\"><a href=\"https:\/\/eur-lex.europa.eu\/legal-content\/ES\/TXT\/PDF\/?uri=CELEX:32008R1272&amp;from=ES\"><span style=\"font-family: helvetica, arial, sans-serif; font-size: 14pt;\"><i class=\"fb-icon-element-4 fb-icon-element fontawesome-icon fa-angle-double-right fas circle-yes fusion-text-flow\" style=\"--awb-circlebordersize:1px;--awb-font-size:28.16px;--awb-width:56.32px;--awb-height:56.32px;--awb-line-height:54.32px;--awb-margin-right:16px;\"><\/i>Consulta el Reglamento<\/span><\/a><\/p>\n<\/div><\/div><\/div><\/div><\/div><\/div><div class=\"clearfix\"><\/div><div class=\"fusion-clearfix\"><\/div><\/div><\/div><\/div><\/div><div class=\"fusion-fullwidth fullwidth-box fusion-builder-row-3 nonhundred-percent-fullwidth non-hundred-percent-height-scrolling\" style=\"--awb-border-radius-top-left:0px;--awb-border-radius-top-right:0px;--awb-border-radius-bottom-right:0px;--awb-border-radius-bottom-left:0px;--awb-flex-wrap:wrap;\" ><div class=\"fusion-builder-row fusion-row\"><div class=\"fusion-layout-column fusion_builder_column fusion-builder-column-4 fusion_builder_column_1_1 1_1 fusion-one-full fusion-column-first fusion-column-last\" style=\"--awb-bg-size:cover;\"><div class=\"fusion-column-wrapper fusion-column-has-shadow fusion-flex-column-wrapper-legacy\"><div class=\"fusion-text fusion-text-5\"><table style=\"border-collapse: collapse; width: 100%;\">\n<tbody>\n<tr>\n<td style=\"width: 2.39808%; text-align: right;\"><span style=\"font-family: helvetica, arial, sans-serif; font-size: 14pt;\"><i class=\"fb-icon-element-5 fb-icon-element fontawesome-icon fa-angle-double-right fas circle-yes fusion-text-flow\" style=\"--awb-circlecolor:#00098b;--awb-circlecolor-hover:#00098b;--awb-circlebordercolor:#6caae4;--awb-circlebordercolor-hover:#6caae4;--awb-circlebordersize:1px;--awb-font-size:26.4px;--awb-width:52.8px;--awb-height:52.8px;--awb-line-height:50.8px;--awb-margin-right:15px;\"><\/i><\/span><\/td>\n<td style=\"width: 97.6019%;\"><a href=\"https:\/\/www.siliceysalud.es\/\"><strong><span style=\"font-family: helvetica, arial, sans-serif; font-size: 14pt;\">Vuelve al men\u00fa principal<\/span><\/strong><\/a><\/td>\n<\/tr>\n<\/tbody>\n<\/table>\n<p style=\"text-align: center;\">\u00a0<\/p>\n<\/div><div class=\"fusion-clearfix\"><\/div><\/div><\/div><\/div><\/div><\/p>\n","protected":false},"excerpt":{"rendered":"","protected":false},"author":2,"featured_media":0,"parent":0,"menu_order":0,"comment_status":"closed","ping_status":"closed","template":"100-width.php","meta":{"_exactmetrics_skip_tracking":false,"_exactmetrics_sitenote_active":false,"_exactmetrics_sitenote_note":"","_exactmetrics_sitenote_category":0,"footnotes":""},"class_list":["post-2025","page","type-page","status-publish","hentry"],"_links":{"self":[{"href":"https:\/\/www.siliceysalud.es\/index.php\/wp-json\/wp\/v2\/pages\/2025","targetHints":{"allow":["GET"]}}],"collection":[{"href":"https:\/\/www.siliceysalud.es\/index.php\/wp-json\/wp\/v2\/pages"}],"about":[{"href":"https:\/\/www.siliceysalud.es\/index.php\/wp-json\/wp\/v2\/types\/page"}],"author":[{"embeddable":true,"href":"https:\/\/www.siliceysalud.es\/index.php\/wp-json\/wp\/v2\/users\/2"}],"replies":[{"embeddable":true,"href":"https:\/\/www.siliceysalud.es\/index.php\/wp-json\/wp\/v2\/comments?post=2025"}],"version-history":[{"count":14,"href":"https:\/\/www.siliceysalud.es\/index.php\/wp-json\/wp\/v2\/pages\/2025\/revisions"}],"predecessor-version":[{"id":2069,"href":"https:\/\/www.siliceysalud.es\/index.php\/wp-json\/wp\/v2\/pages\/2025\/revisions\/2069"}],"wp:attachment":[{"href":"https:\/\/www.siliceysalud.es\/index.php\/wp-json\/wp\/v2\/media?parent=2025"}],"curies":[{"name":"wp","href":"https:\/\/api.w.org\/{rel}","templated":true}]}}