{"id":28,"date":"2019-09-10T13:55:50","date_gmt":"2019-09-10T11:55:50","guid":{"rendered":"https:\/\/www.siliceysalud.es\/?page_id=28"},"modified":"2023-10-20T10:56:54","modified_gmt":"2023-10-20T08:56:54","slug":"el-polvo","status":"publish","type":"page","link":"https:\/\/www.siliceysalud.es\/index.php\/el-polvo-y-la-scr\/el-polvo\/","title":{"rendered":"El polvo"},"content":{"rendered":"<p><div class=\"fusion-fullwidth fullwidth-box fusion-builder-row-1 hundred-percent-fullwidth non-hundred-percent-height-scrolling\" style=\"--awb-border-radius-top-left:0px;--awb-border-radius-top-right:0px;--awb-border-radius-bottom-right:0px;--awb-border-radius-bottom-left:0px;--awb-padding-right:0px;--awb-padding-left:1px;--awb-flex-wrap:wrap;\" ><div class=\"fusion-builder-row fusion-row\"><div class=\"fusion-layout-column fusion_builder_column fusion-builder-column-0 fusion_builder_column_1_1 1_1 fusion-one-full fusion-column-first fusion-column-last\" style=\"--awb-bg-size:cover;\"><div class=\"fusion-column-wrapper fusion-column-has-shadow fusion-flex-column-wrapper-legacy\"><div class=\"fusion-image-element fusion-image-align-center in-legacy-container\" style=\"text-align:center;--awb-caption-title-font-family:var(--h2_typography-font-family);--awb-caption-title-font-weight:var(--h2_typography-font-weight);--awb-caption-title-font-style:var(--h2_typography-font-style);--awb-caption-title-size:var(--h2_typography-font-size);--awb-caption-title-transform:var(--h2_typography-text-transform);--awb-caption-title-line-height:var(--h2_typography-line-height);--awb-caption-title-letter-spacing:var(--h2_typography-letter-spacing);\"><div class=\"imageframe-align-center\"><span class=\" fusion-imageframe imageframe-none imageframe-1 hover-type-zoomout\"><img decoding=\"async\" width=\"1920\" height=\"524\" title=\"Arido 2\" src=\"https:\/\/www.siliceysalud.es\/wp-content\/uploads\/2021\/02\/Arido-2.jpg\" alt class=\"img-responsive wp-image-3024\" srcset=\"https:\/\/www.siliceysalud.es\/wp-content\/uploads\/2021\/02\/Arido-2-200x55.jpg 200w, https:\/\/www.siliceysalud.es\/wp-content\/uploads\/2021\/02\/Arido-2-400x109.jpg 400w, https:\/\/www.siliceysalud.es\/wp-content\/uploads\/2021\/02\/Arido-2-600x164.jpg 600w, https:\/\/www.siliceysalud.es\/wp-content\/uploads\/2021\/02\/Arido-2-800x218.jpg 800w, https:\/\/www.siliceysalud.es\/wp-content\/uploads\/2021\/02\/Arido-2-1200x328.jpg 1200w, https:\/\/www.siliceysalud.es\/wp-content\/uploads\/2021\/02\/Arido-2.jpg 1920w\" sizes=\"(max-width: 800px) 100vw, 1200px\" \/><\/span><\/div><\/div><div class=\"fusion-clearfix\"><\/div><\/div><\/div><\/div><\/div><div class=\"fusion-fullwidth fullwidth-box fusion-builder-row-2 nonhundred-percent-fullwidth non-hundred-percent-height-scrolling\" style=\"--awb-border-radius-top-left:0px;--awb-border-radius-top-right:0px;--awb-border-radius-bottom-right:0px;--awb-border-radius-bottom-left:0px;--awb-flex-wrap:wrap;\" ><div class=\"fusion-builder-row fusion-row\"><div class=\"fusion-layout-column fusion_builder_column fusion-builder-column-1 fusion_builder_column_1_2 1_2 fusion-one-half fusion-column-first\" style=\"--awb-bg-size:cover;width:50%;width:calc(50% - ( ( 4% ) * 0.5 ) );margin-right: 4%;\"><div class=\"fusion-column-wrapper fusion-column-has-shadow fusion-flex-column-wrapper-legacy\"><div class=\"fusion-text fusion-text-1\"><p style=\"text-align: justify;\"><span style=\"font-family: helvetica, arial, sans-serif; font-size: 14pt;\">La exposici\u00f3n a polvo en el lugar de trabajo constituye un factor de riesgo que puede afectar a los trabajadores, gener\u00e1ndoles enfermedades respiratorias por exposici\u00f3n al mismo.<\/span><\/p>\n<p style=\"text-align: justify;\"><span style=\"font-family: helvetica, arial, sans-serif; font-size: 14pt;\">El polvo es considerado como un agente qu\u00edmico peligroso; \u00e9ste puede representar un riesgo para la seguridad y salud de los trabajadores debido a sus propiedades fisicoqu\u00edmicas, qu\u00edmicas o toxicol\u00f3gicas y a la forma en que se utiliza o se halla presente en el lugar de trabajo.<\/span><\/p>\n<p style=\"text-align: justify;\"><span style=\"font-family: helvetica, arial, sans-serif; font-size: 14pt;\">El polvo puede estar compuesto por part\u00edculas o bien por fibras, siendo estas \u00faltimas m\u00e1s largas que anchas. En el apartado de <a href=\"https:\/\/www.siliceysalud.es\/index.php\/el-polvo-y-la-scr\/la-silice\/\"><strong>La s\u00edlice<\/strong><\/a>, podemos ampliar informaci\u00f3n.<\/span><\/p>\n<\/div><div class=\"fusion-clearfix\"><\/div><\/div><\/div><div class=\"fusion-layout-column fusion_builder_column fusion-builder-column-2 fusion_builder_column_1_2 1_2 fusion-one-half fusion-column-last\" style=\"--awb-bg-size:cover;width:50%;width:calc(50% - ( ( 4% ) * 0.5 ) );\"><div class=\"fusion-column-wrapper fusion-column-has-shadow fusion-flex-column-wrapper-legacy\"><div class=\"fusion-image-element in-legacy-container\" style=\"--awb-caption-title-font-family:var(--h2_typography-font-family);--awb-caption-title-font-weight:var(--h2_typography-font-weight);--awb-caption-title-font-style:var(--h2_typography-font-style);--awb-caption-title-size:var(--h2_typography-font-size);--awb-caption-title-transform:var(--h2_typography-text-transform);--awb-caption-title-line-height:var(--h2_typography-line-height);--awb-caption-title-letter-spacing:var(--h2_typography-letter-spacing);\"><span class=\" fusion-imageframe imageframe-none imageframe-2 hover-type-none\"><img decoding=\"async\" width=\"1024\" height=\"768\" title=\"Montana polvo\" src=\"https:\/\/www.siliceysalud.es\/wp-content\/uploads\/2019\/10\/Montana-polvo-1024x768.jpg\" alt class=\"img-responsive wp-image-521\" srcset=\"https:\/\/www.siliceysalud.es\/wp-content\/uploads\/2019\/10\/Montana-polvo-200x150.jpg 200w, https:\/\/www.siliceysalud.es\/wp-content\/uploads\/2019\/10\/Montana-polvo-400x300.jpg 400w, https:\/\/www.siliceysalud.es\/wp-content\/uploads\/2019\/10\/Montana-polvo-600x450.jpg 600w, https:\/\/www.siliceysalud.es\/wp-content\/uploads\/2019\/10\/Montana-polvo-800x600.jpg 800w, https:\/\/www.siliceysalud.es\/wp-content\/uploads\/2019\/10\/Montana-polvo-1200x900.jpg 1200w, https:\/\/www.siliceysalud.es\/wp-content\/uploads\/2019\/10\/Montana-polvo.jpg 1440w\" sizes=\"(max-width: 800px) 100vw, 600px\" \/><\/span><\/div><div class=\"fusion-clearfix\"><\/div><\/div><\/div><\/div><\/div><div class=\"fusion-fullwidth fullwidth-box fusion-builder-row-3 nonhundred-percent-fullwidth non-hundred-percent-height-scrolling\" style=\"--awb-border-radius-top-left:0px;--awb-border-radius-top-right:0px;--awb-border-radius-bottom-right:0px;--awb-border-radius-bottom-left:0px;--awb-flex-wrap:wrap;\" ><div class=\"fusion-builder-row fusion-row\"><div class=\"fusion-layout-column fusion_builder_column fusion-builder-column-3 fusion_builder_column_1_2 1_2 fusion-one-half fusion-column-first\" style=\"--awb-bg-size:cover;width:50%;width:calc(50% - ( ( 4% ) * 0.5 ) );margin-right: 4%;\"><div class=\"fusion-column-wrapper fusion-column-has-shadow fusion-flex-column-wrapper-legacy\"><div class=\"fusion-image-element in-legacy-container\" style=\"--awb-caption-title-font-family:var(--h2_typography-font-family);--awb-caption-title-font-weight:var(--h2_typography-font-weight);--awb-caption-title-font-style:var(--h2_typography-font-style);--awb-caption-title-size:var(--h2_typography-font-size);--awb-caption-title-transform:var(--h2_typography-text-transform);--awb-caption-title-line-height:var(--h2_typography-line-height);--awb-caption-title-letter-spacing:var(--h2_typography-letter-spacing);\"><span class=\" fusion-imageframe imageframe-none imageframe-3 hover-type-none\"><img decoding=\"async\" width=\"1024\" height=\"768\" title=\"Dumper polvo\" src=\"https:\/\/www.siliceysalud.es\/wp-content\/uploads\/2019\/10\/Dumper-polvo-1024x768.jpg\" alt class=\"img-responsive wp-image-530\" srcset=\"https:\/\/www.siliceysalud.es\/wp-content\/uploads\/2019\/10\/Dumper-polvo-200x150.jpg 200w, https:\/\/www.siliceysalud.es\/wp-content\/uploads\/2019\/10\/Dumper-polvo-400x300.jpg 400w, https:\/\/www.siliceysalud.es\/wp-content\/uploads\/2019\/10\/Dumper-polvo-600x450.jpg 600w, https:\/\/www.siliceysalud.es\/wp-content\/uploads\/2019\/10\/Dumper-polvo-800x600.jpg 800w, https:\/\/www.siliceysalud.es\/wp-content\/uploads\/2019\/10\/Dumper-polvo-1200x900.jpg 1200w, https:\/\/www.siliceysalud.es\/wp-content\/uploads\/2019\/10\/Dumper-polvo.jpg 1440w\" sizes=\"(max-width: 800px) 100vw, 600px\" \/><\/span><\/div><div class=\"fusion-clearfix\"><\/div><\/div><\/div><div class=\"fusion-layout-column fusion_builder_column fusion-builder-column-4 fusion_builder_column_1_2 1_2 fusion-one-half fusion-column-last\" style=\"--awb-bg-size:cover;width:50%;width:calc(50% - ( ( 4% ) * 0.5 ) );\"><div class=\"fusion-column-wrapper fusion-column-has-shadow fusion-flex-column-wrapper-legacy\"><div class=\"fusion-text fusion-text-2\"><p style=\"text-align: justify;\"><span style=\"font-family: helvetica, arial, sans-serif; font-size: 14pt;\">Seg\u00fan el tipo de polvo, en nuestro caso en forma de part\u00edculas de tama\u00f1o microsc\u00f3pico, los efectos sobre la salud pueden ser m\u00e1s o menos graves. No obstante, no hay polvos inocuos; cualquier exposici\u00f3n a polvo supone un riesgo, todo depender\u00e1 de diversos factores como la dosis, que es el resultado de considerar de manera proporcional el tiempo de exposici\u00f3n y la concentraci\u00f3n de contaminante en el ambiente en mg\/m<sup>3<\/sup>.<\/span><\/p>\n<p style=\"text-align: justify;\"><span style=\"font-family: helvetica, arial, sans-serif; font-size: 14pt;\">En general, el polvo provoca irritaci\u00f3n de las v\u00edas respiratorias y, tras exposiciones repetidas, puede dar lugar a problemas pulmonares. Otros tipos de polvo provocan enfermedades espec\u00edficas, como por ejemplo, las relacionadas con el polvo en general y con la s\u00edlice, que son conocidas como neumoconiosis y silicosis.<\/span><\/p>\n<\/div><div class=\"fusion-clearfix\"><\/div><\/div><\/div><\/div><\/div><div class=\"fusion-fullwidth fullwidth-box fusion-builder-row-4 nonhundred-percent-fullwidth non-hundred-percent-height-scrolling\" style=\"--awb-border-radius-top-left:0px;--awb-border-radius-top-right:0px;--awb-border-radius-bottom-right:0px;--awb-border-radius-bottom-left:0px;--awb-flex-wrap:wrap;\" ><div class=\"fusion-builder-row fusion-row\"><div class=\"fusion-layout-column fusion_builder_column fusion-builder-column-5 fusion_builder_column_1_1 1_1 fusion-one-full fusion-column-first fusion-column-last\" style=\"--awb-bg-size:cover;\"><div class=\"fusion-column-wrapper fusion-column-has-shadow fusion-flex-column-wrapper-legacy\"><div class=\"fusion-text fusion-text-3\"><p style=\"text-align: justify;\"><span style=\"font-family: helvetica, arial, sans-serif; font-size: 14pt;\">Seg\u00fan la <strong><a href=\"https:\/\/www.boe.es\/buscar\/doc.php?id=BOE-A-2021-11458\">Instrucci\u00f3n T\u00e9cnica Complementaria 2.0.02<\/a><\/strong> aprobada por la <\/span><span style=\"background-color: rgba(255, 255, 255, 0); color: var(--body_typography-color); font-family: helvetica, arial, sans-serif; font-size: 14pt; font-style: var(--body_typography-font-style,normal); font-weight: var(--body_typography-font-weight); letter-spacing: var(--body_typography-letter-spacing);\">Orden TED\/723\/2021, de 1 de julio, del Reglamento General de Normas B\u00e1sicas de Seguridad Minera que aprueba el <\/span><a style=\"font-family: helvetica, arial, sans-serif; font-size: 14pt; background-color: rgba(255, 255, 255, 0); font-style: var(--body_typography-font-style,normal); font-weight: var(--body_typography-font-weight); letter-spacing: var(--body_typography-letter-spacing);\" href=\"https:\/\/www.boe.es\/buscar\/doc.php?id=BOE-A-1985-10836\"><strong>Real Decreto 863\/1985, de 2 de abril<\/strong>,<\/a><span style=\"font-family: helvetica, arial, sans-serif; font-size: 14pt; background-color: rgba(255, 255, 255, 0); color: var(--body_typography-color); font-style: var(--body_typography-font-style,normal); font-weight: var(--body_typography-font-weight); letter-spacing: var(--body_typography-letter-spacing);\"> define el polvo como una suspensi\u00f3n de materia s\u00f3lida, particulada y dispersa en la atm\u00f3sfera, producida por procesos mec\u00e1nicos y\/o por el movimiento del aire.<\/span><\/p>\n<\/div><div class=\"fusion-clearfix\"><\/div><\/div><\/div><\/div><\/div><div class=\"fusion-fullwidth fullwidth-box fusion-builder-row-5 nonhundred-percent-fullwidth non-hundred-percent-height-scrolling\" style=\"--awb-border-radius-top-left:0px;--awb-border-radius-top-right:0px;--awb-border-radius-bottom-right:0px;--awb-border-radius-bottom-left:0px;--awb-flex-wrap:wrap;\" ><div class=\"fusion-builder-row fusion-row\"><div class=\"fusion-layout-column fusion_builder_column fusion-builder-column-6 fusion_builder_column_1_1 1_1 fusion-one-full fusion-column-first fusion-column-last\" style=\"--awb-bg-size:cover;\"><div class=\"fusion-column-wrapper fusion-column-has-shadow fusion-flex-column-wrapper-legacy\"><div class=\"fusion-text fusion-text-4\"><table style=\"border-collapse: collapse; width: 100%;\">\n<tbody>\n<tr>\n<td style=\"width: 2.39808%; text-align: right;\"><span style=\"font-family: helvetica, arial, sans-serif; font-size: 14pt;\"><i class=\"fb-icon-element-1 fb-icon-element fontawesome-icon fa-angle-double-right fas circle-yes fusion-text-flow\" style=\"--awb-circlecolor:#00098b;--awb-circlecolor-hover:#00098b;--awb-circlebordercolor:#6caae4;--awb-circlebordercolor-hover:#6caae4;--awb-circlebordersize:1px;--awb-font-size:17.6px;--awb-width:35.2px;--awb-height:35.2px;--awb-line-height:33.2px;--awb-margin-right:10px;\"><\/i><\/span><\/td>\n<td style=\"width: 97.6019%;\"><span style=\"font-size: 12pt;\"><strong><span style=\"font-family: helvetica, arial, sans-serif;\"><a href=\"https:\/\/www.siliceysalud.es\/index.php\/el-polvo-y-la-scr\/la-silice\/\">Sigue leyendo sobre la s\u00edlice<\/a><\/span><\/strong><\/span><\/td>\n<\/tr>\n<\/tbody>\n<\/table>\n<\/div><div class=\"fusion-clearfix\"><\/div><\/div><\/div><\/div><\/div><\/p>\n","protected":false},"excerpt":{"rendered":"","protected":false},"author":1,"featured_media":0,"parent":25,"menu_order":0,"comment_status":"closed","ping_status":"closed","template":"100-width.php","meta":{"_exactmetrics_skip_tracking":false,"_exactmetrics_sitenote_active":false,"_exactmetrics_sitenote_note":"","_exactmetrics_sitenote_category":0,"footnotes":""},"class_list":["post-28","page","type-page","status-publish","hentry"],"_links":{"self":[{"href":"https:\/\/www.siliceysalud.es\/index.php\/wp-json\/wp\/v2\/pages\/28","targetHints":{"allow":["GET"]}}],"collection":[{"href":"https:\/\/www.siliceysalud.es\/index.php\/wp-json\/wp\/v2\/pages"}],"about":[{"href":"https:\/\/www.siliceysalud.es\/index.php\/wp-json\/wp\/v2\/types\/page"}],"author":[{"embeddable":true,"href":"https:\/\/www.siliceysalud.es\/index.php\/wp-json\/wp\/v2\/users\/1"}],"replies":[{"embeddable":true,"href":"https:\/\/www.siliceysalud.es\/index.php\/wp-json\/wp\/v2\/comments?post=28"}],"version-history":[{"count":66,"href":"https:\/\/www.siliceysalud.es\/index.php\/wp-json\/wp\/v2\/pages\/28\/revisions"}],"predecessor-version":[{"id":3156,"href":"https:\/\/www.siliceysalud.es\/index.php\/wp-json\/wp\/v2\/pages\/28\/revisions\/3156"}],"up":[{"embeddable":true,"href":"https:\/\/www.siliceysalud.es\/index.php\/wp-json\/wp\/v2\/pages\/25"}],"wp:attachment":[{"href":"https:\/\/www.siliceysalud.es\/index.php\/wp-json\/wp\/v2\/media?parent=28"}],"curies":[{"name":"wp","href":"https:\/\/api.w.org\/{rel}","templated":true}]}}