{"id":2846,"date":"2020-01-27T12:19:59","date_gmt":"2020-01-27T11:19:59","guid":{"rendered":"https:\/\/www.siliceysalud.es\/?page_id=2846"},"modified":"2021-07-21T16:36:03","modified_gmt":"2021-07-21T14:36:03","slug":"accesibilidad","status":"publish","type":"page","link":"https:\/\/www.siliceysalud.es\/index.php\/accesibilidad\/","title":{"rendered":"Accesibilidad"},"content":{"rendered":"<p><div class=\"fusion-fullwidth fullwidth-box fusion-builder-row-1 nonhundred-percent-fullwidth non-hundred-percent-height-scrolling\" style=\"--awb-border-radius-top-left:0px;--awb-border-radius-top-right:0px;--awb-border-radius-bottom-right:0px;--awb-border-radius-bottom-left:0px;--awb-flex-wrap:wrap;\" ><div class=\"fusion-builder-row fusion-row\"><div class=\"fusion-layout-column fusion_builder_column fusion-builder-column-0 fusion_builder_column_1_1 1_1 fusion-one-full fusion-column-first fusion-column-last\" style=\"--awb-bg-size:cover;\"><div class=\"fusion-column-wrapper fusion-column-has-shadow fusion-flex-column-wrapper-legacy\"><div class=\"fusion-text fusion-text-1\"><p style=\"text-align: justify;\"><span style=\"font-family: helvetica, arial, sans-serif; font-size: 14pt;\">ANEFA se ha comprometido a hacer accesible su sitio web.<\/span><\/p>\n<p style=\"text-align: justify;\"><span style=\"font-family: helvetica, arial, sans-serif; font-size: 14pt;\">Dicho esto, ANEFA garantizar\u00e1 el acceso a la informaci\u00f3n y a los servicios de sus p\u00e1ginas con el cumplimiento de los requisitos recogidos en la norma UNE 139803:2012 \u201cRequisitos de Accesibilidad para contenidos en la web\u201d que hace referencia a las pautas WCAG 2.0. del W3C (World Wide Web Consortium).<\/span><\/p>\n<p style=\"text-align: justify;\"><span style=\"font-family: helvetica, arial, sans-serif; font-size: 14pt;\">El portal SILICEYSALUD ha sido programado con las m\u00e1s avanzadas t\u00e9cnicas y directrices de accesibilidad internacional, que hacen de la navegaci\u00f3n un acto sin l\u00edmites para todo tipo de usuarios.<\/span><\/p>\n<p style=\"text-align: justify;\"><span style=\"font-family: helvetica, arial, sans-serif; font-size: 14pt;\">Entre las medidas conseguidas destacan:<\/span><\/p>\n<ul style=\"list-style-type: disc; text-align: justify;\">\n<li><span style=\"font-family: helvetica, arial, sans-serif; font-size: 14pt;\">Navegaci\u00f3n mediante el teclado, sin utilizar el rat\u00f3n.<\/span><\/li>\n<li><span style=\"font-family: helvetica, arial, sans-serif; font-size: 14pt;\">Interpretaci\u00f3n de recursos gr\u00e1ficos: permite conocer todos los detalles que contienen las p\u00e1ginas, incluidas las im\u00e1genes, tablas y otros elementos HTML.<\/span><\/li>\n<li><span style=\"font-family: helvetica, arial, sans-serif; font-size: 14pt;\">Aclaraci\u00f3n del destino de los enlaces o hiperv\u00ednculos.<\/span><\/li>\n<li><span style=\"font-family: helvetica, arial, sans-serif; font-size: 14pt;\">Visualizaci\u00f3n de todos los contenidos incluso en navegadores que no soporten CSS, plugins, etc.<\/span><\/li>\n<\/ul>\n<p style=\"text-align: justify;\"><span style=\"font-family: helvetica, arial, sans-serif; font-size: 14pt;\">La presente declaraci\u00f3n de accesibilidad se aplica al sitio web <a href=\"https:\/\/www.siliceysalud.es\/\">https:\/\/www.siliceysalud.es\/<\/a><\/span><\/p>\n<p style=\"text-align: justify;\"><span style=\"font-family: helvetica, arial, sans-serif; font-size: 14pt;\">La \u00faltima revisi\u00f3n de accesibilidad fue realizada el 27 de enero de 2020.<br \/>\n<\/span><\/p>\n<\/div><div class=\"fusion-clearfix\"><\/div><\/div><\/div><\/div><\/div><div class=\"fusion-fullwidth fullwidth-box fusion-builder-row-2 nonhundred-percent-fullwidth non-hundred-percent-height-scrolling\" style=\"--awb-border-radius-top-left:0px;--awb-border-radius-top-right:0px;--awb-border-radius-bottom-right:0px;--awb-border-radius-bottom-left:0px;--awb-flex-wrap:wrap;\" ><div class=\"fusion-builder-row fusion-row\"><div class=\"fusion-layout-column fusion_builder_column fusion-builder-column-1 fusion_builder_column_1_1 1_1 fusion-one-full fusion-column-first fusion-column-last\" style=\"--awb-bg-size:cover;\"><div class=\"fusion-column-wrapper fusion-column-has-shadow fusion-flex-column-wrapper-legacy\"><div class=\"accordian fusion-accordian\" style=\"--awb-border-size:1px;--awb-icon-size:13px;--awb-content-font-size:14px;--awb-icon-alignment:left;--awb-hover-color:#f9f9f9;--awb-border-color:#cccccc;--awb-background-color:#ffffff;--awb-divider-color:#e0dede;--awb-divider-hover-color:#e0dede;--awb-icon-color:#ffffff;--awb-title-color:#333333;--awb-content-color:#747474;--awb-icon-box-color:#333333;--awb-toggle-hover-accent-color:#6caae4;--awb-title-font-family:Arial, Helvetica, sans-serif;--awb-title-font-weight:400;--awb-title-font-style:normal;--awb-title-font-size:18px;--awb-content-font-family:Arial, Helvetica, sans-serif;--awb-content-font-style:normal;--awb-content-font-weight:400;\"><div class=\"panel-group fusion-toggle-icon-boxed\" id=\"accordion-2846-1\"><div class=\"fusion-panel panel-default panel-ce23b12821447cd1e fusion-toggle-has-divider\"><div class=\"panel-heading\"><h4 class=\"panel-title toggle\" id=\"toggle_ce23b12821447cd1e\"><a aria-expanded=\"false\" aria-controls=\"ce23b12821447cd1e\" role=\"button\" data-toggle=\"collapse\" data-parent=\"#accordion-2846-1\" data-target=\"#ce23b12821447cd1e\" href=\"#ce23b12821447cd1e\"><span class=\"fusion-toggle-icon-wrapper\" aria-hidden=\"true\"><i class=\"fa-fusion-box active-icon awb-icon-minus\" aria-hidden=\"true\"><\/i><i class=\"fa-fusion-box inactive-icon awb-icon-plus\" aria-hidden=\"true\"><\/i><\/span><span class=\"fusion-toggle-heading\">Situaci\u00f3n del cumplimiento<\/span><\/a><\/h4><\/div><div id=\"ce23b12821447cd1e\" class=\"panel-collapse collapse \" aria-labelledby=\"toggle_ce23b12821447cd1e\"><div class=\"panel-body toggle-content fusion-clearfix\">\n<p><span style=\"font-family: helvetica, arial, sans-serif; font-size: 14pt;\">La p\u00e1gina se encuentra en proceso de actualizaci\u00f3n continua y su nivel de adecuaci\u00f3n actual es el nivel intermedio (AA).<\/span><\/p>\n<p><span style=\"font-family: helvetica, arial, sans-serif; font-size: 14pt;\">Si a pesar de los esfuerzos realizados, encuentra en alguna parte de la Web una p\u00e1gina que no se ajusta a lo especificado, le agradecer\u00edamos que nos lo comunicara a trav\u00e9s del formulario\u00a0<a href=\"https:\/\/www.siliceysalud.es\/index.php\/comunicacion\/contacto\/\">https:\/\/www.siliceysalud.es\/index.php\/comunicacion\/contacto\/<\/a><\/span><\/p>\n<\/div><\/div><\/div><div class=\"fusion-panel panel-default panel-a223ab3084bf6829a fusion-toggle-has-divider\"><div class=\"panel-heading\"><h4 class=\"panel-title toggle\" id=\"toggle_a223ab3084bf6829a\"><a aria-expanded=\"false\" aria-controls=\"a223ab3084bf6829a\" role=\"button\" data-toggle=\"collapse\" data-parent=\"#accordion-2846-1\" data-target=\"#a223ab3084bf6829a\" href=\"#a223ab3084bf6829a\"><span class=\"fusion-toggle-icon-wrapper\" aria-hidden=\"true\"><i class=\"fa-fusion-box active-icon awb-icon-minus\" aria-hidden=\"true\"><\/i><i class=\"fa-fusion-box inactive-icon awb-icon-plus\" aria-hidden=\"true\"><\/i><\/span><span class=\"fusion-toggle-heading\">Est\u00e1ndares Web y otros plugins utilizados<\/span><\/a><\/h4><\/div><div id=\"a223ab3084bf6829a\" class=\"panel-collapse collapse \" aria-labelledby=\"toggle_a223ab3084bf6829a\"><div class=\"panel-body toggle-content fusion-clearfix\">\n<p><span style=\"font-family: helvetica, arial, sans-serif; font-size: 14pt;\">El presente Portal ha sido compilado utilizando los siguientes lenguajes de programaci\u00f3n \/ plugins:<\/span><\/p>\n<p><span style=\"font-family: helvetica, arial, sans-serif; font-size: 14pt;\">==WordPress:==<\/span><\/p>\n<p><span style=\"font-family: helvetica, arial, sans-serif; font-size: 14pt;\">Version: 5.3.2<\/span><br \/>\n<span style=\"font-family: helvetica, arial, sans-serif; font-size: 14pt;\">URL: https:\/\/www.siliceysalud.es<\/span><br \/>\n<span style=\"font-family: helvetica, arial, sans-serif; font-size: 14pt;\">Install: https:\/\/www.siliceysalud.es<\/span><br \/>\n<span style=\"font-family: helvetica, arial, sans-serif; font-size: 14pt;\">Language: es<\/span><br \/>\n<span style=\"font-family: helvetica, arial, sans-serif; font-size: 14pt;\">Charset: UTF-8<\/span><\/p>\n<p><span style=\"font-family: helvetica, arial, sans-serif; font-size: 14pt;\">==Extra info:==<\/span><\/p>\n<p><span style=\"font-family: helvetica, arial, sans-serif; font-size: 14pt;\">PHP Version: 7.3.13<\/span><br \/>\n<span style=\"font-family: helvetica, arial, sans-serif; font-size: 14pt;\">Server Software: Apache<\/span><br \/>\n<span style=\"font-family: helvetica, arial, sans-serif; font-size: 14pt;\">User Agent: Mozilla\/5.0 (Windows NT 10.0; Win64; x64) AppleWebKit\/537.36 (KHTML, like Gecko) Chrome\/79.0.3945.130 Safari\/537.36<\/span><\/p>\n<p><span style=\"font-family: helvetica, arial, sans-serif; font-size: 14pt;\">==Theme:==<\/span><\/p>\n<p><span style=\"font-family: helvetica, arial, sans-serif; font-size: 14pt;\">Name: Avada Child<\/span><br \/>\n<span style=\"font-family: helvetica, arial, sans-serif; font-size: 14pt;\">Parent: Avada<\/span><br \/>\n<span style=\"font-family: helvetica, arial, sans-serif; font-size: 14pt;\">Version: 1.0.0<\/span><\/p>\n<p><span style=\"font-family: helvetica, arial, sans-serif; font-size: 14pt;\">==Active Plugins:==<\/span><\/p>\n<p><span style=\"font-family: helvetica, arial, sans-serif; font-size: 14pt;\">All-in-One WP Migration: 7.13; https:\/\/servmask.com\/<\/span><br \/>\n<span style=\"font-family: helvetica, arial, sans-serif; font-size: 14pt;\">All-in-One WP Migration Unlimited Extension: 2.33; https:\/\/servmask.com\/<\/span><br \/>\n<span style=\"font-family: helvetica, arial, sans-serif; font-size: 14pt;\">Contact Form 7: 5.1.6; https:\/\/contactform7.com\/<\/span><br \/>\n<span style=\"font-family: helvetica, arial, sans-serif; font-size: 14pt;\">Fusion Builder: 2.0.3; https:\/\/theme-fusion.com<\/span><br \/>\n<span style=\"font-family: helvetica, arial, sans-serif; font-size: 14pt;\">Fusion Core: 4.0.3; https:\/\/theme-fusion.com<\/span><br \/>\n<span style=\"font-family: helvetica, arial, sans-serif; font-size: 14pt;\">List Last Changes: 0.8.1; http:\/\/www.rolandbaer.ch\/software\/wordpress\/plugin-last-changes\/<\/span><br \/>\n<span style=\"font-family: helvetica, arial, sans-serif; font-size: 14pt;\">The Events Calendar: 4.9.13;<\/span><br \/>\n<span style=\"font-family: helvetica, arial, sans-serif; font-size: 14pt;\">TinyMCE Advanced: 5.3.0; http:\/\/www.laptoptips.ca\/projects\/tinymce-advanced\/<\/span><br \/>\n<span style=\"font-family: helvetica, arial, sans-serif; font-size: 14pt;\">WP Accessibility: 1.7.0; http:\/\/www.joedolson.com\/wp-accessibility\/<\/span><\/p>\n<p><span style=\"font-family: helvetica, arial, sans-serif; font-size: 14pt;\">Esta versi\u00f3n del lenguaje HTML usado con los lenguajes y plugins indicados, en especial WP Accessibility, aportan grandes ventajas en lo concerniente a la accesibilidad.<\/span><\/p>\n<p><span style=\"font-family: helvetica, arial, sans-serif; font-size: 14pt;\">El sitio web est\u00e1 optimizado para los navegadores Microsoft Internet Explorer 8.0 o versiones superiores y las \u00faltimas versiones vigentes de FireFox, Safari, Opera y Google Chrome. La resoluci\u00f3n web m\u00ednima recomendada es de 1280&#215;1024.<\/span><\/p>\n<\/div><\/div><\/div><div class=\"fusion-panel panel-default panel-cfbc3445b6818980e fusion-toggle-has-divider\"><div class=\"panel-heading\"><h4 class=\"panel-title toggle\" id=\"toggle_cfbc3445b6818980e\"><a aria-expanded=\"false\" aria-controls=\"cfbc3445b6818980e\" role=\"button\" data-toggle=\"collapse\" data-parent=\"#accordion-2846-1\" data-target=\"#cfbc3445b6818980e\" href=\"#cfbc3445b6818980e\"><span class=\"fusion-toggle-icon-wrapper\" aria-hidden=\"true\"><i class=\"fa-fusion-box active-icon awb-icon-minus\" aria-hidden=\"true\"><\/i><i class=\"fa-fusion-box inactive-icon awb-icon-plus\" aria-hidden=\"true\"><\/i><\/span><span class=\"fusion-toggle-heading\">Navegaci\u00f3n desde diversas plataformas<\/span><\/a><\/h4><\/div><div id=\"cfbc3445b6818980e\" class=\"panel-collapse collapse \" aria-labelledby=\"toggle_cfbc3445b6818980e\"><div class=\"panel-body toggle-content fusion-clearfix\">\n<p><span style=\"font-size: 14pt; font-family: helvetica, arial, sans-serif;\">El sitio web est\u00e1 dise\u00f1ado para su visualizaci\u00f3n Responsive, con lo que se visualiza de forma \u00f3ptima en los dispositivos tablet y m\u00f3viles. <\/span><\/p>\n<p><span style=\"font-size: 14pt; font-family: helvetica, arial, sans-serif;\">En estos dispositivos est\u00e1 optimizado para su visualizaci\u00f3n en las \u00faltimas versiones vigentes de Chrome for mobile, Firefox for mobile, Safari mobile, Opera Mini y navegador nativo de Android.<\/span><\/p>\n<\/div><\/div><\/div><div class=\"fusion-panel panel-default panel-da24a81dfc69b937c fusion-toggle-has-divider\"><div class=\"panel-heading\"><h4 class=\"panel-title toggle\" id=\"toggle_da24a81dfc69b937c\"><a aria-expanded=\"false\" aria-controls=\"da24a81dfc69b937c\" role=\"button\" data-toggle=\"collapse\" data-parent=\"#accordion-2846-1\" data-target=\"#da24a81dfc69b937c\" href=\"#da24a81dfc69b937c\"><span class=\"fusion-toggle-icon-wrapper\" aria-hidden=\"true\"><i class=\"fa-fusion-box active-icon awb-icon-minus\" aria-hidden=\"true\"><\/i><i class=\"fa-fusion-box inactive-icon awb-icon-plus\" aria-hidden=\"true\"><\/i><\/span><span class=\"fusion-toggle-heading\">Atajos y combinaciones de teclas<\/span><\/a><\/h4><\/div><div id=\"da24a81dfc69b937c\" class=\"panel-collapse collapse \" aria-labelledby=\"toggle_da24a81dfc69b937c\"><div class=\"panel-body toggle-content fusion-clearfix\">\n<p><span style=\"font-size: 14pt; font-family: helvetica, arial, sans-serif;\">Se incorporan una serie de atajos de teclado para facilitar la navegaci\u00f3n a trav\u00e9s del portal:<\/span><\/p>\n<p><img decoding=\"async\" class=\"aligncenter size-full wp-image-2853\" src=\"https:\/\/www.siliceysalud.es\/wp-content\/uploads\/2020\/01\/atajos_teclado.jpg\" alt=\"\" width=\"1205\" height=\"451\" srcset=\"https:\/\/www.siliceysalud.es\/wp-content\/uploads\/2020\/01\/atajos_teclado-200x75.jpg 200w, https:\/\/www.siliceysalud.es\/wp-content\/uploads\/2020\/01\/atajos_teclado-300x112.jpg 300w, https:\/\/www.siliceysalud.es\/wp-content\/uploads\/2020\/01\/atajos_teclado-400x150.jpg 400w, https:\/\/www.siliceysalud.es\/wp-content\/uploads\/2020\/01\/atajos_teclado-600x225.jpg 600w, https:\/\/www.siliceysalud.es\/wp-content\/uploads\/2020\/01\/atajos_teclado-768x287.jpg 768w, https:\/\/www.siliceysalud.es\/wp-content\/uploads\/2020\/01\/atajos_teclado-800x299.jpg 800w, https:\/\/www.siliceysalud.es\/wp-content\/uploads\/2020\/01\/atajos_teclado-1024x383.jpg 1024w, https:\/\/www.siliceysalud.es\/wp-content\/uploads\/2020\/01\/atajos_teclado-1200x449.jpg 1200w, https:\/\/www.siliceysalud.es\/wp-content\/uploads\/2020\/01\/atajos_teclado.jpg 1205w\" sizes=\"(max-width: 1205px) 100vw, 1205px\" \/><\/p>\n<p><span style=\"font-size: 14pt; font-family: helvetica, arial, sans-serif;\">Dependiendo del navegador desde el cual se est\u00e9 accediendo al portal, ser\u00e1 necesario utilizar una combinaci\u00f3n de teclas u otras para el uso de los atajos de teclado:<\/span><\/p>\n<p><img decoding=\"async\" class=\"aligncenter size-full wp-image-2852\" src=\"https:\/\/www.siliceysalud.es\/wp-content\/uploads\/2020\/01\/teclas.jpg\" alt=\"\" width=\"1203\" height=\"421\" srcset=\"https:\/\/www.siliceysalud.es\/wp-content\/uploads\/2020\/01\/teclas-200x70.jpg 200w, https:\/\/www.siliceysalud.es\/wp-content\/uploads\/2020\/01\/teclas-300x105.jpg 300w, https:\/\/www.siliceysalud.es\/wp-content\/uploads\/2020\/01\/teclas-400x140.jpg 400w, https:\/\/www.siliceysalud.es\/wp-content\/uploads\/2020\/01\/teclas-600x210.jpg 600w, https:\/\/www.siliceysalud.es\/wp-content\/uploads\/2020\/01\/teclas-768x269.jpg 768w, https:\/\/www.siliceysalud.es\/wp-content\/uploads\/2020\/01\/teclas-800x280.jpg 800w, https:\/\/www.siliceysalud.es\/wp-content\/uploads\/2020\/01\/teclas-1024x358.jpg 1024w, https:\/\/www.siliceysalud.es\/wp-content\/uploads\/2020\/01\/teclas-1200x420.jpg 1200w, https:\/\/www.siliceysalud.es\/wp-content\/uploads\/2020\/01\/teclas.jpg 1203w\" sizes=\"(max-width: 1203px) 100vw, 1203px\" \/><\/p>\n<\/div><\/div><\/div><\/div><\/div><div class=\"fusion-clearfix\"><\/div><\/div><\/div><\/div><\/div><\/p>\n","protected":false},"excerpt":{"rendered":"","protected":false},"author":2,"featured_media":0,"parent":0,"menu_order":0,"comment_status":"closed","ping_status":"closed","template":"","meta":{"_exactmetrics_skip_tracking":false,"_exactmetrics_sitenote_active":false,"_exactmetrics_sitenote_note":"","_exactmetrics_sitenote_category":0,"footnotes":""},"class_list":["post-2846","page","type-page","status-publish","hentry"],"_links":{"self":[{"href":"https:\/\/www.siliceysalud.es\/index.php\/wp-json\/wp\/v2\/pages\/2846","targetHints":{"allow":["GET"]}}],"collection":[{"href":"https:\/\/www.siliceysalud.es\/index.php\/wp-json\/wp\/v2\/pages"}],"about":[{"href":"https:\/\/www.siliceysalud.es\/index.php\/wp-json\/wp\/v2\/types\/page"}],"author":[{"embeddable":true,"href":"https:\/\/www.siliceysalud.es\/index.php\/wp-json\/wp\/v2\/users\/2"}],"replies":[{"embeddable":true,"href":"https:\/\/www.siliceysalud.es\/index.php\/wp-json\/wp\/v2\/comments?post=2846"}],"version-history":[{"count":9,"href":"https:\/\/www.siliceysalud.es\/index.php\/wp-json\/wp\/v2\/pages\/2846\/revisions"}],"predecessor-version":[{"id":3092,"href":"https:\/\/www.siliceysalud.es\/index.php\/wp-json\/wp\/v2\/pages\/2846\/revisions\/3092"}],"wp:attachment":[{"href":"https:\/\/www.siliceysalud.es\/index.php\/wp-json\/wp\/v2\/media?parent=2846"}],"curies":[{"name":"wp","href":"https:\/\/api.w.org\/{rel}","templated":true}]}}