{"id":339,"date":"2019-09-20T12:03:29","date_gmt":"2019-09-20T10:03:29","guid":{"rendered":"https:\/\/www.siliceysalud.es\/?page_id=339"},"modified":"2024-10-29T14:11:41","modified_gmt":"2024-10-29T13:11:41","slug":"home","status":"publish","type":"page","link":"https:\/\/www.siliceysalud.es\/","title":{"rendered":"Home"},"content":{"rendered":"<p><div class=\"fusion-fullwidth fullwidth-box fusion-builder-row-1 nonhundred-percent-fullwidth non-hundred-percent-height-scrolling\" style=\"--awb-border-radius-top-left:0px;--awb-border-radius-top-right:0px;--awb-border-radius-bottom-right:0px;--awb-border-radius-bottom-left:0px;--awb-padding-top:45px;--awb-margin-top:0px;--awb-flex-wrap:wrap;\" ><div class=\"fusion-builder-row fusion-row\"><div class=\"fusion-layout-column fusion_builder_column fusion-builder-column-0 fusion_builder_column_1_2 1_2 fusion-one-half fusion-column-first\" style=\"--awb-bg-blend:overlay;--awb-bg-size:cover;--awb-margin-top:7px;--awb-margin-bottom:0px;width:50%;width:calc(50% - ( ( 4% ) * 0.5 ) );margin-right: 4%;\"><div class=\"fusion-column-wrapper fusion-column-has-shadow fusion-flex-column-wrapper-legacy\"><div class=\"fusion-text fusion-text-1\"><p style=\"text-align: justify;\"><span style=\"font-family: helvetica, arial, sans-serif; font-size: 12pt;\"><span style=\"background-color: rgba(255, 255, 255, 0); color: var(--body_typography-color); font-weight: 300; letter-spacing: var(--body_typography-letter-spacing); font-family: 'Josefin Sans'; font-size: 17px;\" data-fusion-font=\"true\" data-fusion-google-font=\"Josefin Sans\" data-fusion-google-variant=\"300\">Mediante el marco de colaboraci\u00f3n entre PRIMIGEA y las entidades que la forman, se ha identificado como necesidad la protecci\u00f3n de la salud de los trabajadores ante la exposici\u00f3n al polvo, pero m\u00e1s concretamente la s\u00edlice cristalina respirable.<\/span><\/span><\/p>\n<p style=\"text-align: justify;\"><span style=\"font-size: 12pt;\"><span style=\"font-family: helvetica, arial, sans-serif; background-color: rgba(255, 255, 255, 0); color: var(--body_typography-color); font-style: var(--body_typography-font-style,normal); font-weight: var(--body_typography-font-weight); letter-spacing: var(--body_typography-letter-spacing);\"><span style=\"font-family: 'Josefin Sans'; font-weight: 300; font-size: 17px;\" data-fusion-font=\"true\" data-fusion-google-font=\"Josefin Sans\" data-fusion-google-variant=\"300\">Cabe destacar la trasposici\u00f3n de la <\/span><a style=\"font-family: 'Josefin Sans'; font-weight: 300; font-size: 17px;\" href=\"file:\/\/\/C:\/Users\/Paco\/AppData\/Local\/Temp\/L00087-00095.pdf\" data-fusion-font=\"true\" data-fusion-google-font=\"Josefin Sans\" data-fusion-google-variant=\"300\">DIRECTIVA (UE) 2017\/2398<\/a><span style=\"font-family: 'Josefin Sans'; font-weight: 300; font-size: 17px;\" data-fusion-font=\"true\" data-fusion-google-font=\"Josefin Sans\" data-fusion-google-variant=\"300\"> a trav\u00e9s del <\/span><\/span><a style=\"font-family: 'Josefin Sans'; font-weight: 300; font-size: 17px;\" href=\"https:\/\/www.boe.es\/eli\/es\/rd\/2020\/12\/22\/1154\" data-fusion-font=\"true\" data-fusion-google-font=\"Josefin Sans\" data-fusion-google-variant=\"300\">Decreto 1154\/2020, de 22 de diciembre<\/a> <span style=\"font-family: 'Josefin Sans'; font-weight: 300; font-size: 17px;\" data-fusion-font=\"true\" data-fusion-google-font=\"Josefin Sans\" data-fusion-google-variant=\"300\">que modifica <\/span><span style=\"font-family: helvetica, arial, sans-serif;\"><span style=\"background-color: rgba(255, 255, 255, 0); color: var(--body_typography-color); font-weight: 300; letter-spacing: var(--body_typography-letter-spacing); font-family: 'Josefin Sans'; font-size: 17px;\" data-fusion-font=\"true\" data-fusion-google-font=\"Josefin Sans\" data-fusion-google-variant=\"300\">el <\/span><a style=\"font-family: 'Josefin Sans'; font-weight: 300; font-size: 17px;\" href=\"https:\/\/www.boe.es\/eli\/es\/rd\/1997\/05\/12\/665\/con\" data-fusion-font=\"true\" data-fusion-google-font=\"Josefin Sans\" data-fusion-google-variant=\"300\">Real Decreto 665\/1997<\/a><span style=\"font-family: 'Josefin Sans'; font-weight: 300; font-size: 17px;\" data-fusion-font=\"true\" data-fusion-google-font=\"Josefin Sans\" data-fusion-google-variant=\"300\">, de 12 de mayo, sobre la protecci\u00f3n de los trabajadores contra los riesgos relacionados con la exposici\u00f3n a agentes cancer\u00edgenos durante el trabajo, a\u00f1adiendo los trabajos que supongan exposici\u00f3n al polvo respirable de s\u00edlice cristalina generado en un proceso de trabajo y sus correspondientes valores l\u00edmite de exposici\u00f3n profesional.<\/span><\/span><\/span><\/p>\n<\/div><div class=\"fusion-clearfix\"><\/div><\/div><\/div><div class=\"fusion-layout-column fusion_builder_column fusion-builder-column-1 fusion_builder_column_1_2 1_2 fusion-one-half fusion-column-last\" style=\"--awb-bg-blend:overlay;--awb-bg-size:cover;width:50%;width:calc(50% - ( ( 4% ) * 0.5 ) );\"><div class=\"fusion-column-wrapper fusion-column-has-shadow fusion-flex-column-wrapper-legacy\"><div class=\"fusion-image-element in-legacy-container\" style=\"--awb-caption-title-font-family:var(--h2_typography-font-family);--awb-caption-title-font-weight:var(--h2_typography-font-weight);--awb-caption-title-font-style:var(--h2_typography-font-style);--awb-caption-title-size:var(--h2_typography-font-size);--awb-caption-title-transform:var(--h2_typography-text-transform);--awb-caption-title-line-height:var(--h2_typography-line-height);--awb-caption-title-letter-spacing:var(--h2_typography-letter-spacing);\"><span class=\" fusion-imageframe imageframe-none imageframe-1 hover-type-none\"><img decoding=\"async\" width=\"800\" height=\"600\" alt=\"Imagen de introducci\u00f3n\" src=\"https:\/\/www.siliceysalud.es\/wp-content\/uploads\/2019\/10\/IMG_7225-800x600.jpg\" class=\"img-responsive wp-image-400\" srcset=\"https:\/\/www.siliceysalud.es\/wp-content\/uploads\/2019\/10\/IMG_7225-200x150.jpg 200w, https:\/\/www.siliceysalud.es\/wp-content\/uploads\/2019\/10\/IMG_7225-400x300.jpg 400w, https:\/\/www.siliceysalud.es\/wp-content\/uploads\/2019\/10\/IMG_7225-600x450.jpg 600w, https:\/\/www.siliceysalud.es\/wp-content\/uploads\/2019\/10\/IMG_7225-800x600.jpg 800w, https:\/\/www.siliceysalud.es\/wp-content\/uploads\/2019\/10\/IMG_7225-1200x900.jpg 1200w\" sizes=\"(max-width: 800px) 100vw, 600px\" \/><\/span><\/div><div class=\"fusion-clearfix\"><\/div><\/div><\/div><\/div><\/div><div class=\"fusion-fullwidth fullwidth-box fusion-builder-row-2 fusion-flex-container has-pattern-background has-mask-background hundred-percent-fullwidth non-hundred-percent-height-scrolling\" style=\"--awb-border-radius-top-left:0px;--awb-border-radius-top-right:0px;--awb-border-radius-bottom-right:0px;--awb-border-radius-bottom-left:0px;--awb-padding-right:0px;--awb-padding-left:0px;--awb-flex-wrap:wrap;\" ><div class=\"fusion-builder-row fusion-row fusion-flex-align-items-flex-start fusion-flex-content-wrap\" style=\"width:104% !important;max-width:104% !important;margin-left: calc(-4% \/ 2 );margin-right: calc(-4% \/ 2 );\"><div class=\"fusion-layout-column fusion_builder_column fusion-builder-column-2 fusion_builder_column_1_1 1_1 fusion-flex-column\" style=\"--awb-bg-size:cover;--awb-width-large:100%;--awb-margin-top-large:0px;--awb-spacing-right-large:1.92%;--awb-margin-bottom-large:0px;--awb-spacing-left-large:1.92%;--awb-width-medium:100%;--awb-order-medium:0;--awb-spacing-right-medium:1.92%;--awb-spacing-left-medium:1.92%;--awb-width-small:100%;--awb-order-small:0;--awb-spacing-right-small:1.92%;--awb-spacing-left-small:1.92%;\"><div class=\"fusion-column-wrapper fusion-column-has-shadow fusion-flex-justify-content-flex-start fusion-content-layout-column\"><div class=\"fusion-image-element \" style=\"--awb-caption-title-font-family:var(--h2_typography-font-family);--awb-caption-title-font-weight:var(--h2_typography-font-weight);--awb-caption-title-font-style:var(--h2_typography-font-style);--awb-caption-title-size:var(--h2_typography-font-size);--awb-caption-title-transform:var(--h2_typography-text-transform);--awb-caption-title-line-height:var(--h2_typography-line-height);--awb-caption-title-letter-spacing:var(--h2_typography-letter-spacing);\"><span class=\" fusion-imageframe imageframe-none imageframe-2 hover-type-none\"><img decoding=\"async\" width=\"1920\" height=\"400\" title=\"Banner_web_4\" src=\"https:\/\/www.siliceysalud.es\/wp-content\/uploads\/2024\/10\/Banner_web_4.jpg\" alt class=\"img-responsive wp-image-3287\" srcset=\"https:\/\/www.siliceysalud.es\/wp-content\/uploads\/2024\/10\/Banner_web_4-200x42.jpg 200w, https:\/\/www.siliceysalud.es\/wp-content\/uploads\/2024\/10\/Banner_web_4-400x83.jpg 400w, https:\/\/www.siliceysalud.es\/wp-content\/uploads\/2024\/10\/Banner_web_4-600x125.jpg 600w, https:\/\/www.siliceysalud.es\/wp-content\/uploads\/2024\/10\/Banner_web_4-800x167.jpg 800w, https:\/\/www.siliceysalud.es\/wp-content\/uploads\/2024\/10\/Banner_web_4-1200x250.jpg 1200w, https:\/\/www.siliceysalud.es\/wp-content\/uploads\/2024\/10\/Banner_web_4.jpg 1920w\" sizes=\"(max-width: 1024px) 100vw, (max-width: 640px) 100vw, 1200px\" \/><\/span><\/div><\/div><\/div><div class=\"fusion-layout-column fusion_builder_column fusion-builder-column-3 fusion_builder_column_1_2 1_2 fusion-flex-column\" style=\"--awb-bg-size:cover;--awb-width-large:50%;--awb-margin-top-large:-40px;--awb-spacing-right-large:3.84%;--awb-margin-bottom-large:20px;--awb-spacing-left-large:3.84%;--awb-width-medium:100%;--awb-order-medium:0;--awb-spacing-right-medium:1.92%;--awb-spacing-left-medium:1.92%;--awb-width-small:100%;--awb-order-small:0;--awb-spacing-right-small:1.92%;--awb-spacing-left-small:1.92%;\"><div class=\"fusion-column-wrapper fusion-column-has-shadow fusion-flex-justify-content-flex-start fusion-content-layout-column\"><div class=\"fusion-separator fusion-full-width-sep\" style=\"align-self: center;margin-left: auto;margin-right: auto;margin-top:5px;margin-bottom:5px;width:100%;\"><\/div><\/div><\/div><div class=\"fusion-layout-column fusion_builder_column fusion-builder-column-4 fusion_builder_column_1_2 1_2 fusion-flex-column\" style=\"--awb-z-index:10;--awb-bg-size:cover;--awb-width-large:50%;--awb-margin-top-large:-170px;--awb-spacing-right-large:3.84%;--awb-margin-bottom-large:20px;--awb-spacing-left-large:3.84%;--awb-width-medium:100%;--awb-order-medium:0;--awb-spacing-right-medium:1.92%;--awb-spacing-left-medium:1.92%;--awb-width-small:100%;--awb-order-small:0;--awb-spacing-right-small:1.92%;--awb-spacing-left-small:1.92%;\"><div class=\"fusion-column-wrapper fusion-column-has-shadow fusion-flex-justify-content-flex-start fusion-content-layout-column\"><div ><a class=\"fusion-button button-flat fusion-button-default-size button-default fusion-button-default button-1 fusion-button-default-span fusion-button-default-type\" style=\"--button-border-radius-top-left:20px;--button-border-radius-top-right:20px;--button-border-radius-bottom-right:20px;--button-border-radius-bottom-left:20px;\" target=\"_blank\" rel=\"noopener noreferrer\" title=\"Descargar gu\u00eda s\u00edlice cristalina respirable\" aria-label=\"Descargar gu\u00eda s\u00edlice cristalina respirable\" href=\"https:\/\/www.siliceysalud.es\/wp-content\/uploads\/2024\/10\/Orientacionestecnicas_SCR_2024.pdf\"><i class=\"fa-file-pdf fas awb-button__icon awb-button__icon--default button-icon-left\" aria-hidden=\"true\"><\/i><span class=\"fusion-button-text awb-button__text awb-button__text--default\">Dercargar pdf<\/span><\/a><\/div><div class=\"fusion-separator fusion-full-width-sep\" style=\"align-self: center;margin-left: auto;margin-right: auto;margin-top:30px;width:100%;\"><\/div><\/div><\/div><\/div><\/div><div class=\"fusion-fullwidth fullwidth-box fusion-builder-row-3 nonhundred-percent-fullwidth non-hundred-percent-height-scrolling\" style=\"--awb-border-radius-top-left:0px;--awb-border-radius-top-right:0px;--awb-border-radius-bottom-right:0px;--awb-border-radius-bottom-left:0px;--awb-padding-top:90px;--awb-padding-bottom:43px;--awb-flex-wrap:wrap;\" ><div class=\"fusion-builder-row fusion-row\"><div class=\"fusion-layout-column fusion_builder_column fusion-builder-column-5 fusion_builder_column_1_2 1_2 fusion-one-half fusion-column-first\" style=\"--awb-bg-blend:overlay;--awb-bg-size:cover;width:50%;width:calc(50% - ( ( 4% ) * 0.5 ) );margin-right: 4%;\"><div class=\"fusion-column-wrapper fusion-column-has-shadow fusion-flex-column-wrapper-legacy\"><div class=\"fusion-text fusion-text-2\"><p style=\"text-align: justify;\"><span style=\"font-size: 12pt; font-family: 'Josefin Sans'; font-weight: 500;\" data-fusion-font=\"true\" data-fusion-google-font=\"Josefin Sans\" data-fusion-google-variant=\"500\">Esta p\u00e1gina web pretende convertirse en un portal de referencia en el que todo tipo de personas, entidades y organismos interesados en el control del polvo y la s\u00edlice, puedan estar informadas y actualizadas sobre las actuaciones necesarias para trabajar de manera saludable.<\/span><\/p>\n<\/div><div class=\"fusion-clearfix\"><\/div><\/div><\/div><div class=\"fusion-layout-column fusion_builder_column fusion-builder-column-6 fusion_builder_column_1_2 1_2 fusion-one-half fusion-column-last\" style=\"--awb-bg-blend:overlay;--awb-bg-size:cover;width:50%;width:calc(50% - ( ( 4% ) * 0.5 ) );\"><div class=\"fusion-column-wrapper fusion-column-has-shadow fusion-flex-column-wrapper-legacy\"><div class=\"fusion-text fusion-text-3\"><p style=\"text-align: justify;\"><span data-fusion-font=\"true\" data-fusion-google-font=\"Josefin Sans\" data-fusion-google-variant=\"300\" style=\"font-size: 14pt; color: var(--awb-text-color); font-style: var(--awb-text-font-style); letter-spacing: var(--awb-letter-spacing); text-transform: var(--awb-text-transform); background-color: var(--awb-bg-color); font-family: 'Josefin Sans';\">Te invitamos a que valores esta web accediendo a una breve encuesta haciendo click <\/span><a href=\"https:\/\/docs.google.com\/forms\/d\/e\/1FAIpQLSd--uDiz9R_62_90LxMp39MuqbsBI0fNS8pmeNTUVi7fWRF2g\/viewform\" data-fusion-font=\"true\" data-fusion-google-font=\"Josefin Sans\" data-fusion-google-variant=\"300\" style=\"font-size: 14pt; font-style: var(--awb-text-font-style); letter-spacing: var(--awb-letter-spacing); text-transform: var(--awb-text-transform); background-color: var(--awb-bg-color); font-family: 'Josefin Sans';\">aqu\u00ed<\/a><span data-fusion-font=\"true\" data-fusion-google-font=\"Josefin Sans\" data-fusion-google-variant=\"300\" style=\"font-size: 14pt; color: var(--awb-text-color); font-style: var(--awb-text-font-style); letter-spacing: var(--awb-letter-spacing); text-transform: var(--awb-text-transform); background-color: var(--awb-bg-color); font-family: 'Josefin Sans';\">.<\/span><\/p>\n<\/div><div class=\"fusion-clearfix\"><\/div><\/div><\/div><\/div><\/div><div class=\"fusion-fullwidth fullwidth-box fusion-builder-row-4 nonhundred-percent-fullwidth non-hundred-percent-height-scrolling\" style=\"--awb-border-radius-top-left:0px;--awb-border-radius-top-right:0px;--awb-border-radius-bottom-right:0px;--awb-border-radius-bottom-left:0px;--awb-padding-top:90px;--awb-padding-bottom:55px;--awb-background-color:var(--awb-color6);--awb-flex-wrap:wrap;\" ><div class=\"fusion-builder-row fusion-row\"><div class=\"fusion-layout-column fusion_builder_column fusion-builder-column-7 fusion_builder_column_1_6 1_6 fusion-one-sixth fusion-column-first\" style=\"--awb-bg-size:cover;width:16.666666666667%;width:calc(16.666666666667% - ( ( 4% + 4% ) * 0.16666666666667 ) );margin-right: 4%;\"><div class=\"fusion-column-wrapper fusion-column-has-shadow fusion-flex-column-wrapper-legacy\"><div class=\"fusion-clearfix\"><\/div><\/div><\/div><div class=\"fusion-layout-column fusion_builder_column fusion-builder-column-8 fusion_builder_column_2_3 2_3 fusion-two-third\" style=\"--awb-bg-blend:overlay;--awb-bg-size:cover;width:66.666666666667%;width:calc(66.666666666667% - ( ( 4% + 4% ) * 0.66666666666667 ) );margin-right: 4%;\"><div class=\"fusion-column-wrapper fusion-column-has-shadow fusion-flex-column-wrapper-legacy\"><div class=\"fusion-text fusion-text-4\"><p><strong><em><span style=\"font-family: helvetica, arial, sans-serif;\"><span style=\"color: rgb(247, 247, 247); font-size: 18px;\" data-fusion-font=\"true\">\u201cEl Instituto Nacional de Silicosis valora la creaci\u00f3n de la p\u00e1gina web <\/span><a href=\"http:\/\/www.siliceysalud.es\" style=\"color: rgb(247, 247, 247); font-size: 18px;\" data-fusion-font=\"true\">www.siliceysalud.es<\/a><span style=\"color: rgb(247, 247, 247); font-size: 18px;\" data-fusion-font=\"true\"> como una iniciativa muy positiva en el plano informativo sobre los riesgos derivados de la exposici\u00f3n a s\u00edlice cristalina respirable en el \u00e1mbito laboral\u201d.<\/span><\/span><\/em><\/strong><\/p>\n<\/div><div class=\"fusion-clearfix\"><\/div><\/div><\/div><div class=\"fusion-layout-column fusion_builder_column fusion-builder-column-9 fusion_builder_column_1_6 1_6 fusion-one-sixth fusion-column-last\" style=\"--awb-bg-size:cover;width:16.666666666667%;width:calc(16.666666666667% - ( ( 4% + 4% ) * 0.16666666666667 ) );\"><div class=\"fusion-column-wrapper fusion-column-has-shadow fusion-flex-column-wrapper-legacy\"><div class=\"fusion-clearfix\"><\/div><\/div><\/div><\/div><\/div><div class=\"fusion-fullwidth fullwidth-box fusion-builder-row-5 fusion-parallax-none nonhundred-percent-fullwidth non-hundred-percent-height-scrolling\" style=\"--awb-border-radius-top-left:0px;--awb-border-radius-top-right:0px;--awb-border-radius-bottom-right:0px;--awb-border-radius-bottom-left:0px;--awb-padding-top:101px;--awb-padding-bottom:31px;--awb-background-image:url(&quot;https:\/\/www.siliceysalud.es\/wp-content\/uploads\/2021\/02\/Arido-2.jpg&quot;);--awb-background-size:cover;--awb-flex-wrap:wrap;\" ><div class=\"fusion-builder-row fusion-row\"><div class=\"fusion-layout-column fusion_builder_column fusion-builder-column-10 fusion_builder_column_1_1 1_1 fusion-one-full fusion-column-first fusion-column-last\" style=\"--awb-bg-blend:overlay;--awb-bg-size:cover;--awb-margin-bottom:0px;\"><div class=\"fusion-column-wrapper fusion-column-has-shadow fusion-flex-column-wrapper-legacy\"><div class=\"fusion-content-boxes content-boxes columns row fusion-columns-1 fusion-columns-total-1 fusion-content-boxes-1 content-boxes-icon-with-title content-left\" style=\"--awb-hover-accent-color:#a0ce4e;--awb-circle-hover-accent-color:#a0ce4e;--awb-item-margin-bottom:40px;\" data-animationOffset=\"top-into-view\"><div style=\"--awb-backgroundcolor:var(--awb-color4);\" class=\"fusion-column content-box-column content-box-column content-box-column-1 col-lg-12 col-md-12 col-sm-12 fusion-content-box-hover content-box-column-last content-box-column-last-in-row\"><div class=\"col content-box-wrapper content-wrapper-background link-area-link-icon icon-hover-animation-fade\" data-animationOffset=\"top-into-view\"><div class=\"heading heading-with-icon icon-left\"><div class=\"icon\"><i style=\"border-color:#333333;border-width:0px;background-color:#333333;box-sizing:content-box;height:42px;width:42px;line-height:42px;border-radius:50%;font-size:21px;\" aria-hidden=\"true\" class=\"fontawesome-icon fa-info-circle fas circle-yes\"><\/i><\/div><h2 class=\"content-box-heading\" style=\"--h2_typography-font-size:18px;line-height:23px;\">&gt;<\/h2><\/div><div class=\"fusion-clearfix\"><\/div><div class=\"content-container\">\n<p><span style=\"color: #ffffff; font-size: 14pt;\">Por su implicaci\u00f3n y colaboraci\u00f3n en la elaboraci\u00f3n de esta p\u00e1gina Web, agradecemos especialmente a ANEFA, CENTRO TECNOL\u00d3GICO DEL MARMOL, PIEDRA Y MATERIALES, OFICEMEN, IBERSIL, CEPCO, CLUSTER PIEDRA y a los miembros del Grupo de Trabajo de la S\u00edlice Cristalina de COMINROC su dedicaci\u00f3n.<\/span><\/p>\n<\/div><\/div><\/div><div class=\"fusion-clearfix\"><\/div><\/div><div class=\"fusion-clearfix\"><\/div><\/div><\/div><\/div><\/div><div class=\"fusion-fullwidth fullwidth-box fusion-builder-row-6 fusion-flex-container nonhundred-percent-fullwidth non-hundred-percent-height-scrolling\" style=\"--awb-border-radius-top-left:0px;--awb-border-radius-top-right:0px;--awb-border-radius-bottom-right:0px;--awb-border-radius-bottom-left:0px;--awb-padding-top:51px;--awb-padding-bottom:42px;--awb-background-color:var(--awb-color3);--awb-flex-wrap:wrap;\" ><div class=\"fusion-builder-row fusion-row fusion-flex-align-items-flex-start fusion-flex-content-wrap\" style=\"max-width:1144px;margin-left: calc(-4% \/ 2 );margin-right: calc(-4% \/ 2 );\"><div class=\"fusion-layout-column fusion_builder_column fusion-builder-column-11 fusion_builder_column_1_1 1_1 fusion-flex-column\" style=\"--awb-padding-top:35px;--awb-padding-right:50px;--awb-padding-bottom:18px;--awb-padding-left:43px;--awb-bg-color:rgba(0,0,0,0.25);--awb-bg-color-hover:rgba(0,0,0,0.25);--awb-bg-size:cover;--awb-width-large:100%;--awb-margin-top-large:0px;--awb-spacing-right-large:1.92%;--awb-margin-bottom-large:20px;--awb-spacing-left-large:1.92%;--awb-width-medium:100%;--awb-order-medium:0;--awb-spacing-right-medium:1.92%;--awb-spacing-left-medium:1.92%;--awb-width-small:100%;--awb-order-small:0;--awb-spacing-right-small:1.92%;--awb-spacing-left-small:1.92%;\"><div class=\"fusion-column-wrapper fusion-column-has-shadow fusion-flex-justify-content-flex-start fusion-content-layout-column\"><div class=\"fusion-text fusion-text-5\"><p style=\"text-align: justify;\"><span style=\"font-size: 14pt;\"><strong><span style=\"color: rgb(255, 255, 255);\">AVISO IMPORTANTE: Debido a la trasposici\u00f3n de la directiva (UE) 2017\/2398 sobre agentes cancer\u00edgenos y mut\u00e1genos, por medio del Real Decreto 1154\/2020, de 22 de diciembre, esta web ha sido adaptada a esta normativa.<\/span><\/strong><\/span><\/p>\n<p style=\"text-align: justify;\"><span style=\"font-size: 14pt;\"><strong><span style=\"color: rgb(255, 255, 255);\">Si detecta alguna incongruencia, por favor, p\u00f3ngase en contacto a trav\u00e9s del <\/span><a href=\"https:\/\/www.siliceysalud.es\/index.php\/comunicacion\/ayudanos-a-mejorar\/\" style=\"color: rgb(73, 73, 73);\">formulario de consultas<\/a><span style=\"color: rgb(255, 255, 255);\">.<\/span> <\/strong><\/span><\/p>\n<\/div><\/div><\/div><\/div><\/div><\/p>\n","protected":false},"excerpt":{"rendered":"","protected":false},"author":1,"featured_media":0,"parent":0,"menu_order":0,"comment_status":"closed","ping_status":"closed","template":"100-width.php","meta":{"_exactmetrics_skip_tracking":false,"_exactmetrics_sitenote_active":false,"_exactmetrics_sitenote_note":"","_exactmetrics_sitenote_category":0,"footnotes":""},"class_list":["post-339","page","type-page","status-publish","hentry"],"_links":{"self":[{"href":"https:\/\/www.siliceysalud.es\/index.php\/wp-json\/wp\/v2\/pages\/339","targetHints":{"allow":["GET"]}}],"collection":[{"href":"https:\/\/www.siliceysalud.es\/index.php\/wp-json\/wp\/v2\/pages"}],"about":[{"href":"https:\/\/www.siliceysalud.es\/index.php\/wp-json\/wp\/v2\/types\/page"}],"author":[{"embeddable":true,"href":"https:\/\/www.siliceysalud.es\/index.php\/wp-json\/wp\/v2\/users\/1"}],"replies":[{"embeddable":true,"href":"https:\/\/www.siliceysalud.es\/index.php\/wp-json\/wp\/v2\/comments?post=339"}],"version-history":[{"count":45,"href":"https:\/\/www.siliceysalud.es\/index.php\/wp-json\/wp\/v2\/pages\/339\/revisions"}],"predecessor-version":[{"id":3294,"href":"https:\/\/www.siliceysalud.es\/index.php\/wp-json\/wp\/v2\/pages\/339\/revisions\/3294"}],"wp:attachment":[{"href":"https:\/\/www.siliceysalud.es\/index.php\/wp-json\/wp\/v2\/media?parent=339"}],"curies":[{"name":"wp","href":"https:\/\/api.w.org\/{rel}","templated":true}]}}