{"id":350,"date":"2019-09-20T16:59:07","date_gmt":"2019-09-20T14:59:07","guid":{"rendered":"https:\/\/www.siliceysalud.es\/?page_id=350"},"modified":"2019-12-17T16:06:52","modified_gmt":"2019-12-17T15:06:52","slug":"eliminacion-natural","status":"publish","type":"page","link":"https:\/\/www.siliceysalud.es\/index.php\/el-polvo-y-la-scr\/efectos-para-la-salud\/eliminacion-natural\/","title":{"rendered":"Eliminaci\u00f3n natural"},"content":{"rendered":"<p><div class=\"fusion-fullwidth fullwidth-box fusion-builder-row-1 nonhundred-percent-fullwidth non-hundred-percent-height-scrolling\" style=\"--awb-border-radius-top-left:0px;--awb-border-radius-top-right:0px;--awb-border-radius-bottom-right:0px;--awb-border-radius-bottom-left:0px;--awb-flex-wrap:wrap;\" ><div class=\"fusion-builder-row fusion-row\"><div class=\"fusion-layout-column fusion_builder_column fusion-builder-column-0 fusion_builder_column_3_4 3_4 fusion-three-fourth fusion-column-first\" style=\"--awb-bg-size:cover;--awb-margin-bottom:0px;width:74%; margin-right: 4%;\"><div class=\"fusion-column-wrapper fusion-flex-column-wrapper-legacy\"><div class=\"fusion-text fusion-text-1\"><p style=\"text-align: justify;\"><span style=\"font-family: helvetica, arial, sans-serif; font-size: 14pt;\">Se debe de poner en alerta a la persona expuesta a la simple presencia e identificaci\u00f3n al riesgo de exposici\u00f3n a la SCR, debiendo de protegerle de manera adecuada. En caso de duda debe de consultar a su responsable, t\u00e9cnico de prevenci\u00f3n, director facultativo o bien a su delegado de prevenci\u00f3n.<\/span><\/p>\n<p style=\"text-align: justify;\"><span style=\"font-family: helvetica, arial, sans-serif; font-size: 14pt;\">En cualquier caso, y sin que esto exima de protecci\u00f3n alguna, el cuerpo humano es capaz de manera limitada de eliminar parte de la exposici\u00f3n a SCR.<\/span><\/p>\n<p style=\"text-align: justify;\"><span style=\"font-family: helvetica, arial, sans-serif; font-size: 14pt;\">Tal y como se ha indicado en el apartado \u201cComportamiento de las part\u00edculas en el cuerpo\u201d, el cuerpo puede retener y limitar el riesgo de la siguiente manera:<\/span><\/p>\n<ul>\n<li style=\"text-align: justify;\"><span style=\"font-family: helvetica, arial, sans-serif; font-size: 14pt;\">Mecanismo mucociliar: Secreci\u00f3n constitutiva de moco mantiene la hidrataci\u00f3n de la v\u00eda a\u00e9rea.<\/span><\/li>\n<li style=\"text-align: justify;\"><span style=\"font-family: helvetica, arial, sans-serif; font-size: 14pt;\">Expulsi\u00f3n violenta y ruidosa del aire que se realiza por la nariz y boca mediante un movimiento involuntario y repentino el diafragma.<\/span><\/li>\n<li style=\"text-align: justify;\"><span style=\"font-family: helvetica, arial, sans-serif; font-size: 14pt;\">Degluci\u00f3n. \u201cTap\u00f3n\u201d producido por la contracci\u00f3n de los m\u00fasculos far\u00edngeos y los que proyectan la lengua hacia arriba y hacia atr\u00e1s.<\/span><\/li>\n<li style=\"text-align: justify;\"><span style=\"font-family: helvetica, arial, sans-serif; font-size: 14pt;\">Proceso por el cual las c\u00e9lulas incorporan dentro de ellas mol\u00e9culas \u2013 en nuestro caso part\u00edculas -, grandes o peque\u00f1as, que son recubiertas por una ves\u00edcula de membrana.<\/span><\/li>\n<\/ul>\n<\/div><div class=\"fusion-clearfix\"><\/div><\/div><\/div><div class=\"fusion-layout-column fusion_builder_column fusion-builder-column-1 fusion_builder_column_1_4 1_4 fusion-one-fourth fusion-column-last\" style=\"--awb-bg-size:cover;--awb-margin-bottom:83px;width:22%;\"><div class=\"fusion-column-wrapper fusion-column-has-shadow fusion-flex-column-wrapper-legacy\"><div class=\"fusion-image-element in-legacy-container\" style=\"--awb-caption-title-font-family:var(--h2_typography-font-family);--awb-caption-title-font-weight:var(--h2_typography-font-weight);--awb-caption-title-font-style:var(--h2_typography-font-style);--awb-caption-title-size:var(--h2_typography-font-size);--awb-caption-title-transform:var(--h2_typography-text-transform);--awb-caption-title-line-height:var(--h2_typography-line-height);--awb-caption-title-letter-spacing:var(--h2_typography-letter-spacing);\"><span class=\" fusion-imageframe imageframe-none imageframe-1 hover-type-none\"><img decoding=\"async\" width=\"2120\" height=\"2833\" title=\"trabajador_tosiendo2\" src=\"https:\/\/www.siliceysalud.es\/wp-content\/uploads\/2019\/10\/trabajador_tosiendo2.jpg\" alt class=\"img-responsive wp-image-814\" srcset=\"https:\/\/www.siliceysalud.es\/wp-content\/uploads\/2019\/10\/trabajador_tosiendo2-200x267.jpg 200w, https:\/\/www.siliceysalud.es\/wp-content\/uploads\/2019\/10\/trabajador_tosiendo2-400x535.jpg 400w, https:\/\/www.siliceysalud.es\/wp-content\/uploads\/2019\/10\/trabajador_tosiendo2-600x802.jpg 600w, https:\/\/www.siliceysalud.es\/wp-content\/uploads\/2019\/10\/trabajador_tosiendo2-800x1069.jpg 800w, https:\/\/www.siliceysalud.es\/wp-content\/uploads\/2019\/10\/trabajador_tosiendo2-1200x1604.jpg 1200w, https:\/\/www.siliceysalud.es\/wp-content\/uploads\/2019\/10\/trabajador_tosiendo2.jpg 2120w\" sizes=\"(max-width: 800px) 100vw, 400px\" \/><\/span><\/div><div class=\"fusion-clearfix\"><\/div><\/div><\/div><\/div><\/div><div class=\"fusion-fullwidth fullwidth-box fusion-builder-row-2 nonhundred-percent-fullwidth non-hundred-percent-height-scrolling\" style=\"--awb-border-radius-top-left:0px;--awb-border-radius-top-right:0px;--awb-border-radius-bottom-right:0px;--awb-border-radius-bottom-left:0px;--awb-flex-wrap:wrap;\" ><div class=\"fusion-builder-row fusion-row\"><div class=\"fusion-layout-column fusion_builder_column fusion-builder-column-2 fusion_builder_column_1_1 1_1 fusion-one-full fusion-column-first fusion-column-last\" style=\"--awb-bg-size:cover;\"><div class=\"fusion-column-wrapper fusion-column-has-shadow fusion-flex-column-wrapper-legacy\"><div class=\"fusion-text fusion-text-2\"><table style=\"border-collapse: collapse; width: 100%;\">\n<tbody>\n<tr>\n<td style=\"width: 2.39808%; text-align: right;\"><span style=\"font-family: helvetica, arial, sans-serif; font-size: 14pt;\"><i class=\"fb-icon-element-1 fb-icon-element fontawesome-icon fa-angle-double-right fas circle-yes fusion-text-flow\" style=\"--awb-circlecolor:#00098b;--awb-circlecolor-hover:#00098b;--awb-circlebordercolor:#6caae4;--awb-circlebordercolor-hover:#6caae4;--awb-circlebordersize:1px;--awb-font-size:17.6px;--awb-width:35.2px;--awb-height:35.2px;--awb-line-height:33.2px;--awb-margin-right:10px;\"><\/i><\/span><\/td>\n<td style=\"width: 97.6019%;\"><span style=\"font-size: 12pt;\"><a href=\"https:\/\/www.siliceysalud.es\/index.php\/evaluacion-de-riesgos\/\"><strong><span style=\"font-family: helvetica, arial, sans-serif;\">Sigue leyendo sobre evaluaci\u00f3n y control<\/span><\/strong><\/a><\/span><\/td>\n<\/tr>\n<\/tbody>\n<\/table>\n<\/div><div class=\"fusion-clearfix\"><\/div><\/div><\/div><\/div><\/div><\/p>\n","protected":false},"excerpt":{"rendered":"","protected":false},"author":1,"featured_media":0,"parent":32,"menu_order":0,"comment_status":"closed","ping_status":"closed","template":"100-width.php","meta":{"_exactmetrics_skip_tracking":false,"_exactmetrics_sitenote_active":false,"_exactmetrics_sitenote_note":"","_exactmetrics_sitenote_category":0,"footnotes":""},"class_list":["post-350","page","type-page","status-publish","hentry"],"_links":{"self":[{"href":"https:\/\/www.siliceysalud.es\/index.php\/wp-json\/wp\/v2\/pages\/350","targetHints":{"allow":["GET"]}}],"collection":[{"href":"https:\/\/www.siliceysalud.es\/index.php\/wp-json\/wp\/v2\/pages"}],"about":[{"href":"https:\/\/www.siliceysalud.es\/index.php\/wp-json\/wp\/v2\/types\/page"}],"author":[{"embeddable":true,"href":"https:\/\/www.siliceysalud.es\/index.php\/wp-json\/wp\/v2\/users\/1"}],"replies":[{"embeddable":true,"href":"https:\/\/www.siliceysalud.es\/index.php\/wp-json\/wp\/v2\/comments?post=350"}],"version-history":[{"count":8,"href":"https:\/\/www.siliceysalud.es\/index.php\/wp-json\/wp\/v2\/pages\/350\/revisions"}],"predecessor-version":[{"id":2533,"href":"https:\/\/www.siliceysalud.es\/index.php\/wp-json\/wp\/v2\/pages\/350\/revisions\/2533"}],"up":[{"embeddable":true,"href":"https:\/\/www.siliceysalud.es\/index.php\/wp-json\/wp\/v2\/pages\/32"}],"wp:attachment":[{"href":"https:\/\/www.siliceysalud.es\/index.php\/wp-json\/wp\/v2\/media?parent=350"}],"curies":[{"name":"wp","href":"https:\/\/api.w.org\/{rel}","templated":true}]}}