{"id":40,"date":"2019-09-10T13:59:10","date_gmt":"2019-09-10T11:59:10","guid":{"rendered":"https:\/\/www.siliceysalud.es\/?page_id=40"},"modified":"2019-12-30T19:17:07","modified_gmt":"2019-12-30T18:17:07","slug":"tipos-de-silice","status":"publish","type":"page","link":"https:\/\/www.siliceysalud.es\/index.php\/el-polvo-y-la-scr\/la-silice\/tipos-de-silice\/","title":{"rendered":"Tipos de s\u00edlice"},"content":{"rendered":"<p><div class=\"fusion-fullwidth fullwidth-box fusion-builder-row-1 nonhundred-percent-fullwidth non-hundred-percent-height-scrolling\" style=\"--awb-border-radius-top-left:0px;--awb-border-radius-top-right:0px;--awb-border-radius-bottom-right:0px;--awb-border-radius-bottom-left:0px;--awb-padding-bottom:0px;--awb-margin-bottom:0px;--awb-flex-wrap:wrap;\" ><div class=\"fusion-builder-row fusion-row\"><div class=\"fusion-layout-column fusion_builder_column fusion-builder-column-0 fusion_builder_column_1_1 1_1 fusion-one-full fusion-column-first fusion-column-last\" style=\"--awb-bg-size:cover;\"><div class=\"fusion-column-wrapper fusion-column-has-shadow fusion-flex-column-wrapper-legacy\"><div class=\"fusion-text fusion-text-1\"><p style=\"text-align: justify;\"><span style=\"font-family: helvetica, arial, sans-serif; font-size: 14pt;\">La s\u00edlice de forma general, y seg\u00fan su estructura molecular, la podemos encontrar de forma cristalina o amorfa, tanto en dep\u00f3sitos sedimentarios naturales como en productos creados artificialmente en hornos a altas temperaturas.<\/span><\/p>\n<p style=\"text-align: justify;\"><span style=\"font-family: helvetica, arial, sans-serif; font-size: 14pt;\">Todas las formas cristalinas de la s\u00edlice se denominan \u201cs\u00edlice cristalina\u201d, y se presenta principalmente en forma de cuarzo, cristobalita y tridimita (Puchau, 2019), siendo el cuarzo su forma m\u00e1s habitual, entre sus ventajas hay que mencionar que tienen muchas aplicaciones industriales que derivan de sus propiedades f\u00edsicas y qu\u00edmicas tales como son la dureza o la resistencia, sin olvidar su resistencia qu\u00edmica, su alto punto de fusi\u00f3n, la piezoelectricidad, la piroelectricidad y su transparencia (Servicio Andaluz de Salud \u2010 Consejer\u00eda de Salud, 2017), lo cual hace que sea un material fundamental en nuestra vida cotidiana ya que lo encontramos en tel\u00e9fonos, edificios, veh\u00edculos y en un sinf\u00edn de productos que facilitan y mejoran nuestra calidad de vida.<\/span><\/p>\n<p style=\"text-align: justify;\"><span style=\"font-family: helvetica, arial, sans-serif; font-size: 14pt;\">En la ilustraci\u00f3n siguiente (Rabanal, 2011) se muestra la representaci\u00f3n gr\u00e1fica de las diferentes formas cristalinas m\u00e1s representativas.<\/span><\/p>\n<\/div><div class=\"fusion-image-element fusion-image-align-center in-legacy-container\" style=\"text-align:center;--awb-caption-title-font-family:var(--h2_typography-font-family);--awb-caption-title-font-weight:var(--h2_typography-font-weight);--awb-caption-title-font-style:var(--h2_typography-font-style);--awb-caption-title-size:var(--h2_typography-font-size);--awb-caption-title-transform:var(--h2_typography-text-transform);--awb-caption-title-line-height:var(--h2_typography-line-height);--awb-caption-title-letter-spacing:var(--h2_typography-letter-spacing);\"><div class=\"imageframe-align-center\"><span class=\" fusion-imageframe imageframe-none imageframe-1 hover-type-none\"><img decoding=\"async\" width=\"870\" height=\"216\" title=\"Tipos de silice\" src=\"https:\/\/www.siliceysalud.es\/wp-content\/uploads\/2019\/10\/Tipos-de-silice.png\" alt class=\"img-responsive wp-image-594\" srcset=\"https:\/\/www.siliceysalud.es\/wp-content\/uploads\/2019\/10\/Tipos-de-silice-200x50.png 200w, https:\/\/www.siliceysalud.es\/wp-content\/uploads\/2019\/10\/Tipos-de-silice-400x99.png 400w, https:\/\/www.siliceysalud.es\/wp-content\/uploads\/2019\/10\/Tipos-de-silice-600x149.png 600w, https:\/\/www.siliceysalud.es\/wp-content\/uploads\/2019\/10\/Tipos-de-silice-800x199.png 800w, https:\/\/www.siliceysalud.es\/wp-content\/uploads\/2019\/10\/Tipos-de-silice.png 870w\" sizes=\"(max-width: 800px) 100vw, 870px\" \/><\/span><\/div><\/div><div class=\"fusion-text fusion-text-2\"><p style=\"text-align: justify;\"><span style=\"font-family: helvetica, arial, sans-serif; font-size: 14pt;\">El cuarzo es, con diferencia, la forma m\u00e1s com\u00fan de s\u00edlice cristalina. Es el segundo mineral m\u00e1s abundante de la superficie de la tierra y se encuentra en las piedras, las rocas, las arenas y arcillas. Puesto que es tan abundante, el cuarzo est\u00e1 presente en casi todas las operaciones mineras, y sus propiedades fisicoqu\u00edmicas, le confieren multitud de aplicaciones industriales, por lo que puede estar presente en una gran variedad de actividades o sectores de actividad industrial. <\/span><\/p>\n<p style=\"text-align: justify;\"><span style=\"font-family: helvetica, arial, sans-serif; font-size: 14pt;\">Es importante indicar que la cristobalita y la tridimita est\u00e1n compuestas por los mismos elementos que el cuarzo, pero tienen una estructura cristalina diferente, estos compuestos no son abundantes en la naturaleza. Sin embargo, se encuentran en algunas rocas \u00edgneas. En circunstancias industriales, la cristobalita tambi\u00e9n se obtiene cuando se calienta el cuarzo aproximadamente a temperaturas superiores a 1400\u00b0C; por ejemplo, durante la producci\u00f3n de materiales cer\u00e1micos.<\/span><\/p>\n<p style=\"text-align: justify;\"><span style=\"font-family: helvetica, arial, sans-serif; font-size: 14pt;\">La cristobalita tambi\u00e9n se forma cuando la s\u00edlice amorfa o la s\u00edlice v\u00edtrea se calientan a altas temperaturas, tal y como se ha indicado con anterioridad.<\/span><\/p>\n<p style=\"text-align: justify;\"><span style=\"font-family: helvetica, arial, sans-serif; font-size: 14pt;\">En la tabla siguiente, se muestran los principales materiales clasificados como s\u00edlice cristalina o como s\u00edlice amorfa.<\/span><\/p>\n<p>\u00a0<\/p>\n<p><img decoding=\"async\" class=\"aligncenter  wp-image-2677\" src=\"https:\/\/www.siliceysalud.es\/wp-content\/uploads\/2019\/12\/tipos-de-silice.png\" alt=\"\" width=\"398\" height=\"326\" srcset=\"https:\/\/www.siliceysalud.es\/wp-content\/uploads\/2019\/12\/tipos-de-silice-200x164.png 200w, https:\/\/www.siliceysalud.es\/wp-content\/uploads\/2019\/12\/tipos-de-silice-300x246.png 300w, https:\/\/www.siliceysalud.es\/wp-content\/uploads\/2019\/12\/tipos-de-silice-400x328.png 400w, https:\/\/www.siliceysalud.es\/wp-content\/uploads\/2019\/12\/tipos-de-silice-600x492.png 600w, https:\/\/www.siliceysalud.es\/wp-content\/uploads\/2019\/12\/tipos-de-silice.png 724w\" sizes=\"(max-width: 398px) 100vw, 398px\" \/><\/p>\n<\/div><div class=\"fusion-text fusion-text-3\"><\/div><div class=\"fusion-clearfix\"><\/div><\/div><\/div><\/div><\/div><div class=\"fusion-fullwidth fullwidth-box fusion-builder-row-2 nonhundred-percent-fullwidth non-hundred-percent-height-scrolling\" style=\"--awb-border-radius-top-left:0px;--awb-border-radius-top-right:0px;--awb-border-radius-bottom-right:0px;--awb-border-radius-bottom-left:0px;--awb-flex-wrap:wrap;\" ><div class=\"fusion-builder-row fusion-row\"><div class=\"fusion-layout-column fusion_builder_column fusion-builder-column-1 fusion_builder_column_1_1 1_1 fusion-one-full fusion-column-first fusion-column-last\" style=\"--awb-bg-size:cover;\"><div class=\"fusion-column-wrapper fusion-column-has-shadow fusion-flex-column-wrapper-legacy\"><div class=\"fusion-text fusion-text-4\"><table style=\"border-collapse: collapse; width: 100%;\">\n<tbody>\n<tr>\n<td style=\"width: 2.39808%; text-align: right;\"><span style=\"font-family: helvetica, arial, sans-serif; font-size: 14pt;\"><i class=\"fb-icon-element-1 fb-icon-element fontawesome-icon fa-angle-double-right fas circle-yes fusion-text-flow\" style=\"--awb-circlecolor:#00098b;--awb-circlecolor-hover:#00098b;--awb-circlebordercolor:#6caae4;--awb-circlebordercolor-hover:#6caae4;--awb-circlebordersize:1px;--awb-font-size:17.6px;--awb-width:35.2px;--awb-height:35.2px;--awb-line-height:33.2px;--awb-margin-right:10px;\"><\/i><\/span><\/td>\n<td style=\"width: 97.6019%;\"><a href=\"https:\/\/www.siliceysalud.es\/index.php\/el-polvo-y-la-scr\/la-silice\/silice-cristalina\/\"><strong><span style=\"font-family: helvetica, arial, sans-serif; font-size: 14pt;\"><span style=\"font-size: 12pt;\">Sigue leyendo sobre la s\u00edlice cristalina<\/span><\/span><\/strong><\/a><\/td>\n<\/tr>\n<\/tbody>\n<\/table>\n<\/div><div class=\"fusion-clearfix\"><\/div><\/div><\/div><\/div><\/div><\/p>\n","protected":false},"excerpt":{"rendered":"","protected":false},"author":1,"featured_media":0,"parent":30,"menu_order":0,"comment_status":"closed","ping_status":"closed","template":"100-width.php","meta":{"_exactmetrics_skip_tracking":false,"_exactmetrics_sitenote_active":false,"_exactmetrics_sitenote_note":"","_exactmetrics_sitenote_category":0,"footnotes":""},"class_list":["post-40","page","type-page","status-publish","hentry"],"_links":{"self":[{"href":"https:\/\/www.siliceysalud.es\/index.php\/wp-json\/wp\/v2\/pages\/40","targetHints":{"allow":["GET"]}}],"collection":[{"href":"https:\/\/www.siliceysalud.es\/index.php\/wp-json\/wp\/v2\/pages"}],"about":[{"href":"https:\/\/www.siliceysalud.es\/index.php\/wp-json\/wp\/v2\/types\/page"}],"author":[{"embeddable":true,"href":"https:\/\/www.siliceysalud.es\/index.php\/wp-json\/wp\/v2\/users\/1"}],"replies":[{"embeddable":true,"href":"https:\/\/www.siliceysalud.es\/index.php\/wp-json\/wp\/v2\/comments?post=40"}],"version-history":[{"count":39,"href":"https:\/\/www.siliceysalud.es\/index.php\/wp-json\/wp\/v2\/pages\/40\/revisions"}],"predecessor-version":[{"id":2678,"href":"https:\/\/www.siliceysalud.es\/index.php\/wp-json\/wp\/v2\/pages\/40\/revisions\/2678"}],"up":[{"embeddable":true,"href":"https:\/\/www.siliceysalud.es\/index.php\/wp-json\/wp\/v2\/pages\/30"}],"wp:attachment":[{"href":"https:\/\/www.siliceysalud.es\/index.php\/wp-json\/wp\/v2\/media?parent=40"}],"curies":[{"name":"wp","href":"https:\/\/api.w.org\/{rel}","templated":true}]}}