{"id":42,"date":"2019-09-10T13:59:32","date_gmt":"2019-09-10T11:59:32","guid":{"rendered":"https:\/\/www.siliceysalud.es\/?page_id=42"},"modified":"2019-12-30T07:06:29","modified_gmt":"2019-12-30T06:06:29","slug":"silice-cristalina","status":"publish","type":"page","link":"https:\/\/www.siliceysalud.es\/index.php\/el-polvo-y-la-scr\/la-silice\/silice-cristalina\/","title":{"rendered":"S\u00edlice cristalina"},"content":{"rendered":"<p><div class=\"fusion-fullwidth fullwidth-box fusion-builder-row-1 nonhundred-percent-fullwidth non-hundred-percent-height-scrolling\" style=\"--awb-border-radius-top-left:0px;--awb-border-radius-top-right:0px;--awb-border-radius-bottom-right:0px;--awb-border-radius-bottom-left:0px;--awb-flex-wrap:wrap;\" ><div class=\"fusion-builder-row fusion-row\"><div class=\"fusion-layout-column fusion_builder_column fusion-builder-column-0 fusion_builder_column_1_1 1_1 fusion-one-full fusion-column-first fusion-column-last\" style=\"--awb-bg-size:cover;\"><div class=\"fusion-column-wrapper fusion-column-has-shadow fusion-flex-column-wrapper-legacy\"><div class=\"fusion-text fusion-text-1\"><p style=\"text-align: justify;\"><span style=\"font-family: helvetica, arial, sans-serif; font-size: 14pt;\">La s\u00edlice cristalina es una de las formas moleculares en las que se puede presentar la s\u00edlice (SiO<sub>2<\/sub>) y dentro de los tipos de s\u00edlice cristalina la m\u00e1s com\u00fan es el cuarzo, que se encuentra en la mayor\u00eda de las rocas.<\/span><\/p>\n<p style=\"text-align: justify;\"><span style=\"font-family: helvetica, arial, sans-serif; font-size: 14pt;\">El cuarzo a temperaturas superiores a los 800\u00b0C pasa a la forma de s\u00edlice cristalina conocida como tridimita, y al someterla a temperaturas mayores de 1400\u00b0C, a la forma conocida como cristobalita. Desde el punto de vista cristalograf\u00edco, su diferencia es el ordenamiento interno. <\/span><\/p>\n<p style=\"text-align: justify;\"><span style=\"font-family: helvetica, arial, sans-serif; font-size: 14pt;\">En la ilustraci\u00f3n siguiente (Rabanal, 2011) se muestra el diagrama de fases que interrelaciona la presi\u00f3n y la temperatura con diversos tipos de materiales denominados como tectosilicatos.<\/span><\/p>\n<\/div><div class=\"fusion-image-element fusion-image-align-center in-legacy-container\" style=\"text-align:center;--awb-caption-title-font-family:var(--h2_typography-font-family);--awb-caption-title-font-weight:var(--h2_typography-font-weight);--awb-caption-title-font-style:var(--h2_typography-font-style);--awb-caption-title-size:var(--h2_typography-font-size);--awb-caption-title-transform:var(--h2_typography-text-transform);--awb-caption-title-line-height:var(--h2_typography-line-height);--awb-caption-title-letter-spacing:var(--h2_typography-letter-spacing);\"><div class=\"imageframe-align-center\"><span class=\" fusion-imageframe imageframe-none imageframe-1 hover-type-none\"><img decoding=\"async\" width=\"850\" height=\"423\" title=\"Fases silice\" src=\"https:\/\/www.siliceysalud.es\/wp-content\/uploads\/2019\/10\/Fases-silice.png\" alt class=\"img-responsive wp-image-399\" srcset=\"https:\/\/www.siliceysalud.es\/wp-content\/uploads\/2019\/10\/Fases-silice-200x100.png 200w, https:\/\/www.siliceysalud.es\/wp-content\/uploads\/2019\/10\/Fases-silice-400x199.png 400w, https:\/\/www.siliceysalud.es\/wp-content\/uploads\/2019\/10\/Fases-silice-600x299.png 600w, https:\/\/www.siliceysalud.es\/wp-content\/uploads\/2019\/10\/Fases-silice-800x398.png 800w, https:\/\/www.siliceysalud.es\/wp-content\/uploads\/2019\/10\/Fases-silice.png 850w\" sizes=\"(max-width: 800px) 100vw, 850px\" \/><\/span><\/div><\/div><div class=\"fusion-text fusion-text-2\"><\/div><div class=\"fusion-clearfix\"><\/div><\/div><\/div><\/div><\/div><div class=\"fusion-fullwidth fullwidth-box fusion-builder-row-2 nonhundred-percent-fullwidth non-hundred-percent-height-scrolling\" style=\"--awb-border-radius-top-left:0px;--awb-border-radius-top-right:0px;--awb-border-radius-bottom-right:0px;--awb-border-radius-bottom-left:0px;--awb-flex-wrap:wrap;\" ><div class=\"fusion-builder-row fusion-row\"><div class=\"fusion-layout-column fusion_builder_column fusion-builder-column-1 fusion_builder_column_1_1 1_1 fusion-one-full fusion-column-first fusion-column-last\" style=\"--awb-bg-size:cover;\"><div class=\"fusion-column-wrapper fusion-column-has-shadow fusion-flex-column-wrapper-legacy\"><div class=\"fusion-text fusion-text-3\"><table style=\"border-collapse: collapse; width: 100%;\">\n<tbody>\n<tr>\n<td style=\"width: 2.39808%; text-align: right;\"><span style=\"font-family: helvetica, arial, sans-serif; font-size: 14pt;\"><i class=\"fb-icon-element-1 fb-icon-element fontawesome-icon fa-angle-double-right fas circle-yes fusion-text-flow\" style=\"--awb-circlecolor:#00098b;--awb-circlecolor-hover:#00098b;--awb-circlebordercolor:#6caae4;--awb-circlebordercolor-hover:#6caae4;--awb-circlebordersize:1px;--awb-font-size:17.6px;--awb-width:35.2px;--awb-height:35.2px;--awb-line-height:33.2px;--awb-margin-right:10px;\"><\/i><\/span><\/td>\n<td style=\"width: 97.6019%;\"><span style=\"font-size: 12pt;\"><a href=\"https:\/\/www.siliceysalud.es\/index.php\/el-polvo-y-la-scr\/la-silice\/silice-cristalina-respirable\/\"><strong><span style=\"font-family: helvetica, arial, sans-serif;\">Sigue leyendo sobre la s\u00edlice cristalina respirable<\/span><\/strong><\/a><\/span><\/td>\n<\/tr>\n<\/tbody>\n<\/table>\n<\/div><div class=\"fusion-clearfix\"><\/div><\/div><\/div><\/div><\/div><\/p>\n","protected":false},"excerpt":{"rendered":"","protected":false},"author":1,"featured_media":0,"parent":30,"menu_order":0,"comment_status":"closed","ping_status":"closed","template":"100-width.php","meta":{"_exactmetrics_skip_tracking":false,"_exactmetrics_sitenote_active":false,"_exactmetrics_sitenote_note":"","_exactmetrics_sitenote_category":0,"footnotes":""},"class_list":["post-42","page","type-page","status-publish","hentry"],"_links":{"self":[{"href":"https:\/\/www.siliceysalud.es\/index.php\/wp-json\/wp\/v2\/pages\/42","targetHints":{"allow":["GET"]}}],"collection":[{"href":"https:\/\/www.siliceysalud.es\/index.php\/wp-json\/wp\/v2\/pages"}],"about":[{"href":"https:\/\/www.siliceysalud.es\/index.php\/wp-json\/wp\/v2\/types\/page"}],"author":[{"embeddable":true,"href":"https:\/\/www.siliceysalud.es\/index.php\/wp-json\/wp\/v2\/users\/1"}],"replies":[{"embeddable":true,"href":"https:\/\/www.siliceysalud.es\/index.php\/wp-json\/wp\/v2\/comments?post=42"}],"version-history":[{"count":14,"href":"https:\/\/www.siliceysalud.es\/index.php\/wp-json\/wp\/v2\/pages\/42\/revisions"}],"predecessor-version":[{"id":2644,"href":"https:\/\/www.siliceysalud.es\/index.php\/wp-json\/wp\/v2\/pages\/42\/revisions\/2644"}],"up":[{"embeddable":true,"href":"https:\/\/www.siliceysalud.es\/index.php\/wp-json\/wp\/v2\/pages\/30"}],"wp:attachment":[{"href":"https:\/\/www.siliceysalud.es\/index.php\/wp-json\/wp\/v2\/media?parent=42"}],"curies":[{"name":"wp","href":"https:\/\/api.w.org\/{rel}","templated":true}]}}