{"id":50,"date":"2019-09-10T14:01:05","date_gmt":"2019-09-10T12:01:05","guid":{"rendered":"https:\/\/www.siliceysalud.es\/?page_id=50"},"modified":"2021-01-07T12:58:37","modified_gmt":"2021-01-07T11:58:37","slug":"a-quien-afecta","status":"publish","type":"page","link":"https:\/\/www.siliceysalud.es\/index.php\/el-polvo-y-la-scr\/la-silice\/a-quien-afecta\/","title":{"rendered":"A qui\u00e9n afecta"},"content":{"rendered":"<p><div class=\"fusion-fullwidth fullwidth-box fusion-builder-row-1 nonhundred-percent-fullwidth non-hundred-percent-height-scrolling\" style=\"--awb-border-radius-top-left:0px;--awb-border-radius-top-right:0px;--awb-border-radius-bottom-right:0px;--awb-border-radius-bottom-left:0px;--awb-flex-wrap:wrap;\" ><div class=\"fusion-builder-row fusion-row\"><div class=\"fusion-layout-column fusion_builder_column fusion-builder-column-0 fusion_builder_column_1_4 1_4 fusion-one-fourth fusion-column-first\" style=\"--awb-bg-size:cover;width:25%;width:calc(25% - ( ( 4% ) * 0.25 ) );margin-right: 4%;\"><div class=\"fusion-column-wrapper fusion-column-has-shadow fusion-flex-column-wrapper-legacy\"><div class=\"fusion-image-element in-legacy-container\" style=\"--awb-caption-title-font-family:var(--h2_typography-font-family);--awb-caption-title-font-weight:var(--h2_typography-font-weight);--awb-caption-title-font-style:var(--h2_typography-font-style);--awb-caption-title-size:var(--h2_typography-font-size);--awb-caption-title-transform:var(--h2_typography-text-transform);--awb-caption-title-line-height:var(--h2_typography-line-height);--awb-caption-title-letter-spacing:var(--h2_typography-letter-spacing);\"><span class=\" fusion-imageframe imageframe-none imageframe-1 hover-type-none\"><img decoding=\"async\" width=\"1080\" height=\"1440\" src=\"https:\/\/www.siliceysalud.es\/wp-content\/uploads\/2021\/01\/A-quien-afecta.jpg\" alt class=\"img-responsive wp-image-2927\" srcset=\"https:\/\/www.siliceysalud.es\/wp-content\/uploads\/2021\/01\/A-quien-afecta-200x267.jpg 200w, https:\/\/www.siliceysalud.es\/wp-content\/uploads\/2021\/01\/A-quien-afecta-400x533.jpg 400w, https:\/\/www.siliceysalud.es\/wp-content\/uploads\/2021\/01\/A-quien-afecta-600x800.jpg 600w, https:\/\/www.siliceysalud.es\/wp-content\/uploads\/2021\/01\/A-quien-afecta-800x1067.jpg 800w, https:\/\/www.siliceysalud.es\/wp-content\/uploads\/2021\/01\/A-quien-afecta.jpg 1080w\" sizes=\"(max-width: 800px) 100vw, 400px\" \/><\/span><\/div><div class=\"fusion-clearfix\"><\/div><\/div><\/div><div class=\"fusion-layout-column fusion_builder_column fusion-builder-column-1 fusion_builder_column_3_4 3_4 fusion-three-fourth fusion-column-last\" style=\"--awb-bg-size:cover;width:75%;width:calc(75% - ( ( 4% ) * 0.75 ) );\"><div class=\"fusion-column-wrapper fusion-column-has-shadow fusion-flex-column-wrapper-legacy\"><div class=\"fusion-text fusion-text-1\"><p style=\"text-align: justify;\"><span style=\"font-family: helvetica, arial, sans-serif; font-size: 14pt;\">La exposici\u00f3n laboral a s\u00edlice cristalina respirable se puede producir en cualquier situaci\u00f3n de trabajo en la que se genere polvo de s\u00edlice cristalina, y este pase al ambiente.<\/span><\/p>\n<p style=\"text-align: justify;\"><span style=\"font-family: helvetica, arial, sans-serif; font-size: 14pt;\">Por lo tanto, trabajadores que desarrollen operaciones en las que se trituren, corten, perforen, tallen o muelen materiales, productos o materias primas que contengan s\u00edlice cristalina, pueden liberar al ambiente de trabajo part\u00edculas de s\u00edlice cristalina respirable (fracci\u00f3n de la masa de polvo inhalada que penetra hasta las v\u00edas respiratorias no ciliadas y se deposita en ellas), y por tanto, podr\u00edan estar expuestos (INSST, 2010).<\/span><\/p>\n<p style=\"text-align: justify;\"><span style=\"font-family: helvetica, arial, sans-serif; font-size: 14pt;\">Esto no exime de que otros trabajadores, que no est\u00e9n directamente relacionados con las mencionadas operaciones puedan verse afectados con el paso del tiempo por la presencia de polvo en el ambiente, con contenidos de s\u00edlice cristalina respirable. Por lo tanto, en caso de duda la consulta con su encargado, t\u00e9cnico de prevenci\u00f3n, director facultativo, delegado de prevenci\u00f3n y\/o m\u00e9dico de vigilancia de la salud, pueden ayudarle a identificar potenciales \u00e1reas o tareas con riesgo. <\/span><\/p>\n<\/div><div class=\"fusion-clearfix\"><\/div><\/div><\/div><\/div><\/div><div class=\"fusion-fullwidth fullwidth-box fusion-builder-row-2 nonhundred-percent-fullwidth non-hundred-percent-height-scrolling\" style=\"--awb-border-radius-top-left:0px;--awb-border-radius-top-right:0px;--awb-border-radius-bottom-right:0px;--awb-border-radius-bottom-left:0px;--awb-flex-wrap:wrap;\" ><div class=\"fusion-builder-row fusion-row\"><div class=\"fusion-layout-column fusion_builder_column fusion-builder-column-2 fusion_builder_column_1_1 1_1 fusion-one-full fusion-column-first fusion-column-last\" style=\"--awb-bg-size:cover;\"><div class=\"fusion-column-wrapper fusion-column-has-shadow fusion-flex-column-wrapper-legacy\"><div class=\"fusion-text fusion-text-2\"><table style=\"border-collapse: collapse; width: 100%;\">\n<tbody>\n<tr>\n<td style=\"width: 2.39808%; text-align: right;\"><span style=\"font-family: helvetica, arial, sans-serif; font-size: 14pt;\"><i class=\"fb-icon-element-1 fb-icon-element fontawesome-icon fa-angle-double-right fas circle-yes fusion-text-flow\" style=\"--awb-circlecolor:#00098b;--awb-circlecolor-hover:#00098b;--awb-circlebordercolor:#6caae4;--awb-circlebordercolor-hover:#6caae4;--awb-circlebordersize:1px;--awb-font-size:17.6px;--awb-width:35.2px;--awb-height:35.2px;--awb-line-height:33.2px;--awb-margin-right:10px;\"><\/i><\/span><\/td>\n<td style=\"width: 97.6019%;\"><span style=\"font-size: 12pt;\"><a href=\"https:\/\/www.siliceysalud.es\/index.php\/el-polvo-y-la-scr\/efectos-para-la-salud\/\"><strong><span style=\"font-family: helvetica, arial, sans-serif;\">Sigue leyendo sobre efectos para la salud<\/span><\/strong><\/a><\/span><\/td>\n<\/tr>\n<\/tbody>\n<\/table>\n<\/div><div class=\"fusion-clearfix\"><\/div><\/div><\/div><\/div><\/div><\/p>\n","protected":false},"excerpt":{"rendered":"","protected":false},"author":1,"featured_media":0,"parent":30,"menu_order":0,"comment_status":"closed","ping_status":"closed","template":"100-width.php","meta":{"_exactmetrics_skip_tracking":false,"_exactmetrics_sitenote_active":false,"_exactmetrics_sitenote_note":"","_exactmetrics_sitenote_category":0,"footnotes":""},"class_list":["post-50","page","type-page","status-publish","hentry"],"_links":{"self":[{"href":"https:\/\/www.siliceysalud.es\/index.php\/wp-json\/wp\/v2\/pages\/50","targetHints":{"allow":["GET"]}}],"collection":[{"href":"https:\/\/www.siliceysalud.es\/index.php\/wp-json\/wp\/v2\/pages"}],"about":[{"href":"https:\/\/www.siliceysalud.es\/index.php\/wp-json\/wp\/v2\/types\/page"}],"author":[{"embeddable":true,"href":"https:\/\/www.siliceysalud.es\/index.php\/wp-json\/wp\/v2\/users\/1"}],"replies":[{"embeddable":true,"href":"https:\/\/www.siliceysalud.es\/index.php\/wp-json\/wp\/v2\/comments?post=50"}],"version-history":[{"count":12,"href":"https:\/\/www.siliceysalud.es\/index.php\/wp-json\/wp\/v2\/pages\/50\/revisions"}],"predecessor-version":[{"id":2928,"href":"https:\/\/www.siliceysalud.es\/index.php\/wp-json\/wp\/v2\/pages\/50\/revisions\/2928"}],"up":[{"embeddable":true,"href":"https:\/\/www.siliceysalud.es\/index.php\/wp-json\/wp\/v2\/pages\/30"}],"wp:attachment":[{"href":"https:\/\/www.siliceysalud.es\/index.php\/wp-json\/wp\/v2\/media?parent=50"}],"curies":[{"name":"wp","href":"https:\/\/api.w.org\/{rel}","templated":true}]}}