{"id":79,"date":"2019-09-11T13:05:01","date_gmt":"2019-09-11T11:05:01","guid":{"rendered":"https:\/\/www.siliceysalud.es\/?page_id=79"},"modified":"2023-10-20T11:16:33","modified_gmt":"2023-10-20T09:16:33","slug":"identificacion","status":"publish","type":"page","link":"https:\/\/www.siliceysalud.es\/index.php\/evaluacion-de-riesgos\/identificacion\/","title":{"rendered":"Identificaci\u00f3n"},"content":{"rendered":"<p><div class=\"fusion-fullwidth fullwidth-box fusion-builder-row-1 hundred-percent-fullwidth non-hundred-percent-height-scrolling\" style=\"--awb-border-radius-top-left:0px;--awb-border-radius-top-right:0px;--awb-border-radius-bottom-right:0px;--awb-border-radius-bottom-left:0px;--awb-padding-right:0px;--awb-padding-left:1px;--awb-flex-wrap:wrap;\" ><div class=\"fusion-builder-row fusion-row\"><div class=\"fusion-layout-column fusion_builder_column fusion-builder-column-0 fusion_builder_column_1_1 1_1 fusion-one-full fusion-column-first fusion-column-last\" style=\"--awb-bg-size:cover;\"><div class=\"fusion-column-wrapper fusion-column-has-shadow fusion-flex-column-wrapper-legacy\"><div class=\"fusion-image-element fusion-image-align-center in-legacy-container\" style=\"text-align:center;--awb-caption-title-font-family:var(--h2_typography-font-family);--awb-caption-title-font-weight:var(--h2_typography-font-weight);--awb-caption-title-font-style:var(--h2_typography-font-style);--awb-caption-title-size:var(--h2_typography-font-size);--awb-caption-title-transform:var(--h2_typography-text-transform);--awb-caption-title-line-height:var(--h2_typography-line-height);--awb-caption-title-letter-spacing:var(--h2_typography-letter-spacing);\"><div class=\"imageframe-align-center\"><span class=\" fusion-imageframe imageframe-glow imageframe-1 hover-type-zoomout\" style=\"-webkit-box-shadow: 0 0 3px rgba(0,0,0,0.3);box-shadow: 0 0 3px rgba(0,0,0,0.3);\"><img decoding=\"async\" width=\"1920\" height=\"521\" src=\"https:\/\/www.siliceysalud.es\/wp-content\/uploads\/2019\/10\/iDENTIFICACION2-1.jpg\" alt class=\"img-responsive wp-image-930\" srcset=\"https:\/\/www.siliceysalud.es\/wp-content\/uploads\/2019\/10\/iDENTIFICACION2-1-200x54.jpg 200w, https:\/\/www.siliceysalud.es\/wp-content\/uploads\/2019\/10\/iDENTIFICACION2-1-400x109.jpg 400w, https:\/\/www.siliceysalud.es\/wp-content\/uploads\/2019\/10\/iDENTIFICACION2-1-600x163.jpg 600w, https:\/\/www.siliceysalud.es\/wp-content\/uploads\/2019\/10\/iDENTIFICACION2-1-800x217.jpg 800w, https:\/\/www.siliceysalud.es\/wp-content\/uploads\/2019\/10\/iDENTIFICACION2-1-1200x326.jpg 1200w, https:\/\/www.siliceysalud.es\/wp-content\/uploads\/2019\/10\/iDENTIFICACION2-1.jpg 1920w\" sizes=\"(max-width: 800px) 100vw, 1200px\" \/><\/span><\/div><\/div><div class=\"fusion-clearfix\"><\/div><\/div><\/div><\/div><\/div><div class=\"fusion-fullwidth fullwidth-box fusion-builder-row-2 nonhundred-percent-fullwidth non-hundred-percent-height-scrolling\" style=\"--awb-border-radius-top-left:0px;--awb-border-radius-top-right:0px;--awb-border-radius-bottom-right:0px;--awb-border-radius-bottom-left:0px;--awb-flex-wrap:wrap;\" ><div class=\"fusion-builder-row fusion-row\"><div class=\"fusion-layout-column fusion_builder_column fusion-builder-column-1 fusion_builder_column_1_2 1_2 fusion-one-half fusion-column-first\" style=\"--awb-bg-size:cover;width:50%;width:calc(50% - ( ( 4% ) * 0.5 ) );margin-right: 4%;\"><div class=\"fusion-column-wrapper fusion-column-has-shadow fusion-flex-column-wrapper-legacy\"><div class=\"fusion-text fusion-text-1\"><p><img decoding=\"async\" class=\"aligncenter wp-image-2226\" src=\"https:\/\/www.siliceysalud.es\/wp-content\/uploads\/2019\/10\/porcentaje.jpg\" alt=\"\" width=\"400\" height=\"584\" srcset=\"https:\/\/www.siliceysalud.es\/wp-content\/uploads\/2019\/10\/porcentaje-200x292.jpg 200w, https:\/\/www.siliceysalud.es\/wp-content\/uploads\/2019\/10\/porcentaje-205x300.jpg 205w, https:\/\/www.siliceysalud.es\/wp-content\/uploads\/2019\/10\/porcentaje-400x584.jpg 400w, https:\/\/www.siliceysalud.es\/wp-content\/uploads\/2019\/10\/porcentaje-600x876.jpg 600w, https:\/\/www.siliceysalud.es\/wp-content\/uploads\/2019\/10\/porcentaje.jpg 602w\" sizes=\"(max-width: 400px) 100vw, 400px\" \/><\/p>\n<p style=\"text-align: center;\"><span style=\"font-family: helvetica, arial, sans-serif;\">Fuente: HSE &#8211; INSST, 2010<\/span><\/p>\n<\/div><div class=\"fusion-clearfix\"><\/div><\/div><\/div><div class=\"fusion-layout-column fusion_builder_column fusion-builder-column-2 fusion_builder_column_1_2 1_2 fusion-one-half fusion-column-last\" style=\"--awb-bg-size:cover;width:50%;width:calc(50% - ( ( 4% ) * 0.5 ) );\"><div class=\"fusion-column-wrapper fusion-column-has-shadow fusion-flex-column-wrapper-legacy\"><div class=\"fusion-text fusion-text-2\"><p style=\"text-align: justify;\"><span style=\"font-family: helvetica, arial, sans-serif; font-size: 14pt;\">La exposici\u00f3n laboral a la s\u00edlice cristalina se encuentra en varias industrias, entre las que se encuentra el sector de los \u00e1ridos, cementos, hormigones, ladrillos y tejas, cer\u00e1mica, rocas ornamentales y cuarzos compactos, sin olvidar la construcci\u00f3n y la obra civil.<br \/>\n<\/span><\/p>\n<p style=\"text-align: justify;\"><span style=\"font-family: helvetica, arial, sans-serif; font-size: 14pt;\">Junto a este p\u00e1rrafo se muestra una tabla en la que se relaciona la concentraci\u00f3n de s\u00edlice libre cristalina en distintos materiales (estos valores pueden variar) propios del sector en el que la s\u00edlice puede estar presente. Entidades como el <a href=\"http:\/\/www.ins.es\/es\/web\/guest\/inicio\">INS<\/a>, en su <a href=\"http:\/\/www.ins.es\/documents\/10307\/23061\/Guia%20Tecnica%20INS.pdf\">Gu\u00eda<\/a> del 2015 para el control del riesgo por exposici\u00f3n a SCR para empresas sujetas al RGNBSM, apuntan porcentajes m\u00e1s elevados.<br \/>\n<\/span><\/p>\n<p style=\"text-align: justify;\"><span style=\"font-family: helvetica, arial, sans-serif; font-size: 14pt;\">En la industria extractiva los lugares de trabajo donde se puede dar la exposici\u00f3n a polvo de s\u00edlice puede ser muy amplia, desde las explotaciones a cielo abierto, explotaciones subterr\u00e1neas, plantas de tratamiento, hasta en centros log\u00edsticas, talleres, oficinas, zonas de acopio de materiales, bascula, entre otros.<\/span><\/p>\n<\/div><div class=\"fusion-clearfix\"><\/div><\/div><\/div><\/div><\/div><div class=\"fusion-fullwidth fullwidth-box fusion-builder-row-3 nonhundred-percent-fullwidth non-hundred-percent-height-scrolling\" style=\"--awb-border-radius-top-left:0px;--awb-border-radius-top-right:0px;--awb-border-radius-bottom-right:0px;--awb-border-radius-bottom-left:0px;--awb-flex-wrap:wrap;\" ><div class=\"fusion-builder-row fusion-row\"><div class=\"fusion-layout-column fusion_builder_column fusion-builder-column-3 fusion_builder_column_1_1 1_1 fusion-one-full fusion-column-first fusion-column-last\" style=\"--awb-bg-size:cover;\"><div class=\"fusion-column-wrapper fusion-column-has-shadow fusion-flex-column-wrapper-legacy\"><div class=\"fusion-text fusion-text-3\"><p><span style=\"font-family: helvetica, arial, sans-serif; font-size: 14pt;\">Es importante a\u00f1adir que en funci\u00f3n del puesto de trabajo, el riesgo de exposici\u00f3n a polvo de s\u00edlice puede ser mayor o menor y que siempre se deber\u00e1 de cuantificar la cantidad de polvo y s\u00edlice &#8211; fracci\u00f3n respirable &#8211; que haya en el puesto de trabajo.<\/span><\/p>\n<p style=\"text-align: justify;\"><span style=\"font-family: helvetica, arial, sans-serif; font-size: 14pt;\">La Gu\u00eda T\u00e9cnica para la evaluaci\u00f3n y prevenci\u00f3n de los riesgos relacionados con la expo<\/span><span style=\"font-family: helvetica, arial, sans-serif; font-size: 14pt;\">sici\u00f3n a agentes cancer\u00edgenos o mut\u00e1genos durante el trabajo (INSST), establece como <\/span><span style=\"font-family: helvetica, arial, sans-serif; font-size: 14pt;\">punto de partida, la identificaci\u00f3n de la existencia de un riesgo potencial derivado de la <\/span><span style=\"font-family: helvetica, arial, sans-serif; font-size: 14pt;\">exposici\u00f3n a polvo de SCR.<\/span><\/p>\n<p style=\"text-align: justify;\"><span style=\"font-family: helvetica, arial, sans-serif; font-size: 14pt;\">Esta identificaci\u00f3n se debe realizar recabando toda la informaci\u00f3n disponible, tanto de los <\/span><span style=\"font-family: helvetica, arial, sans-serif; font-size: 14pt;\">materiales empleados, como de los puestos de trabajo que sean susceptibles de poner en <\/span><span style=\"font-family: helvetica, arial, sans-serif; font-size: 14pt;\">suspensi\u00f3n polvo de SCR que pueda ser inhalado por el personal. Por tanto, se debe:<\/span><\/p>\n<ul>\n<li style=\"text-align: justify;\"><span style=\"font-family: helvetica, arial, sans-serif; font-size: 14pt;\">Analizar de la muestra a granel la composici\u00f3n (contenido en s\u00edlice cristalina) de las <\/span><span style=\"font-family: helvetica, arial, sans-serif; font-size: 14pt;\">distintas materias primas por medio de an\u00e1lisis de laboratorio.<\/span><\/li>\n<li style=\"text-align: justify;\"><span style=\"font-family: helvetica, arial, sans-serif; font-size: 14pt;\">Estudiar las tareas propias de cada uno de los puestos de trabajo que sean suscep<\/span><span style=\"font-family: helvetica, arial, sans-serif; font-size: 14pt;\"><span style=\"font-family: helvetica, arial, sans-serif; font-size: 14pt;\">tibles de poner en suspensi\u00f3n polvo de SCR que pueda ser inhalado por el personal.<\/span><\/span><\/li>\n<\/ul>\n<p style=\"text-align: justify;\"><span style=\"font-family: helvetica, arial, sans-serif; font-size: 14pt;\">Por otra parte, la exposici\u00f3n de motivos del Real Decreto 1154\/2020, que modifica el Real <\/span><span style=\"font-family: helvetica, arial, sans-serif; font-size: 14pt;\">Decreto 665\/1997, establece la posibilidad de confirmar que la presencia de SCR se pro<\/span><span style=\"font-family: helvetica, arial, sans-serif; font-size: 14pt;\">duzca debido a la existencia de concentraciones ambientales externas (en ambiente urbano\u00a0<\/span><span style=\"font-family: helvetica, arial, sans-serif; font-size: 14pt;\">o rural) para los puestos de trabajo no involucrados directamente, por lo que este procedi<\/span><span style=\"font-family: helvetica, arial, sans-serif; font-size: 14pt;\">miento se puede utilizar para confirmar, en algunas circunstancias particulares, junto con el <\/span><span style=\"font-family: helvetica, arial, sans-serif; font-size: 14pt;\">resto de las acciones indicadas anteriormente, la consideraci\u00f3n o no de presencia de SCR.<\/span><\/p>\n<p><span style=\"font-family: helvetica, arial, sans-serif; font-size: 14pt;\">En el proceso de identificaci\u00f3n del riesgo se pueden distinguir dos situaciones b\u00e1sicas:<\/span><\/p>\n<p><span style=\"font-family: helvetica, arial, sans-serif; font-size: 14pt;\">1. Puestos de trabajo involucrados directamente: aquellos en los que se realizan ta<\/span><span style=\"font-family: helvetica, arial, sans-serif; font-size: 14pt;\">reas o actividades directamente ligadas con la utilizaci\u00f3n o generaci\u00f3n de los agen<\/span><span style=\"font-family: helvetica, arial, sans-serif; font-size: 14pt;\">tes cancer\u00edgenos o mut\u00e1genos.<\/span><\/p>\n<p style=\"text-align: justify;\"><span style=\"font-family: helvetica, arial, sans-serif; font-size: 14pt;\">2. Puestos de trabajo no involucrados directamente: aquellos en los que no se utilizan, <\/span><span style=\"font-family: helvetica, arial, sans-serif; font-size: 14pt;\">ni se generan agentes cancer\u00edgenos o mut\u00e1genos pero que, por otros motivos, como la <\/span><span style=\"font-family: helvetica, arial, sans-serif; font-size: 14pt;\">proximidad, la forma de utilizaci\u00f3n o generaci\u00f3n, las caracter\u00edsticas fisicoqu\u00edmicas de los agentes cancer\u00edgenos o mut\u00e1genos, las condiciones en las que se realiza el trabajo, etc., pueda ser posible una exposici\u00f3n al mismo.<\/span><\/p>\n<p><span style=\"font-family: helvetica, arial, sans-serif; font-size: 14pt;\">El documento de <a href=\"https:\/\/drive.google.com\/file\/d\/1z-XbDtUVNSh_M1t0xnw610r_AmugdTay\/view\">Orientaciones<\/a> t\u00e9cnicas para las industrias extractivas, en su apartado 7, y la <a href=\"https:\/\/ins.astursalud.es\/documents\/102310\/0\/Gu\u00eda+T\u00e9cnica+INS-Prevenci\u00f3n+del+riesgo+por+exposici\u00f3n+a+SCR+en+el+\u00e1mbito+laboral.pdf\/7cf1e7f5-255a-a843-fafe-f7cc3dd9d5f9\">Gu\u00eda<\/a> del INS desarrollan este proceso.\u00a0<\/span><\/p>\n<\/div><div class=\"fusion-clearfix\"><\/div><\/div><\/div><\/div><\/div><div class=\"fusion-fullwidth fullwidth-box fusion-builder-row-4 nonhundred-percent-fullwidth non-hundred-percent-height-scrolling\" style=\"--awb-border-radius-top-left:0px;--awb-border-radius-top-right:0px;--awb-border-radius-bottom-right:0px;--awb-border-radius-bottom-left:0px;--awb-flex-wrap:wrap;\" ><div class=\"fusion-builder-row fusion-row\"><div class=\"fusion-layout-column fusion_builder_column fusion-builder-column-4 fusion_builder_column_1_1 1_1 fusion-one-full fusion-column-first fusion-column-last\" style=\"--awb-bg-size:cover;\"><div class=\"fusion-column-wrapper fusion-column-has-shadow fusion-flex-column-wrapper-legacy\"><div class=\"fusion-text fusion-text-4\"><table style=\"border-collapse: collapse; width: 100%;\">\n<tbody>\n<tr>\n<td style=\"width: 2.39808%; text-align: right;\"><span style=\"font-family: helvetica, arial, sans-serif; font-size: 14pt;\"><i class=\"fb-icon-element-1 fb-icon-element fontawesome-icon fa-angle-double-right fas circle-yes fusion-text-flow\" style=\"--awb-circlecolor:#00098b;--awb-circlecolor-hover:#00098b;--awb-circlebordercolor:#6caae4;--awb-circlebordercolor-hover:#6caae4;--awb-circlebordersize:1px;--awb-font-size:17.6px;--awb-width:35.2px;--awb-height:35.2px;--awb-line-height:33.2px;--awb-margin-right:10px;\"><\/i><\/span><\/td>\n<td style=\"width: 97.6019%;\"><a href=\"https:\/\/www.siliceysalud.es\/index.php\/evaluacion-de-riesgos\/medicion\/\"><strong><span style=\"font-family: helvetica, arial, sans-serif; font-size: 14pt;\"><span style=\"font-size: 12pt;\">Sigue leyendo sobre medici\u00f3n<\/span><\/span><\/strong><\/a><\/td>\n<\/tr>\n<\/tbody>\n<\/table>\n<\/div><div class=\"fusion-clearfix\"><\/div><\/div><\/div><\/div><\/div><\/p>\n","protected":false},"excerpt":{"rendered":"","protected":false},"author":1,"featured_media":0,"parent":76,"menu_order":0,"comment_status":"closed","ping_status":"closed","template":"100-width.php","meta":{"_exactmetrics_skip_tracking":false,"_exactmetrics_sitenote_active":false,"_exactmetrics_sitenote_note":"","_exactmetrics_sitenote_category":0,"footnotes":""},"class_list":["post-79","page","type-page","status-publish","hentry"],"_links":{"self":[{"href":"https:\/\/www.siliceysalud.es\/index.php\/wp-json\/wp\/v2\/pages\/79","targetHints":{"allow":["GET"]}}],"collection":[{"href":"https:\/\/www.siliceysalud.es\/index.php\/wp-json\/wp\/v2\/pages"}],"about":[{"href":"https:\/\/www.siliceysalud.es\/index.php\/wp-json\/wp\/v2\/types\/page"}],"author":[{"embeddable":true,"href":"https:\/\/www.siliceysalud.es\/index.php\/wp-json\/wp\/v2\/users\/1"}],"replies":[{"embeddable":true,"href":"https:\/\/www.siliceysalud.es\/index.php\/wp-json\/wp\/v2\/comments?post=79"}],"version-history":[{"count":49,"href":"https:\/\/www.siliceysalud.es\/index.php\/wp-json\/wp\/v2\/pages\/79\/revisions"}],"predecessor-version":[{"id":3162,"href":"https:\/\/www.siliceysalud.es\/index.php\/wp-json\/wp\/v2\/pages\/79\/revisions\/3162"}],"up":[{"embeddable":true,"href":"https:\/\/www.siliceysalud.es\/index.php\/wp-json\/wp\/v2\/pages\/76"}],"wp:attachment":[{"href":"https:\/\/www.siliceysalud.es\/index.php\/wp-json\/wp\/v2\/media?parent=79"}],"curies":[{"name":"wp","href":"https:\/\/api.w.org\/{rel}","templated":true}]}}