{"id":98,"date":"2019-09-11T13:09:37","date_gmt":"2019-09-11T11:09:37","guid":{"rendered":"https:\/\/www.siliceysalud.es\/?page_id=98"},"modified":"2023-10-20T11:22:56","modified_gmt":"2023-10-20T09:22:56","slug":"estrategia-de-muestreo","status":"publish","type":"page","link":"https:\/\/www.siliceysalud.es\/index.php\/evaluacion-de-riesgos\/medicion\/estrategia-de-muestreo\/","title":{"rendered":"Estrategia de muestreo"},"content":{"rendered":"<p><div class=\"fusion-fullwidth fullwidth-box fusion-builder-row-1 nonhundred-percent-fullwidth non-hundred-percent-height-scrolling\" style=\"--awb-border-radius-top-left:0px;--awb-border-radius-top-right:0px;--awb-border-radius-bottom-right:0px;--awb-border-radius-bottom-left:0px;--awb-flex-wrap:wrap;\" ><div class=\"fusion-builder-row fusion-row\"><div class=\"fusion-layout-column fusion_builder_column fusion-builder-column-0 fusion_builder_column_1_1 1_1 fusion-one-full fusion-column-first fusion-column-last\" style=\"--awb-bg-size:cover;--awb-margin-bottom:0px;\"><div class=\"fusion-column-wrapper fusion-flex-column-wrapper-legacy\"><div class=\"fusion-text fusion-text-1\"><p style=\"text-align: justify;\"><span style=\"font-family: helvetica, arial, sans-serif; font-size: 14pt;\">El objetivo de toda estrategia de muestreo es obtener unos resultados que permitan obtener de manera lo m\u00e1s fiel posible las concentraciones, en este caso de polvo y s\u00edlice, a las cuales est\u00e1n expuestos los trabajadores d\u00eda tras d\u00eda.<\/span><\/p>\n<p style=\"text-align: justify;\"><span style=\"font-family: helvetica, arial, sans-serif; font-size: 14pt;\">Para conseguir un muestreo representativo, se deber\u00e1 de considerar una estrategia que tenga en cuenta los siguientes factores:<\/span><\/p>\n<ul style=\"text-align: justify;\">\n<li><span style=\"font-family: helvetica, arial, sans-serif; font-size: 14pt;\">La variaci\u00f3n de las concentraciones ambientales puede ser muy grande en peque\u00f1os periodos de tiempo.<\/span><\/li>\n<li><span style=\"font-family: helvetica, arial, sans-serif; font-size: 14pt;\">Los trabajadores pueden variar frecuentemente de posici\u00f3n y, en ocasiones, de actividad.<\/span><\/li>\n<li><span style=\"font-family: helvetica, arial, sans-serif; font-size: 14pt;\">Las condiciones de trabajo, y con ellas las condiciones ambientales, var\u00edan a lo largo del d\u00eda y evidentemente con mayor intensidad en diferentes d\u00edas.<\/span><\/li>\n<li><span style=\"font-family: helvetica, arial, sans-serif; font-size: 14pt;\">La relaci\u00f3n volumen de aire muestreado respecto al volumen de aire que rodea al trabajador es muy peque\u00f1a.<\/span><\/li>\n<li><span style=\"font-family: helvetica, arial, sans-serif; font-size: 14pt;\">El tiempo de muestreo es forzosamente limitado.<\/span><\/li>\n<li><span style=\"font-family: helvetica, arial, sans-serif; font-size: 14pt;\">Los aparatos y m\u00e9todos de medici\u00f3n, toma de muestras y an\u00e1lisis introducen errores aleatorios inevitables en muchos casos.<\/span><\/li>\n<\/ul>\n<p style=\"text-align: justify;\"><span style=\"font-family: helvetica, arial, sans-serif; font-size: 14pt;\">Las muestras de polvo deber\u00e1n ser representativas del riesgo a que est\u00e1n expuestos, habitualmente, los trabajadores.<\/span><\/p>\n<p><span style=\"font-family: helvetica, arial, sans-serif; font-size: 14pt;\">La estrategia y realizaci\u00f3n de las mediciones deber\u00e1 ser llevada a cabo por personal competente de acuerdo a lo previsto en el Cap\u00edtulo VI del <a href=\"https:\/\/www.boe.es\/eli\/es\/rd\/1997\/01\/17\/39\/con\" target=\"_blank\" rel=\"noopener\">Real Decreto 39\/1997<\/a>, de 17 de enero. Seg\u00fan su art\u00edculo 5.3, cuando la normativa no indique o concrete los m\u00e9todos que deben emplearse (por ejemplo la actual ITC s\u00ed lo indica), o cuando los criterios de evaluaci\u00f3n contemplados en dicha normativa deban ser interpretados o precisados a la luz de otros criterios de car\u00e1cter t\u00e9cnico, se podr\u00e1n utilizar, si existen, los m\u00e9todos o criterios recogidos en:<\/span><\/p>\n<p style=\"padding-left: 40px;\"><span style=\"font-family: helvetica, arial, sans-serif; font-size: 14pt;\">a) <a href=\"https:\/\/www.aenor.com\/normas-y-libros\/buscador-de-normas\/une?c=N0061517\" target=\"_blank\" rel=\"noopener\">Normas UNE<\/a>.<\/span><\/p>\n<p style=\"padding-left: 40px;\"><span style=\"font-family: helvetica, arial, sans-serif; font-size: 14pt;\">b) <a href=\"https:\/\/www.insst.es\/guias-tecnicas-transversales\" target=\"_blank\" rel=\"noopener\">Gu\u00edas del Instituto Nacional de Seguridad e Higiene en el Trabajo<\/a>, del <a href=\"https:\/\/ins.astursalud.es\/guias-tecnicas-protocolos-y-recomendaciones\" target=\"_blank\" rel=\"noopener\">Instituto Nacional de Silicosis<\/a>\u00a0y <a href=\"https:\/\/www.mscbs.gob.es\/ciudadanos\/saludAmbLaboral\/saludLaboral\/vigiTrabajadores\/protocolos.htm\" target=\"_blank\" rel=\"noopener\">protocolos y gu\u00edas del Ministerio de Sanidad y Consumo<\/a>, as\u00ed como de Instituciones competentes de las Comunidades Aut\u00f3nomas.<\/span><\/p>\n<p style=\"padding-left: 40px;\"><span style=\"font-family: helvetica, arial, sans-serif; font-size: 14pt;\">c) Normas internacionales.<\/span><\/p>\n<p style=\"padding-left: 40px;\"><span style=\"font-family: helvetica, arial, sans-serif; font-size: 14pt;\">d) En ausencia de los anteriores, gu\u00edas de otras entidades de reconocido prestigio en la materia u otros m\u00e9todos o criterios profesionales descritos documentalmente que proporcionen un nivel de confianza equivalente.<\/span><\/p>\n<p><span style=\"font-family: helvetica, arial, sans-serif; font-size: 14pt;\">Para establecer la estrategia de muestreo podremos seguir lo indicado en la <a href=\"https:\/\/www.une.org\/encuentra-tu-norma\/busca-tu-norma\/norma\/?c=norma-une-en-689-2019-ac-2019-n0062148\" target=\"_blank\" rel=\"noopener\">UNE 689<\/a> en los aspectos no especificados por la ITC que sea aplicable.<\/span><\/p>\n<p><span style=\"font-size: 14pt; font-family: helvetica, arial, sans-serif;\">Como no se dispone de recursos ilimitados para evaluar a todos y cada uno de los trabajadores de la empresa, lo primero que debe hacer el evaluador es constituir los GES (Grupos de Exposici\u00f3n Similar).<\/span><\/p>\n<p><span style=\"font-size: 14pt; font-family: helvetica, arial, sans-serif;\">A partir del inventario de tareas, perfiles de exposici\u00f3n de cada tarea, condiciones de trabajo, duraci\u00f3n, frecuencia, experiencia, etc. En este caso, el evaluador determinar\u00e1 aquellos trabajadores que conforman un GES. En caso de que un puesto est\u00e9 conformado por un \u00fanico trabajador, \u00e9ste conformar\u00e1 su propio GES.<\/span><\/p>\n<p><span style=\"font-size: 14pt; font-family: helvetica, arial, sans-serif;\">La medici\u00f3n personal deber\u00e1 ajustarse a lo dispuesto en las normas de referencia EN 482, 481, etc., as\u00ed como utilizarse equipos de muestreo calibrados que deber\u00e1n incorporarse al trabajador donde la unidad de captaci\u00f3n se ubicar\u00e1 cerca de la zona de respiraci\u00f3n.<\/span><\/p>\n<p><span style=\"font-size: 14pt; font-family: helvetica, arial, sans-serif;\">Es de vital importancia informar a los trabajadores muestreados del objetivo de la medici\u00f3n y recomendaciones especiales de comportamiento durante el tiempo de muestreo.<\/span><\/p>\n<p><span style=\"font-size: 14pt; font-family: helvetica, arial, sans-serif;\">Los trabajadores elegidos de cada GES, los tiempos de exposici\u00f3n y los d\u00edas deber\u00e1n ser representativos de la exposici\u00f3n, por lo que podr\u00e1 ser necesario medir en distintos d\u00edas y momentos. Se recomienda medir la jornada completa de exposici\u00f3n a polvo.<\/span><\/p>\n<p><span style=\"font-size: 14pt; font-family: helvetica, arial, sans-serif;\">Adem\u00e1s, nos podemos ayudar en la <a href=\"https:\/\/www.insst.es\/especificas\">Gu\u00eda T\u00e9cnica de Agentes Qu\u00edmicos Presentes en los lugares de Trabajo<\/a> elaborada por el <a href=\"https:\/\/www.insst.es\/\">Instituto Nacional de Seguridad y Salud en el Trabajo<\/a>, con el fin de que la estrategia elegida haga que los resultados sean representativos.<\/span><\/p>\n<p><span style=\"font-size: 14pt; font-family: helvetica, arial, sans-serif;\">En todo caso, la muestra ha de ser suficiente y representativa de la actividad desarrollada durante la totalidad de la jornada de trabajo, conforme a lo dispuesto en las normas\u00a0<a href=\"https:\/\/www.une.org\/encuentra-tu-norma\/busca-tu-norma\/norma\/?c=norma-une-en-689-2019-ac-2019-n0062148\">UNE EN 689<\/a>\u00a0\u00abExposici\u00f3n en el lugar de trabajo. Medici\u00f3n de la exposici\u00f3n por inhalaci\u00f3n de agentes qu\u00edmicos. Estrategia para verificar la conformidad con los valores l\u00edmite de exposici\u00f3n profesional\u00bb y\u00a0<a href=\"https:\/\/www.une.org\/encuentra-tu-norma\/busca-tu-norma\/norma?c=N0066630\">UNE EN 482<\/a>\u00a0\u00abExposici\u00f3n en el lugar de trabajo. Requisitos generales relativos al funcionamiento de los procedimientos de medida de los agentes qu\u00edmicos\u00bb.<\/span><\/p>\n<\/div><div class=\"fusion-clearfix\"><\/div><\/div><\/div><\/div><\/div><div class=\"fusion-fullwidth fullwidth-box fusion-builder-row-2 nonhundred-percent-fullwidth non-hundred-percent-height-scrolling\" style=\"--awb-border-radius-top-left:0px;--awb-border-radius-top-right:0px;--awb-border-radius-bottom-right:0px;--awb-border-radius-bottom-left:0px;--awb-flex-wrap:wrap;\" ><div class=\"fusion-builder-row fusion-row\"><div class=\"fusion-layout-column fusion_builder_column fusion-builder-column-1 fusion_builder_column_1_1 1_1 fusion-one-full fusion-column-first fusion-column-last\" style=\"--awb-bg-size:cover;\"><div class=\"fusion-column-wrapper fusion-column-has-shadow fusion-flex-column-wrapper-legacy\"><div class=\"fusion-text fusion-text-2\"><table style=\"border-collapse: collapse; width: 100%;\">\n<tbody>\n<tr>\n<td style=\"width: 2.67977%; text-align: right;\"><span style=\"font-family: helvetica, arial, sans-serif; font-size: 14pt;\"><i class=\"fb-icon-element-1 fb-icon-element fontawesome-icon fa-angle-double-right fas circle-yes fusion-text-flow\" style=\"--awb-circlecolor:#00098b;--awb-circlecolor-hover:#00098b;--awb-circlebordercolor:#6caae4;--awb-circlebordercolor-hover:#6caae4;--awb-circlebordersize:1px;--awb-font-size:17.6px;--awb-width:35.2px;--awb-height:35.2px;--awb-line-height:33.2px;--awb-margin-right:10px;\"><\/i><\/span><\/td>\n<td style=\"width: 97.3202%;\"><span style=\"font-size: 12pt;\"><a href=\"https:\/\/www.siliceysalud.es\/index.php\/evaluacion-de-riesgos\/medicion\/cualificacion-de-tecnico-de-prl\/\"><strong><span style=\"font-family: helvetica, arial, sans-serif;\">Sigue leyendo sobre cualificaci\u00f3n del t\u00e9cnico de PRL<\/span><\/strong><\/a><\/span><\/td>\n<\/tr>\n<\/tbody>\n<\/table>\n<\/div><div class=\"fusion-clearfix\"><\/div><\/div><\/div><\/div><\/div><\/p>\n","protected":false},"excerpt":{"rendered":"","protected":false},"author":1,"featured_media":0,"parent":81,"menu_order":0,"comment_status":"closed","ping_status":"closed","template":"100-width.php","meta":{"_exactmetrics_skip_tracking":false,"_exactmetrics_sitenote_active":false,"_exactmetrics_sitenote_note":"","_exactmetrics_sitenote_category":0,"footnotes":""},"class_list":["post-98","page","type-page","status-publish","hentry"],"_links":{"self":[{"href":"https:\/\/www.siliceysalud.es\/index.php\/wp-json\/wp\/v2\/pages\/98","targetHints":{"allow":["GET"]}}],"collection":[{"href":"https:\/\/www.siliceysalud.es\/index.php\/wp-json\/wp\/v2\/pages"}],"about":[{"href":"https:\/\/www.siliceysalud.es\/index.php\/wp-json\/wp\/v2\/types\/page"}],"author":[{"embeddable":true,"href":"https:\/\/www.siliceysalud.es\/index.php\/wp-json\/wp\/v2\/users\/1"}],"replies":[{"embeddable":true,"href":"https:\/\/www.siliceysalud.es\/index.php\/wp-json\/wp\/v2\/comments?post=98"}],"version-history":[{"count":25,"href":"https:\/\/www.siliceysalud.es\/index.php\/wp-json\/wp\/v2\/pages\/98\/revisions"}],"predecessor-version":[{"id":3164,"href":"https:\/\/www.siliceysalud.es\/index.php\/wp-json\/wp\/v2\/pages\/98\/revisions\/3164"}],"up":[{"embeddable":true,"href":"https:\/\/www.siliceysalud.es\/index.php\/wp-json\/wp\/v2\/pages\/81"}],"wp:attachment":[{"href":"https:\/\/www.siliceysalud.es\/index.php\/wp-json\/wp\/v2\/media?parent=98"}],"curies":[{"name":"wp","href":"https:\/\/api.w.org\/{rel}","templated":true}]}}